{"id":112,"date":"2014-10-17T14:07:23","date_gmt":"2014-10-17T12:07:23","guid":{"rendered":"https:\/\/microsensor.hu\/?page_id=112"},"modified":"2026-03-17T10:47:20","modified_gmt":"2026-03-17T09:47:20","slug":"nyomaskontrollerek","status":"publish","type":"page","link":"https:\/\/microsensor.hu\/termekek\/druck\/nyomaskontrollerek\/","title":{"rendered":"Nyom\u00e1skontrollerek"},"content":{"rendered":"<p>[et_pb_section fb_built=&#8221;1&#8243; _builder_version=&#8221;4.17.3&#8243; custom_padding=&#8221;0px||||false|false&#8221; global_colors_info=&#8221;{}&#8221; theme_builder_area=&#8221;post_content&#8221;][et_pb_row _builder_version=&#8221;4.17.3&#8243; background_size=&#8221;initial&#8221; background_position=&#8221;top_left&#8221; background_repeat=&#8221;repeat&#8221; width=&#8221;95%&#8221; global_colors_info=&#8221;{}&#8221; theme_builder_area=&#8221;post_content&#8221;][et_pb_column type=&#8221;4_4&#8243; _builder_version=&#8221;4.16&#8243; custom_padding=&#8221;|||&#8221; global_colors_info=&#8221;{}&#8221; custom_padding__hover=&#8221;|||&#8221; theme_builder_area=&#8221;post_content&#8221;][et_pb_text _builder_version=&#8221;4.27.5&#8243; background_size=&#8221;initial&#8221; background_position=&#8221;top_left&#8221; background_repeat=&#8221;repeat&#8221; global_colors_info=&#8221;{}&#8221; theme_builder_area=&#8221;post_content&#8221;]<\/p>\n<p><span style=\"text-align: justify;\">A nyom\u00e1skontrollerek elektronikus laborat\u00f3riumi m\u0171szerek; seg\u00edts\u00e9g\u00fckkel az adott nyom\u00e1shat\u00e1rokon bel\u00fcl tetsz\u0151leges nyom\u00e1sokat gener\u00e1lhatunk. A nyom\u00e1skontroller a tasztat\u00far\u00e1j\u00e1n kiv\u00e1lasztott nyom\u00e1s\u00e9rt\u00e9ket automatikusan \u00e1ll\u00edtja el\u0151; ehhez tiszta nitrog\u00e9nt vagy leveg\u0151t haszn\u00e1l fel. A nyom\u00e1s\u00e9rt\u00e9k be\u00e1ll\u00e1s\u00e1nak gradiense szab\u00e1lyozhat\u00f3. A nyom\u00e1skontroller pontoss\u00e1ga el\u00e9ri a 0,005% F.S-t. A nyom\u00e1skontrollerrel nyom\u00e1st\u00e1vad\u00f3k, nyom\u00e1s\u00e9rz\u00e9kel\u0151k ellen\u0151rizhet\u0151k, kalibr\u00e1lhat\u00f3k. Lehet\u0151s\u00e9g van a c\u00e9lnyom\u00e1s tetsz\u0151leges t\u00f6rtr\u00e9szeinek automatikus be\u00e1ll\u00edt\u00e1s\u00e1ra is, teh\u00e1t a nyom\u00e1skontroller a m\u00e9rend\u0151 eszk\u00f6z m\u00e9r\u00e9shat\u00e1r\u00e1n bel\u00fcl tetsz\u0151leges pontokban kalibr\u00e1ci\u00f3s vizsg\u00e1latsorozatot tesz lehet\u0151v\u00e9. Pontoss\u00e1ga folyt\u00e1n szekunder nyom\u00e1setalonnak tekinthet\u0151. A nyom\u00e1skontrollerhez tetsz\u0151leges sz\u00e1m\u00fa, k\u00fcl\u00f6nf\u00e9le m\u00e9r\u00e9shat\u00e1r\u00fa nyom\u00e1smodul v\u00e1laszthat\u00f3, k\u00f6z\u00fcl\u00fck egyszerre k\u00e9t darab helyezhet\u0151 a kontrollerbe. Rekalibr\u00e1l\u00e1skor elegend\u0151 a lej\u00e1rt kalibr\u00e1ci\u00f3j\u00fa nyom\u00e1smodul \u00fajrakalibr\u00e1l\u00e1sa, maga a m\u0171szer a t\u00f6bbi nyom\u00e1smodullal ek\u00f6zben tov\u00e1bbra is haszn\u00e1lhat\u00f3. \u00daj nyom\u00e1smodul v\u00e1s\u00e1rl\u00e1sa eset\u00e9n a modul \u00f6sszekalibr\u00e1l\u00e1sa a kontrollerrel sz\u00fcks\u00e9gtelen, a m\u0171szer a modult automatikusan felismeri.<\/span><\/p>\n<p>A nyom\u00e1skijelz\u0151k (nyom\u00e1sindik\u00e1torok) a vizsg\u00e1lt k\u00f6zeg (folyad\u00e9k vagy g\u00e1z) nyom\u00e1s\u00e1t m\u00e9rik \u00e9s kijelzik tetsz\u0151leges nyom\u00e1segys\u00e9gben. A pontoss\u00e1g itt is el\u00e9rheti a 0,005% F.S-t.<\/p>\n<p><a href=\"https:\/\/bakerhughes.articulatecast.com\/articulate\/667abb5c6e894e34e3c2aa7b#_ElGi5aSSM6_Y_2jOtz6NiH_lTei6U3\" title=\"PACE csal\u00e1d \u00f6sszefoglal\u00f3\">PACE csal\u00e1d \u00f6sszefoglal\u00f3<\/a><\/p>\n<p>[\/et_pb_text][\/et_pb_column][\/et_pb_row][et_pb_row column_structure=&#8221;1_4,3_4&#8243; _builder_version=&#8221;4.17.3&#8243; _module_preset=&#8221;default&#8221; width=&#8221;95%&#8221; custom_margin=&#8221;10px||||false|false&#8221; border_width_all=&#8221;1px&#8221; border_color_all=&#8221;rgba(0,0,0,0.29)&#8221; global_colors_info=&#8221;{}&#8221; theme_builder_area=&#8221;post_content&#8221;][et_pb_column type=&#8221;1_4&#8243; _builder_version=&#8221;4.17.3&#8243; _module_preset=&#8221;default&#8221; global_colors_info=&#8221;{}&#8221; theme_builder_area=&#8221;post_content&#8221;][et_pb_image src=&#8221;https:\/\/microsensor.hu\/wp-content\/uploads\/2026\/02\/pace1000.jpg&#8221; title_text=&#8221;pace1000&#8243; _builder_version=&#8221;4.27.5&#8243; _module_preset=&#8221;default&#8221; global_colors_info=&#8221;{}&#8221; theme_builder_area=&#8221;post_content&#8221;][\/et_pb_image][\/et_pb_column][et_pb_column type=&#8221;3_4&#8243; _builder_version=&#8221;4.17.3&#8243; _module_preset=&#8221;default&#8221; global_colors_info=&#8221;{}&#8221; theme_builder_area=&#8221;post_content&#8221;][et_pb_text _builder_version=&#8221;4.27.5&#8243; _module_preset=&#8221;default&#8221; global_colors_info=&#8221;{}&#8221; theme_builder_area=&#8221;post_content&#8221;]<\/p>\n<h2><a href=\"https:\/\/dam.bakerhughes.com\/m\/7f4ccfe0acc081d4\/original\/Druck-PACE1000-Datasheet-EN.pdf\">PACE 1000 Prec\u00edzi\u00f3s nyom\u00e1sindik\u00e1tor<\/a><\/h2>\n<p>G\u00e1zok \u00e9s folyad\u00e9kok relat\u00edv \u00e9s abszol\u00fat nyom\u00e1s\u00e1nak m\u00e9r\u00e9s\u00e9re alkalmas laborat\u00f3riumi k\u00e9sz\u00fcl\u00e9k ak\u00e1r t\u00f6bb csatorn\u00e1val. El\u00e9rhet\u0151 pontoss\u00e1g: 0,0010\u20260,0015% k\u00f6z\u00f6tt. M\u00e9rhet\u0151 nyom\u00e1startom\u00e1ny: 1000 bar-ig. Alkalmas sziv\u00e1rg\u00e1s m\u00e9r\u00e9s\u00e9re is.<\/p>\n<p>[\/et_pb_text][\/et_pb_column][\/et_pb_row][et_pb_row column_structure=&#8221;1_4,3_4&#8243; _builder_version=&#8221;4.17.3&#8243; _module_preset=&#8221;default&#8221; width=&#8221;95%&#8221; custom_margin=&#8221;10px||||false|false&#8221; border_width_all=&#8221;1px&#8221; border_color_all=&#8221;rgba(0,0,0,0.29)&#8221; global_colors_info=&#8221;{}&#8221; theme_builder_area=&#8221;post_content&#8221;][et_pb_column type=&#8221;1_4&#8243; _builder_version=&#8221;4.17.3&#8243; _module_preset=&#8221;default&#8221; global_colors_info=&#8221;{}&#8221; theme_builder_area=&#8221;post_content&#8221;][et_pb_image src=&#8221;https:\/\/microsensor.hu\/wp-content\/uploads\/2026\/02\/pace5000.jpg&#8221; title_text=&#8221;pace5000&#8243; _builder_version=&#8221;4.27.5&#8243; _module_preset=&#8221;default&#8221; global_colors_info=&#8221;{}&#8221; theme_builder_area=&#8221;post_content&#8221;][\/et_pb_image][\/et_pb_column][et_pb_column type=&#8221;3_4&#8243; _builder_version=&#8221;4.17.3&#8243; _module_preset=&#8221;default&#8221; global_colors_info=&#8221;{}&#8221; theme_builder_area=&#8221;post_content&#8221;][et_pb_text _builder_version=&#8221;4.27.5&#8243; _module_preset=&#8221;default&#8221; global_colors_info=&#8221;{}&#8221; theme_builder_area=&#8221;post_content&#8221;]<\/p>\n<h2><a href=\"https:\/\/dam.bakerhughes.com\/m\/ba02007558fa550\/original\/Druck-PACE5000-E-6000-E-Datasheet-EN.pdf\">PACE 5000E\/6000E Modul\u00e1ris nyom\u00e1skontrollerek<\/a><\/h2>\n<p>Eleg\u00e1ns \u00e9s gazdas\u00e1gos megold\u00e1st k\u00edn\u00e1l nyom\u00e1sok automatikus \u00a0 gener\u00e1l\u00e1s\u00e1ra, szab\u00e1lyoz\u00e1s\u00e1ra a gy\u00e1rt\u00e1s, a vizsg\u00e1latok \u00e9s a kalibr\u00e1l\u00e1s ter\u00fclet\u00e9n. Vez\u00e9rl\u00e9s\u00fck teljesen digit\u00e1lis, nagystabilit\u00e1s\u00fa \u00e9s gyors. \u00c9rz\u00e9kel\u0151 elem\u00fck a leg\u00fajabb gener\u00e1ci\u00f3j\u00fa \u00a0 piezoreziszt\u00edv szilicium nyom\u00e1sszenzor digit\u00e1lis kimenettel, ami nagy \u00a0 stabilit\u00e1st, nagy s\u00e1vsz\u00e9less\u00e9get \u00e9s nagy pontoss\u00e1got eredm\u00e9nyez.<\/p>\n<p>[\/et_pb_text][\/et_pb_column][\/et_pb_row][et_pb_row column_structure=&#8221;1_4,3_4&#8243; _builder_version=&#8221;4.17.3&#8243; _module_preset=&#8221;default&#8221; width=&#8221;95%&#8221; custom_margin=&#8221;10px||||false|false&#8221; border_width_all=&#8221;1px&#8221; border_color_all=&#8221;rgba(0,0,0,0.29)&#8221; global_colors_info=&#8221;{}&#8221; theme_builder_area=&#8221;post_content&#8221;][et_pb_column type=&#8221;1_4&#8243; _builder_version=&#8221;4.17.3&#8243; _module_preset=&#8221;default&#8221; global_colors_info=&#8221;{}&#8221; theme_builder_area=&#8221;post_content&#8221;][et_pb_image src=&#8221;https:\/\/microsensor.hu\/wp-content\/uploads\/2026\/02\/pace_tallis.jpg&#8221; title_text=&#8221;pace_tallis&#8221; _builder_version=&#8221;4.27.5&#8243; _module_preset=&#8221;default&#8221; global_colors_info=&#8221;{}&#8221; theme_builder_area=&#8221;post_content&#8221;][\/et_pb_image][\/et_pb_column][et_pb_column type=&#8221;3_4&#8243; _builder_version=&#8221;4.17.3&#8243; _module_preset=&#8221;default&#8221; global_colors_info=&#8221;{}&#8221; theme_builder_area=&#8221;post_content&#8221;][et_pb_text _builder_version=&#8221;4.27.5&#8243; _module_preset=&#8221;default&#8221; global_colors_info=&#8221;{}&#8221; theme_builder_area=&#8221;post_content&#8221;]<\/p>\n<h2><a href=\"https:\/\/dam.bakerhughes.com\/m\/4e2187777cc437b4\/original\/Druck-PACE-Tallis-Datasheet-EN.pdf\">PACE TALLIS<\/a><\/h2>\n<p>G\u00e1zok \u00e9s folyad\u00e9kok relat\u00edv \u00e9s abszol\u00fat nyom\u00e1s\u00e1nak m\u00e9r\u00e9s\u00e9re 211 bar-ig. Rekordpontoss\u00e1g minden nyom\u00e1son: 0,0010% (10 ppm). Hordozhat\u00f3 kivitel.<\/p>\n<p>[\/et_pb_text][\/et_pb_column][\/et_pb_row][\/et_pb_section]<\/p>\n","protected":false},"excerpt":{"rendered":"<p>A nyom\u00e1skontrollerek elektronikus laborat\u00f3riumi m\u0171szerek; seg\u00edts\u00e9g\u00fckkel az adott nyom\u00e1shat\u00e1rokon bel\u00fcl tetsz\u0151leges nyom\u00e1sokat gener\u00e1lhatunk. A nyom\u00e1skontroller a tasztat\u00far\u00e1j\u00e1n kiv\u00e1lasztott nyom\u00e1s\u00e9rt\u00e9ket automatikusan \u00e1ll\u00edtja el\u0151; ehhez tiszta nitrog\u00e9nt vagy leveg\u0151t haszn\u00e1l fel. A nyom\u00e1s\u00e9rt\u00e9k be\u00e1ll\u00e1s\u00e1nak gradiense szab\u00e1lyozhat\u00f3. A nyom\u00e1skontroller pontoss\u00e1ga el\u00e9ri a 0,005% F.S-t. A nyom\u00e1skontrollerrel nyom\u00e1st\u00e1vad\u00f3k, nyom\u00e1s\u00e9rz\u00e9kel\u0151k ellen\u0151rizhet\u0151k, kalibr\u00e1lhat\u00f3k. Lehet\u0151s\u00e9g van a c\u00e9lnyom\u00e1s tetsz\u0151leges t\u00f6rtr\u00e9szeinek automatikus be\u00e1ll\u00edt\u00e1s\u00e1ra [&hellip;]<\/p>\n","protected":false},"author":1,"featured_media":113,"parent":21,"menu_order":1,"comment_status":"closed","ping_status":"closed","template":"","meta":{"_et_pb_use_builder":"on","_et_pb_old_content":"<p><!--:hu--><img class=\"size-full wp-image-113 aligncenter\" src=\"https:\/\/microsensor.hu\/wp-content\/uploads\/2014\/10\/Nyom\u00e1skontrollerek1.jpg\" alt=\"\" width=\"737\" height=\"250\" \/><\/p><p style=\"text-align: justify;\">A nyom\u00e1skontrollerek elektronikus laborat\u00f3riumi m\u0171szerek; seg\u00edts\u00e9g\u00fckkel az adott nyom\u00e1shat\u00e1rokon bel\u00fcl tetsz\u0151leges nyom\u00e1sokat gener\u00e1lhatunk. A nyom\u00e1skontroller a tasztat\u00far\u00e1j\u00e1n kiv\u00e1lasztott nyom\u00e1s\u00e9rt\u00e9ket automatikusan \u00e1ll\u00edtja el\u0151; ehhez tiszta nitrog\u00e9nt vagy leveg\u0151t haszn\u00e1l fel. A nyom\u00e1s\u00e9rt\u00e9k be\u00e1ll\u00e1s\u00e1nak gradiense szab\u00e1lyozhat\u00f3. A nyom\u00e1skontroller pontoss\u00e1ga el\u00e9ri a 0,005% F.S-t. A nyom\u00e1skontrollerrel nyom\u00e1st\u00e1vad\u00f3k, nyom\u00e1s\u00e9rz\u00e9kel\u0151k ellen\u0151rizhet\u0151k, kalibr\u00e1lhat\u00f3k. Lehet\u0151s\u00e9g van a c\u00e9lnyom\u00e1s tetsz\u0151leges t\u00f6rtr\u00e9szeinek automatikus be\u00e1ll\u00edt\u00e1s\u00e1ra is, teh\u00e1t a nyom\u00e1skontroller a m\u00e9rend\u0151 eszk\u00f6z m\u00e9r\u00e9shat\u00e1r\u00e1n bel\u00fcl tetsz\u0151leges pontokban kalibr\u00e1ci\u00f3s vizsg\u00e1latsorozatot tesz lehet\u0151v\u00e9. Pontoss\u00e1ga folyt\u00e1n szekunder nyom\u00e1setalonnak tekinthet\u0151. A nyom\u00e1skontrollerhez tetsz\u0151leges sz\u00e1m\u00fa, k\u00fcl\u00f6nf\u00e9le m\u00e9r\u00e9shat\u00e1r\u00fa nyom\u00e1smodul v\u00e1laszthat\u00f3, k\u00f6z\u00fcl\u00fck egyszerre k\u00e9t darab helyezhet\u0151 a kontrollerbe. Rekalibr\u00e1l\u00e1skor elegend\u0151 a lej\u00e1rt kalibr\u00e1ci\u00f3j\u00fa nyom\u00e1smodul \u00fajrakalibr\u00e1l\u00e1sa, maga a m\u0171szer a t\u00f6bbi nyom\u00e1smodullal ek\u00f6zben tov\u00e1bbra is haszn\u00e1lhat\u00f3. \u00daj nyom\u00e1smodul v\u00e1s\u00e1rl\u00e1sa eset\u00e9n a modul \u00f6sszekalibr\u00e1l\u00e1sa a kontrollerrel sz\u00fcks\u00e9gtelen, a m\u0171szer a modult automatikusan felismeri.<\/p><p>A nyom\u00e1skijelz\u0151k (nyom\u00e1sindik\u00e1torok) a vizsg\u00e1lt k\u00f6zeg (folyad\u00e9k vagy g\u00e1z) nyom\u00e1s\u00e1t m\u00e9rik \u00e9s kijelzik tetsz\u0151leges nyom\u00e1segys\u00e9gben. A pontoss\u00e1g itt is el\u00e9rheti a 0,005% F.S-t<\/p><div align=\"center\">\u00a0<\/div><h2><a href=\"https:\/\/www.bakerhughes.com\/druck\/test-and-calibration-instrumentation\/pressure-controllers-pace\">PACE \u00a0 modul\u00e1ris nyom\u00e1skontroller-csal\u00e1d<\/a><\/h2><p><img class=\"size-full wp-image-777 alignleft\" src=\"https:\/\/microsensor.hu\/wp-content\/uploads\/2022\/04\/image002.jpg\" alt=\"\" width=\"300\" height=\"250\" \/><\/p><p style=\"text-align: justify;\">Eleg\u00e1ns \u00e9s gazdas\u00e1gos megold\u00e1st k\u00edn\u00e1l nyom\u00e1sok automatikus \u00a0 gener\u00e1l\u00e1s\u00e1ra, szab\u00e1lyoz\u00e1s\u00e1ra a gy\u00e1rt\u00e1s, a vizsg\u00e1latok \u00e9s a kalibr\u00e1l\u00e1s \u00a0 ter\u00fclet\u00e9n. Vez\u00e9rl\u00e9s\u00fck teljesen digit\u00e1lis, nagystabilit\u00e1s\u00fa \u00e9s gyors. \u00c9rz\u00e9kel\u0151 elem\u00fck a leg\u00fajabb gener\u00e1ci\u00f3j\u00fa \u00a0 piezoreziszt\u00edv szilicium nyom\u00e1sszenzor digit\u00e1lis kimenettel, ami nagy \u00a0 stabilit\u00e1st, nagy s\u00e1vsz\u00e9less\u00e9get \u00e9s nagy pontoss\u00e1got eredm\u00e9nyez.<\/p><p>\u00a0<\/p><p>\u00a0<\/p><p>\u00a0<\/p><p>\u00a0<\/p>","_et_gb_content_width":"","footnotes":""},"class_list":["post-112","page","type-page","status-publish","has-post-thumbnail","hentry"],"yoast_head":"<!-- This site is optimized with the Yoast SEO plugin v26.8 - https:\/\/yoast.com\/product\/yoast-seo-wordpress\/ -->\n<title>Nyom\u00e1skontrollerek - Microsensor Kft.<\/title>\n<meta name=\"robots\" content=\"index, follow, max-snippet:-1, max-image-preview:large, max-video-preview:-1\" \/>\n<link rel=\"canonical\" href=\"https:\/\/microsensor.hu\/termekek\/druck\/nyomaskontrollerek\/\" \/>\n<meta property=\"og:locale\" content=\"hu_HU\" \/>\n<meta property=\"og:type\" content=\"article\" \/>\n<meta property=\"og:title\" content=\"Nyom\u00e1skontrollerek - Microsensor Kft.\" \/>\n<meta property=\"og:description\" content=\"A nyom\u00e1skontrollerek elektronikus laborat\u00f3riumi m\u0171szerek; seg\u00edts\u00e9g\u00fckkel az adott nyom\u00e1shat\u00e1rokon bel\u00fcl tetsz\u0151leges nyom\u00e1sokat gener\u00e1lhatunk. A nyom\u00e1skontroller a tasztat\u00far\u00e1j\u00e1n kiv\u00e1lasztott nyom\u00e1s\u00e9rt\u00e9ket automatikusan \u00e1ll\u00edtja el\u0151; ehhez tiszta nitrog\u00e9nt vagy leveg\u0151t haszn\u00e1l fel. A nyom\u00e1s\u00e9rt\u00e9k be\u00e1ll\u00e1s\u00e1nak gradiense szab\u00e1lyozhat\u00f3. A nyom\u00e1skontroller pontoss\u00e1ga el\u00e9ri a 0,005% F.S-t. A nyom\u00e1skontrollerrel nyom\u00e1st\u00e1vad\u00f3k, nyom\u00e1s\u00e9rz\u00e9kel\u0151k ellen\u0151rizhet\u0151k, kalibr\u00e1lhat\u00f3k. Lehet\u0151s\u00e9g van a c\u00e9lnyom\u00e1s tetsz\u0151leges t\u00f6rtr\u00e9szeinek automatikus be\u00e1ll\u00edt\u00e1s\u00e1ra [&hellip;]\" \/>\n<meta property=\"og:url\" content=\"https:\/\/microsensor.hu\/termekek\/druck\/nyomaskontrollerek\/\" \/>\n<meta property=\"og:site_name\" content=\"Microsensor Kft.\" \/>\n<meta property=\"article:modified_time\" content=\"2026-03-17T09:47:20+00:00\" \/>\n<meta property=\"og:image\" content=\"https:\/\/microsensor.hu\/wp-content\/uploads\/2014\/10\/Nyom\u00e1skontrollerek1.jpg\" \/>\n\t<meta property=\"og:image:width\" content=\"737\" \/>\n\t<meta property=\"og:image:height\" content=\"250\" \/>\n\t<meta property=\"og:image:type\" content=\"image\/jpeg\" \/>\n<meta name=\"twitter:card\" content=\"summary_large_image\" \/>\n<meta name=\"twitter:label1\" content=\"Becs\u00fclt olvas\u00e1si id\u0151\" \/>\n\t<meta name=\"twitter:data1\" content=\"2 perc\" \/>\n<script type=\"application\/ld+json\" class=\"yoast-schema-graph\">{\"@context\":\"https:\/\/schema.org\",\"@graph\":[{\"@type\":\"WebPage\",\"@id\":\"https:\/\/microsensor.hu\/termekek\/druck\/nyomaskontrollerek\/\",\"url\":\"https:\/\/microsensor.hu\/termekek\/druck\/nyomaskontrollerek\/\",\"name\":\"Nyom\u00e1skontrollerek - Microsensor Kft.\",\"isPartOf\":{\"@id\":\"https:\/\/microsensor.hu\/#website\"},\"primaryImageOfPage\":{\"@id\":\"https:\/\/microsensor.hu\/termekek\/druck\/nyomaskontrollerek\/#primaryimage\"},\"image\":{\"@id\":\"https:\/\/microsensor.hu\/termekek\/druck\/nyomaskontrollerek\/#primaryimage\"},\"thumbnailUrl\":\"https:\/\/microsensor.hu\/wp-content\/uploads\/2014\/10\/Nyom\u00e1skontrollerek1.jpg\",\"datePublished\":\"2014-10-17T12:07:23+00:00\",\"dateModified\":\"2026-03-17T09:47:20+00:00\",\"breadcrumb\":{\"@id\":\"https:\/\/microsensor.hu\/termekek\/druck\/nyomaskontrollerek\/#breadcrumb\"},\"inLanguage\":\"hu\",\"potentialAction\":[{\"@type\":\"ReadAction\",\"target\":[\"https:\/\/microsensor.hu\/termekek\/druck\/nyomaskontrollerek\/\"]}]},{\"@type\":\"ImageObject\",\"inLanguage\":\"hu\",\"@id\":\"https:\/\/microsensor.hu\/termekek\/druck\/nyomaskontrollerek\/#primaryimage\",\"url\":\"https:\/\/microsensor.hu\/wp-content\/uploads\/2014\/10\/Nyom\u00e1skontrollerek1.jpg\",\"contentUrl\":\"https:\/\/microsensor.hu\/wp-content\/uploads\/2014\/10\/Nyom\u00e1skontrollerek1.jpg\",\"width\":737,\"height\":250},{\"@type\":\"BreadcrumbList\",\"@id\":\"https:\/\/microsensor.hu\/termekek\/druck\/nyomaskontrollerek\/#breadcrumb\",\"itemListElement\":[{\"@type\":\"ListItem\",\"position\":1,\"name\":\"Kezd\u0151lap\",\"item\":\"https:\/\/microsensor.hu\/\"},{\"@type\":\"ListItem\",\"position\":2,\"name\":\"Term\u00e9kek\",\"item\":\"https:\/\/microsensor.hu\/termekek\/\"},{\"@type\":\"ListItem\",\"position\":3,\"name\":\"Druck\",\"item\":\"https:\/\/microsensor.hu\/termekek\/druck\/\"},{\"@type\":\"ListItem\",\"position\":4,\"name\":\"Nyom\u00e1skontrollerek\"}]},{\"@type\":\"WebSite\",\"@id\":\"https:\/\/microsensor.hu\/#website\",\"url\":\"https:\/\/microsensor.hu\/\",\"name\":\"Microsensor Kft.\",\"description\":\"\",\"publisher\":{\"@id\":\"https:\/\/microsensor.hu\/#organization\"},\"potentialAction\":[{\"@type\":\"SearchAction\",\"target\":{\"@type\":\"EntryPoint\",\"urlTemplate\":\"https:\/\/microsensor.hu\/?s={search_term_string}\"},\"query-input\":{\"@type\":\"PropertyValueSpecification\",\"valueRequired\":true,\"valueName\":\"search_term_string\"}}],\"inLanguage\":\"hu\"},{\"@type\":\"Organization\",\"@id\":\"https:\/\/microsensor.hu\/#organization\",\"name\":\"Microsensor Kft.\",\"url\":\"https:\/\/microsensor.hu\/\",\"logo\":{\"@type\":\"ImageObject\",\"inLanguage\":\"hu\",\"@id\":\"https:\/\/microsensor.hu\/#\/schema\/logo\/image\/\",\"url\":\"https:\/\/microsensor.hu\/wp-content\/uploads\/2022\/11\/logo1.png\",\"contentUrl\":\"https:\/\/microsensor.hu\/wp-content\/uploads\/2022\/11\/logo1.png\",\"width\":454,\"height\":454,\"caption\":\"Microsensor Kft.\"},\"image\":{\"@id\":\"https:\/\/microsensor.hu\/#\/schema\/logo\/image\/\"}}]}<\/script>\n<!-- \/ Yoast SEO plugin. -->","yoast_head_json":{"title":"Nyom\u00e1skontrollerek - Microsensor Kft.","robots":{"index":"index","follow":"follow","max-snippet":"max-snippet:-1","max-image-preview":"max-image-preview:large","max-video-preview":"max-video-preview:-1"},"canonical":"https:\/\/microsensor.hu\/termekek\/druck\/nyomaskontrollerek\/","og_locale":"hu_HU","og_type":"article","og_title":"Nyom\u00e1skontrollerek - Microsensor Kft.","og_description":"A nyom\u00e1skontrollerek elektronikus laborat\u00f3riumi m\u0171szerek; seg\u00edts\u00e9g\u00fckkel az adott nyom\u00e1shat\u00e1rokon bel\u00fcl tetsz\u0151leges nyom\u00e1sokat gener\u00e1lhatunk. A nyom\u00e1skontroller a tasztat\u00far\u00e1j\u00e1n kiv\u00e1lasztott nyom\u00e1s\u00e9rt\u00e9ket automatikusan \u00e1ll\u00edtja el\u0151; ehhez tiszta nitrog\u00e9nt vagy leveg\u0151t haszn\u00e1l fel. A nyom\u00e1s\u00e9rt\u00e9k be\u00e1ll\u00e1s\u00e1nak gradiense szab\u00e1lyozhat\u00f3. A nyom\u00e1skontroller pontoss\u00e1ga el\u00e9ri a 0,005% F.S-t. A nyom\u00e1skontrollerrel nyom\u00e1st\u00e1vad\u00f3k, nyom\u00e1s\u00e9rz\u00e9kel\u0151k ellen\u0151rizhet\u0151k, kalibr\u00e1lhat\u00f3k. Lehet\u0151s\u00e9g van a c\u00e9lnyom\u00e1s tetsz\u0151leges t\u00f6rtr\u00e9szeinek automatikus be\u00e1ll\u00edt\u00e1s\u00e1ra [&hellip;]","og_url":"https:\/\/microsensor.hu\/termekek\/druck\/nyomaskontrollerek\/","og_site_name":"Microsensor Kft.","article_modified_time":"2026-03-17T09:47:20+00:00","og_image":[{"width":737,"height":250,"url":"https:\/\/microsensor.hu\/wp-content\/uploads\/2014\/10\/Nyom\u00e1skontrollerek1.jpg","type":"image\/jpeg"}],"twitter_card":"summary_large_image","twitter_misc":{"Becs\u00fclt olvas\u00e1si id\u0151":"2 perc"},"schema":{"@context":"https:\/\/schema.org","@graph":[{"@type":"WebPage","@id":"https:\/\/microsensor.hu\/termekek\/druck\/nyomaskontrollerek\/","url":"https:\/\/microsensor.hu\/termekek\/druck\/nyomaskontrollerek\/","name":"Nyom\u00e1skontrollerek - Microsensor Kft.","isPartOf":{"@id":"https:\/\/microsensor.hu\/#website"},"primaryImageOfPage":{"@id":"https:\/\/microsensor.hu\/termekek\/druck\/nyomaskontrollerek\/#primaryimage"},"image":{"@id":"https:\/\/microsensor.hu\/termekek\/druck\/nyomaskontrollerek\/#primaryimage"},"thumbnailUrl":"https:\/\/microsensor.hu\/wp-content\/uploads\/2014\/10\/Nyom\u00e1skontrollerek1.jpg","datePublished":"2014-10-17T12:07:23+00:00","dateModified":"2026-03-17T09:47:20+00:00","breadcrumb":{"@id":"https:\/\/microsensor.hu\/termekek\/druck\/nyomaskontrollerek\/#breadcrumb"},"inLanguage":"hu","potentialAction":[{"@type":"ReadAction","target":["https:\/\/microsensor.hu\/termekek\/druck\/nyomaskontrollerek\/"]}]},{"@type":"ImageObject","inLanguage":"hu","@id":"https:\/\/microsensor.hu\/termekek\/druck\/nyomaskontrollerek\/#primaryimage","url":"https:\/\/microsensor.hu\/wp-content\/uploads\/2014\/10\/Nyom\u00e1skontrollerek1.jpg","contentUrl":"https:\/\/microsensor.hu\/wp-content\/uploads\/2014\/10\/Nyom\u00e1skontrollerek1.jpg","width":737,"height":250},{"@type":"BreadcrumbList","@id":"https:\/\/microsensor.hu\/termekek\/druck\/nyomaskontrollerek\/#breadcrumb","itemListElement":[{"@type":"ListItem","position":1,"name":"Kezd\u0151lap","item":"https:\/\/microsensor.hu\/"},{"@type":"ListItem","position":2,"name":"Term\u00e9kek","item":"https:\/\/microsensor.hu\/termekek\/"},{"@type":"ListItem","position":3,"name":"Druck","item":"https:\/\/microsensor.hu\/termekek\/druck\/"},{"@type":"ListItem","position":4,"name":"Nyom\u00e1skontrollerek"}]},{"@type":"WebSite","@id":"https:\/\/microsensor.hu\/#website","url":"https:\/\/microsensor.hu\/","name":"Microsensor Kft.","description":"","publisher":{"@id":"https:\/\/microsensor.hu\/#organization"},"potentialAction":[{"@type":"SearchAction","target":{"@type":"EntryPoint","urlTemplate":"https:\/\/microsensor.hu\/?s={search_term_string}"},"query-input":{"@type":"PropertyValueSpecification","valueRequired":true,"valueName":"search_term_string"}}],"inLanguage":"hu"},{"@type":"Organization","@id":"https:\/\/microsensor.hu\/#organization","name":"Microsensor Kft.","url":"https:\/\/microsensor.hu\/","logo":{"@type":"ImageObject","inLanguage":"hu","@id":"https:\/\/microsensor.hu\/#\/schema\/logo\/image\/","url":"https:\/\/microsensor.hu\/wp-content\/uploads\/2022\/11\/logo1.png","contentUrl":"https:\/\/microsensor.hu\/wp-content\/uploads\/2022\/11\/logo1.png","width":454,"height":454,"caption":"Microsensor Kft."},"image":{"@id":"https:\/\/microsensor.hu\/#\/schema\/logo\/image\/"}}]}},"_links":{"self":[{"href":"https:\/\/microsensor.hu\/wp-json\/wp\/v2\/pages\/112","targetHints":{"allow":["GET"]}}],"collection":[{"href":"https:\/\/microsensor.hu\/wp-json\/wp\/v2\/pages"}],"about":[{"href":"https:\/\/microsensor.hu\/wp-json\/wp\/v2\/types\/page"}],"author":[{"embeddable":true,"href":"https:\/\/microsensor.hu\/wp-json\/wp\/v2\/users\/1"}],"replies":[{"embeddable":true,"href":"https:\/\/microsensor.hu\/wp-json\/wp\/v2\/comments?post=112"}],"version-history":[{"count":23,"href":"https:\/\/microsensor.hu\/wp-json\/wp\/v2\/pages\/112\/revisions"}],"predecessor-version":[{"id":1311,"href":"https:\/\/microsensor.hu\/wp-json\/wp\/v2\/pages\/112\/revisions\/1311"}],"up":[{"embeddable":true,"href":"https:\/\/microsensor.hu\/wp-json\/wp\/v2\/pages\/21"}],"wp:featuredmedia":[{"embeddable":true,"href":"https:\/\/microsensor.hu\/wp-json\/wp\/v2\/media\/113"}],"wp:attachment":[{"href":"https:\/\/microsensor.hu\/wp-json\/wp\/v2\/media?parent=112"}],"curies":[{"name":"wp","href":"https:\/\/api.w.org\/{rel}","templated":true}]}}