{"id":122,"date":"2014-10-17T14:09:25","date_gmt":"2014-10-17T12:09:25","guid":{"rendered":"https:\/\/microsensor.hu\/?page_id=122"},"modified":"2026-02-05T10:23:14","modified_gmt":"2026-02-05T09:23:14","slug":"szinttavadok","status":"publish","type":"page","link":"https:\/\/microsensor.hu\/termekek\/druck\/szinttavadok\/","title":{"rendered":"Szintt\u00e1vad\u00f3k"},"content":{"rendered":"<p>[et_pb_section fb_built=&#8221;1&#8243; _builder_version=&#8221;4.17.3&#8243; min_height=&#8221;1887.8px&#8221; custom_padding=&#8221;0px||||false|false&#8221; global_colors_info=&#8221;{}&#8221; theme_builder_area=&#8221;post_content&#8221;][et_pb_row _builder_version=&#8221;4.17.3&#8243; background_size=&#8221;initial&#8221; background_position=&#8221;top_left&#8221; background_repeat=&#8221;repeat&#8221; width=&#8221;95%&#8221; custom_padding=&#8221;0px||||false|false&#8221; global_colors_info=&#8221;{}&#8221; theme_builder_area=&#8221;post_content&#8221;][et_pb_column type=&#8221;4_4&#8243; _builder_version=&#8221;4.16&#8243; custom_padding=&#8221;|||&#8221; global_colors_info=&#8221;{}&#8221; custom_padding__hover=&#8221;|||&#8221; theme_builder_area=&#8221;post_content&#8221;][et_pb_text _builder_version=&#8221;4.17.3&#8243; background_size=&#8221;initial&#8221; background_position=&#8221;top_left&#8221; background_repeat=&#8221;repeat&#8221; global_colors_info=&#8221;{}&#8221; theme_builder_area=&#8221;post_content&#8221;]<\/p>\n<p><img loading=\"lazy\" decoding=\"async\" src=\"https:\/\/microsensor.hu\/wp-content\/uploads\/2022\/05\/Kep7.png\" width=\"201\" height=\"234\" alt=\"\" class=\"wp-image-1128 alignnone size-full\" style=\"float: left;\" \/>A Druck szintt\u00e1vad\u00f3i folyad\u00e9kokba mer\u00edthet\u0151k, \u00e9s a f\u00f6l\u00f6tt\u00fck kialakul\u00f3 hidrosztatikus nyom\u00e1ssal ar\u00e1nyos anal\u00f3g \u00e1ramkimenetet adnak 4-20 mA k\u00f6z\u00f6tt. Ezek a szintt\u00e1vad\u00f3k teh\u00e1t m\u00e9lys\u00e9get m\u00e9rnek a t\u00e1vad\u00f3 elhelyezked\u00e9si szintje \u00e9s a folyad\u00e9kfelsz\u00edn k\u00f6z\u00f6tt. Az alkalmaz\u00e1si ter\u00fclet els\u0151sorban v\u00edz \u00e9s szennyv\u00edz m\u00e9lys\u00e9gm\u00e9r\u00e9se foly\u00f3vizekben, \u00e1ll\u00f3vizekben, tart\u00e1lyokban, kutakban, stb. V\u00e9delmi besorol\u00e1suk ennek megfelel\u0151en IP 68. A szintm\u00e9r\u0151k elektromos csatlakoz\u00f3k\u00e1bel\u00e9nek m\u00e1sik v\u00e9g\u00e9t a v\u00edz felsz\u00edne f\u00f6l\u00e9 kell kivezetni (az IP68 v\u00e9delem csak \u00edgy biztos\u00edthat\u00f3). A k\u00e1bel belsej\u00e9ben l\u00e9gz\u0151vezet\u00e9k tal\u00e1lhat\u00f3, amely a mindenkori barometrikus nyom\u00e1st a szintt\u00e1vad\u00f3ban tal\u00e1lhat\u00f3 m\u00e9r\u0151\u00e9rz\u00e9kel\u0151 referenciaoldal\u00e1ra vezeti, \u00edgy a szintt\u00e1vad\u00f3 a t\u00e9nyleges nett\u00f3 v\u00edzm\u00e9lys\u00e9get m\u00e9ri. Szintt\u00e1vad\u00f3 lehet a UNIK t\u00e1vad\u00f3csal\u00e1d PTX 5032 jel\u0171 alt\u00edpusa, vagy a PTX 1830 t\u00edpus, ez ut\u00f3bbi vill\u00e1mv\u00e9delemmel is ell\u00e1that\u00f3. A Druck szintt\u00e1vad\u00f3j\u00e1ban a Druck nyom\u00e1st\u00e1vad\u00f3ihoz hasonl\u00f3 piezoreziszt\u00edv m\u0171k\u00f6d\u00e9si elv\u0171 szilicium chip tal\u00e1lhat\u00f3. A szintt\u00e1vad\u00f3khoz k\u00fcl\u00f6nf\u00e9le hasznos tartoz\u00e9kok is kaphat\u00f3k, pl. k\u00e1belv\u00e9g-lez\u00e1r\u00f3 doboz (ez megakad\u00e1lyozza, hogy a k\u00e1belbe nedvess\u00e9g jusson, de a barometrikus nyom\u00e1sv\u00e1ltoz\u00e1sokat tov\u00e1bbengedi), k\u00e1belr\u00f6gz\u00edt\u0151 elemek, nehez\u00e9kek. Lehet\u0151s\u00e9g van gy\u00fajt\u00f3szikramentes kivitel kiv\u00e1laszt\u00e1s\u00e1ra is.<\/p>\n<p>[\/et_pb_text][\/et_pb_column][\/et_pb_row][et_pb_row column_structure=&#8221;1_4,3_4&#8243; _builder_version=&#8221;4.17.3&#8243; _module_preset=&#8221;default&#8221; width=&#8221;95%&#8221; custom_margin=&#8221;||||false|false&#8221; custom_padding=&#8221;10px||||false|false&#8221; border_width_all=&#8221;1px&#8221; border_color_all=&#8221;rgba(0,0,0,0.29)&#8221; global_colors_info=&#8221;{}&#8221; theme_builder_area=&#8221;post_content&#8221;][et_pb_column type=&#8221;1_4&#8243; _builder_version=&#8221;4.17.3&#8243; _module_preset=&#8221;default&#8221; global_colors_info=&#8221;{}&#8221; theme_builder_area=&#8221;post_content&#8221;][et_pb_image src=&#8221;https:\/\/microsensor.hu\/wp-content\/uploads\/2022\/04\/image028.jpg&#8221; title_text=&#8221;image028&#8243; _builder_version=&#8221;4.17.3&#8243; _module_preset=&#8221;default&#8221; global_colors_info=&#8221;{}&#8221; theme_builder_area=&#8221;post_content&#8221;][\/et_pb_image][\/et_pb_column][et_pb_column type=&#8221;3_4&#8243; _builder_version=&#8221;4.17.3&#8243; _module_preset=&#8221;default&#8221; global_colors_info=&#8221;{}&#8221; theme_builder_area=&#8221;post_content&#8221;][et_pb_text _builder_version=&#8221;4.27.5&#8243; _module_preset=&#8221;default&#8221; hover_enabled=&#8221;0&#8243; global_colors_info=&#8221;{}&#8221; theme_builder_area=&#8221;post_content&#8221; sticky_enabled=&#8221;0&#8243;]<\/p>\n<h3><a href=\"https:\/\/dam.bakerhughes.com\/m\/ab766f7142a241d\/original\/Druck-UNIK5000-Pressure-Sensing-Platform-Datasheet-EN.pdf\">UNIK 5000<\/a><\/h3>\n<p>AZ UNIK 5000 nyom\u00e1sm\u00e9r\u0151-csal\u00e1d szintm\u00e9r\u0151 v\u00e1ltozata.<\/p>\n<p>[\/et_pb_text][\/et_pb_column][\/et_pb_row][et_pb_row column_structure=&#8221;1_4,3_4&#8243; _builder_version=&#8221;4.17.3&#8243; _module_preset=&#8221;default&#8221; width=&#8221;95%&#8221; custom_margin=&#8221;10px||||false|false&#8221; custom_padding=&#8221;||||false|false&#8221; border_width_all=&#8221;1px&#8221; border_color_all=&#8221;rgba(0,0,0,0.29)&#8221; global_colors_info=&#8221;{}&#8221; theme_builder_area=&#8221;post_content&#8221;][et_pb_column type=&#8221;1_4&#8243; _builder_version=&#8221;4.17.3&#8243; _module_preset=&#8221;default&#8221; global_colors_info=&#8221;{}&#8221; theme_builder_area=&#8221;post_content&#8221;][et_pb_image src=&#8221;https:\/\/microsensor.hu\/wp-content\/uploads\/2022\/04\/image041.jpg&#8221; title_text=&#8221;image041&#8243; _builder_version=&#8221;4.17.3&#8243; _module_preset=&#8221;default&#8221; global_colors_info=&#8221;{}&#8221; theme_builder_area=&#8221;post_content&#8221;][\/et_pb_image][\/et_pb_column][et_pb_column type=&#8221;3_4&#8243; _builder_version=&#8221;4.17.3&#8243; _module_preset=&#8221;default&#8221; global_colors_info=&#8221;{}&#8221; theme_builder_area=&#8221;post_content&#8221;][et_pb_text _builder_version=&#8221;4.27.5&#8243; _module_preset=&#8221;default&#8221; hover_enabled=&#8221;0&#8243; global_colors_info=&#8221;{}&#8221; theme_builder_area=&#8221;post_content&#8221; sticky_enabled=&#8221;0&#8243;]<\/p>\n<h2><a href=\"https:\/\/dam.bakerhughes.com\/m\/6feff91b8a7b0985\/original\/Druck-1800-Series-Datasheet-EN.pdf\">PTX\/PDCR 1800 csal\u00e1d<\/a><\/h2>\n<p>Nagypontoss\u00e1g\u00fa, folyad\u00e9kba mer\u00edthet\u0151 szint\u00e9rz\u00e9kel\u0151 \/ t\u00e1vad\u00f3 csal\u00e1d.<\/p>\n<p>[\/et_pb_text][\/et_pb_column][\/et_pb_row][\/et_pb_section]<\/p>\n","protected":false},"excerpt":{"rendered":"<p>A Druck szintt\u00e1vad\u00f3i folyad\u00e9kokba mer\u00edthet\u0151k, \u00e9s a f\u00f6l\u00f6tt\u00fck kialakul\u00f3 hidrosztatikus nyom\u00e1ssal ar\u00e1nyos anal\u00f3g \u00e1ramkimenetet adnak 4-20 mA k\u00f6z\u00f6tt. Ezek a szintt\u00e1vad\u00f3k teh\u00e1t m\u00e9lys\u00e9get m\u00e9rnek a t\u00e1vad\u00f3 elhelyezked\u00e9si szintje \u00e9s a folyad\u00e9kfelsz\u00edn k\u00f6z\u00f6tt. Az alkalmaz\u00e1si ter\u00fclet els\u0151sorban v\u00edz \u00e9s szennyv\u00edz m\u00e9lys\u00e9gm\u00e9r\u00e9se foly\u00f3vizekben, \u00e1ll\u00f3vizekben, tart\u00e1lyokban, kutakban, stb. V\u00e9delmi besorol\u00e1suk ennek megfelel\u0151en IP 68. A szintm\u00e9r\u0151k elektromos csatlakoz\u00f3k\u00e1bel\u00e9nek [&hellip;]<\/p>\n","protected":false},"author":1,"featured_media":0,"parent":21,"menu_order":5,"comment_status":"closed","ping_status":"closed","template":"","meta":{"_et_pb_use_builder":"on","_et_pb_old_content":"<p><img class=\"aligncenter\" src=\"https:\/\/microsensor.hu\/images\/stories\/Ge\/Depth\/DepthandLevel.png\" alt=\"DepthandLevel\" width=\"741\" height=\"254\" \/><\/p><p style=\"text-align: justify;\">A GE Druck szintt\u00e1vad\u00f3i folyad\u00e9kokba mer\u00edthet\u0151k, \u00e9s a f\u00f6l\u00f6tt\u00fck kialakul\u00f3 hidrosztatikus nyom\u00e1ssal ar\u00e1nyos anal\u00f3g \u00e1ramkimenetet adnak 4-20 mA k\u00f6z\u00f6tt. Ezek a szintt\u00e1vad\u00f3k teh\u00e1t m\u00e9lys\u00e9get m\u00e9rnek a t\u00e1vad\u00f3 elhelyezked\u00e9si szintje \u00e9s a folyad\u00e9kfelsz\u00edn k\u00f6z\u00f6tt. Az alkalmaz\u00e1si ter\u00fclet els\u0151sorban v\u00edz \u00e9s szennyv\u00edz m\u00e9lys\u00e9gm\u00e9r\u00e9se foly\u00f3vizekben, \u00e1ll\u00f3vizekben, tart\u00e1lyokban, kutakban, stb. V\u00e9delmi besorol\u00e1suk ennek megfelel\u0151en IP 68. A szintm\u00e9r\u0151k elektromos csatlakoz\u00f3k\u00e1bel\u00e9nek m\u00e1sik v\u00e9g\u00e9t a v\u00edz felsz\u00edne f\u00f6l\u00e9 kell kivezetni (az IP68 v\u00e9delem csak \u00edgy biztos\u00edthat\u00f3). A k\u00e1bel belsej\u00e9ben l\u00e9gz\u0151vezet\u00e9k tal\u00e1lhat\u00f3, amely a mindenkori barometrikus nyom\u00e1st a szintt\u00e1vad\u00f3ban tal\u00e1lhat\u00f3 m\u00e9r\u0151\u00e9rz\u00e9kel\u0151 referenciaoldal\u00e1ra vezeti, \u00edgy a szintt\u00e1vad\u00f3 a t\u00e9nyleges nett\u00f3 v\u00edzm\u00e9lys\u00e9get m\u00e9ri. Szintt\u00e1vad\u00f3 lehet a UNIK t\u00e1vad\u00f3csal\u00e1d PTX 5032 jel\u0171 alt\u00edpusa, vagy a PTX 1830 t\u00edpus, ez ut\u00f3bbi vill\u00e1mv\u00e9delemmel is ell\u00e1that\u00f3. A GE Druck szintt\u00e1vad\u00f3j\u00e1ban a Druck nyom\u00e1st\u00e1vad\u00f3ihoz hasonl\u00f3 piezoreziszt\u00edv m\u0171k\u00f6d\u00e9si elv\u0171 szilicium chip tal\u00e1lhat\u00f3. A szintt\u00e1vad\u00f3khoz k\u00fcl\u00f6nf\u00e9le hasznos tartoz\u00e9kok is kaphat\u00f3k, pl. k\u00e1belv\u00e9g-lez\u00e1r\u00f3 doboz (ez megakad\u00e1lyozza, hogy a k\u00e1belbe nedvess\u00e9g jusson, de a barometrikus nyom\u00e1sv\u00e1ltoz\u00e1sokat tov\u00e1bbengedi), k\u00e1belr\u00f6gz\u00edt\u0151 elemek, nehez\u00e9kek. Lehet\u0151s\u00e9g van gy\u00fajt\u00f3szikramentes kivitel kiv\u00e1laszt\u00e1s\u00e1ra is.<\/p><p>\u00a0<\/p><table border=\"0\"><tbody><tr valign=\"top\"><td><h2><a href=\"https:\/\/www.gemeasurement.com\/sensors-probes-transducers\/pressure-transducerstransmitters\/unik-5000-silicon-pressure-sensor\">UNIK 5000<\/a><\/h2><p><img src=\"https:\/\/microsensor.hu\/images\/stories\/Ge\/Depth\/UNIK5000.png\" alt=\"UNIK5000\" width=\"119\" height=\"119\" \/><\/p><p>AZ UNIK 5000 nyom\u00e1sm\u00e9r\u0151-csal\u00e1d szintm\u00e9r\u0151 v\u00e1ltozata.<\/p><\/td><td>\u00a0<\/td><td><h2><a href=\"https:\/\/www.gemeasurement.com\/sensors-probes-transducers\/depth-level\/ptxpdcr-1830-series\">PTX\/PDCR 1830 csal\u00e1d<\/a><\/h2><p><img src=\"https:\/\/microsensor.hu\/images\/stories\/Ge\/Depth\/PTX-PDCR1830.png\" alt=\"PTX-PDCR1830\" width=\"119\" height=\"119\" \/><\/p><p>Nagypontoss\u00e1g\u00fa, folyad\u00e9kba mer\u00edthet\u0151 szint\u00e9rz\u00e9kel\u0151 \/ t\u00e1vad\u00f3 csal\u00e1d.<\/p><\/td><td>\u00a0<\/td><td>\u00a0<\/td><\/tr><tr valign=\"top\"><td><h2><a href=\"http:\/\/unik.dev2.huss.nl\/html\/v0.1.8.zip\">\u00c9p\u00edtse fel saj\u00e1t t\u00e1vad\u00f3j\u00e1t<\/a><\/h2><\/td><td>\u00a0<\/td><td>\u00a0<\/td><td>\u00a0<\/td><td>\u00a0<\/td><\/tr><\/tbody><\/table><p>\u00a0<\/p><p>\u00a0<\/p>","_et_gb_content_width":"","footnotes":""},"class_list":["post-122","page","type-page","status-publish","hentry"],"yoast_head":"<!-- This site is optimized with the Yoast SEO plugin v26.8 - https:\/\/yoast.com\/product\/yoast-seo-wordpress\/ -->\n<title>Szintt\u00e1vad\u00f3k - Microsensor Kft.<\/title>\n<meta name=\"robots\" content=\"index, follow, max-snippet:-1, max-image-preview:large, max-video-preview:-1\" \/>\n<link rel=\"canonical\" href=\"https:\/\/microsensor.hu\/termekek\/druck\/szinttavadok\/\" \/>\n<meta property=\"og:locale\" content=\"hu_HU\" \/>\n<meta property=\"og:type\" content=\"article\" \/>\n<meta property=\"og:title\" content=\"Szintt\u00e1vad\u00f3k - Microsensor Kft.\" \/>\n<meta property=\"og:description\" content=\"A Druck szintt\u00e1vad\u00f3i folyad\u00e9kokba mer\u00edthet\u0151k, \u00e9s a f\u00f6l\u00f6tt\u00fck kialakul\u00f3 hidrosztatikus nyom\u00e1ssal ar\u00e1nyos anal\u00f3g \u00e1ramkimenetet adnak 4-20 mA k\u00f6z\u00f6tt. Ezek a szintt\u00e1vad\u00f3k teh\u00e1t m\u00e9lys\u00e9get m\u00e9rnek a t\u00e1vad\u00f3 elhelyezked\u00e9si szintje \u00e9s a folyad\u00e9kfelsz\u00edn k\u00f6z\u00f6tt. Az alkalmaz\u00e1si ter\u00fclet els\u0151sorban v\u00edz \u00e9s szennyv\u00edz m\u00e9lys\u00e9gm\u00e9r\u00e9se foly\u00f3vizekben, \u00e1ll\u00f3vizekben, tart\u00e1lyokban, kutakban, stb. V\u00e9delmi besorol\u00e1suk ennek megfelel\u0151en IP 68. A szintm\u00e9r\u0151k elektromos csatlakoz\u00f3k\u00e1bel\u00e9nek [&hellip;]\" \/>\n<meta property=\"og:url\" content=\"https:\/\/microsensor.hu\/termekek\/druck\/szinttavadok\/\" \/>\n<meta property=\"og:site_name\" content=\"Microsensor Kft.\" \/>\n<meta property=\"article:modified_time\" content=\"2026-02-05T09:23:14+00:00\" \/>\n<meta property=\"og:image\" content=\"https:\/\/microsensor.hu\/wp-content\/uploads\/2022\/05\/Kep7.png\" \/>\n<meta name=\"twitter:card\" content=\"summary_large_image\" \/>\n<meta name=\"twitter:label1\" content=\"Becs\u00fclt olvas\u00e1si id\u0151\" \/>\n\t<meta name=\"twitter:data1\" content=\"3 perc\" \/>\n<script type=\"application\/ld+json\" class=\"yoast-schema-graph\">{\"@context\":\"https:\/\/schema.org\",\"@graph\":[{\"@type\":\"WebPage\",\"@id\":\"https:\/\/microsensor.hu\/termekek\/druck\/szinttavadok\/\",\"url\":\"https:\/\/microsensor.hu\/termekek\/druck\/szinttavadok\/\",\"name\":\"Szintt\u00e1vad\u00f3k - Microsensor Kft.\",\"isPartOf\":{\"@id\":\"https:\/\/microsensor.hu\/#website\"},\"primaryImageOfPage\":{\"@id\":\"https:\/\/microsensor.hu\/termekek\/druck\/szinttavadok\/#primaryimage\"},\"image\":{\"@id\":\"https:\/\/microsensor.hu\/termekek\/druck\/szinttavadok\/#primaryimage\"},\"thumbnailUrl\":\"https:\/\/microsensor.hu\/wp-content\/uploads\/2022\/05\/Kep7.png\",\"datePublished\":\"2014-10-17T12:09:25+00:00\",\"dateModified\":\"2026-02-05T09:23:14+00:00\",\"breadcrumb\":{\"@id\":\"https:\/\/microsensor.hu\/termekek\/druck\/szinttavadok\/#breadcrumb\"},\"inLanguage\":\"hu\",\"potentialAction\":[{\"@type\":\"ReadAction\",\"target\":[\"https:\/\/microsensor.hu\/termekek\/druck\/szinttavadok\/\"]}]},{\"@type\":\"ImageObject\",\"inLanguage\":\"hu\",\"@id\":\"https:\/\/microsensor.hu\/termekek\/druck\/szinttavadok\/#primaryimage\",\"url\":\"https:\/\/microsensor.hu\/wp-content\/uploads\/2022\/05\/Kep7.png\",\"contentUrl\":\"https:\/\/microsensor.hu\/wp-content\/uploads\/2022\/05\/Kep7.png\",\"width\":201,\"height\":234},{\"@type\":\"BreadcrumbList\",\"@id\":\"https:\/\/microsensor.hu\/termekek\/druck\/szinttavadok\/#breadcrumb\",\"itemListElement\":[{\"@type\":\"ListItem\",\"position\":1,\"name\":\"Kezd\u0151lap\",\"item\":\"https:\/\/microsensor.hu\/\"},{\"@type\":\"ListItem\",\"position\":2,\"name\":\"Term\u00e9kek\",\"item\":\"https:\/\/microsensor.hu\/termekek\/\"},{\"@type\":\"ListItem\",\"position\":3,\"name\":\"Druck\",\"item\":\"https:\/\/microsensor.hu\/termekek\/druck\/\"},{\"@type\":\"ListItem\",\"position\":4,\"name\":\"Szintt\u00e1vad\u00f3k\"}]},{\"@type\":\"WebSite\",\"@id\":\"https:\/\/microsensor.hu\/#website\",\"url\":\"https:\/\/microsensor.hu\/\",\"name\":\"Microsensor Kft.\",\"description\":\"\",\"publisher\":{\"@id\":\"https:\/\/microsensor.hu\/#organization\"},\"potentialAction\":[{\"@type\":\"SearchAction\",\"target\":{\"@type\":\"EntryPoint\",\"urlTemplate\":\"https:\/\/microsensor.hu\/?s={search_term_string}\"},\"query-input\":{\"@type\":\"PropertyValueSpecification\",\"valueRequired\":true,\"valueName\":\"search_term_string\"}}],\"inLanguage\":\"hu\"},{\"@type\":\"Organization\",\"@id\":\"https:\/\/microsensor.hu\/#organization\",\"name\":\"Microsensor Kft.\",\"url\":\"https:\/\/microsensor.hu\/\",\"logo\":{\"@type\":\"ImageObject\",\"inLanguage\":\"hu\",\"@id\":\"https:\/\/microsensor.hu\/#\/schema\/logo\/image\/\",\"url\":\"https:\/\/microsensor.hu\/wp-content\/uploads\/2022\/11\/logo1.png\",\"contentUrl\":\"https:\/\/microsensor.hu\/wp-content\/uploads\/2022\/11\/logo1.png\",\"width\":454,\"height\":454,\"caption\":\"Microsensor Kft.\"},\"image\":{\"@id\":\"https:\/\/microsensor.hu\/#\/schema\/logo\/image\/\"}}]}<\/script>\n<!-- \/ Yoast SEO plugin. -->","yoast_head_json":{"title":"Szintt\u00e1vad\u00f3k - Microsensor Kft.","robots":{"index":"index","follow":"follow","max-snippet":"max-snippet:-1","max-image-preview":"max-image-preview:large","max-video-preview":"max-video-preview:-1"},"canonical":"https:\/\/microsensor.hu\/termekek\/druck\/szinttavadok\/","og_locale":"hu_HU","og_type":"article","og_title":"Szintt\u00e1vad\u00f3k - Microsensor Kft.","og_description":"A Druck szintt\u00e1vad\u00f3i folyad\u00e9kokba mer\u00edthet\u0151k, \u00e9s a f\u00f6l\u00f6tt\u00fck kialakul\u00f3 hidrosztatikus nyom\u00e1ssal ar\u00e1nyos anal\u00f3g \u00e1ramkimenetet adnak 4-20 mA k\u00f6z\u00f6tt. Ezek a szintt\u00e1vad\u00f3k teh\u00e1t m\u00e9lys\u00e9get m\u00e9rnek a t\u00e1vad\u00f3 elhelyezked\u00e9si szintje \u00e9s a folyad\u00e9kfelsz\u00edn k\u00f6z\u00f6tt. Az alkalmaz\u00e1si ter\u00fclet els\u0151sorban v\u00edz \u00e9s szennyv\u00edz m\u00e9lys\u00e9gm\u00e9r\u00e9se foly\u00f3vizekben, \u00e1ll\u00f3vizekben, tart\u00e1lyokban, kutakban, stb. V\u00e9delmi besorol\u00e1suk ennek megfelel\u0151en IP 68. A szintm\u00e9r\u0151k elektromos csatlakoz\u00f3k\u00e1bel\u00e9nek [&hellip;]","og_url":"https:\/\/microsensor.hu\/termekek\/druck\/szinttavadok\/","og_site_name":"Microsensor Kft.","article_modified_time":"2026-02-05T09:23:14+00:00","og_image":[{"url":"https:\/\/microsensor.hu\/wp-content\/uploads\/2022\/05\/Kep7.png","type":"","width":"","height":""}],"twitter_card":"summary_large_image","twitter_misc":{"Becs\u00fclt olvas\u00e1si id\u0151":"3 perc"},"schema":{"@context":"https:\/\/schema.org","@graph":[{"@type":"WebPage","@id":"https:\/\/microsensor.hu\/termekek\/druck\/szinttavadok\/","url":"https:\/\/microsensor.hu\/termekek\/druck\/szinttavadok\/","name":"Szintt\u00e1vad\u00f3k - Microsensor Kft.","isPartOf":{"@id":"https:\/\/microsensor.hu\/#website"},"primaryImageOfPage":{"@id":"https:\/\/microsensor.hu\/termekek\/druck\/szinttavadok\/#primaryimage"},"image":{"@id":"https:\/\/microsensor.hu\/termekek\/druck\/szinttavadok\/#primaryimage"},"thumbnailUrl":"https:\/\/microsensor.hu\/wp-content\/uploads\/2022\/05\/Kep7.png","datePublished":"2014-10-17T12:09:25+00:00","dateModified":"2026-02-05T09:23:14+00:00","breadcrumb":{"@id":"https:\/\/microsensor.hu\/termekek\/druck\/szinttavadok\/#breadcrumb"},"inLanguage":"hu","potentialAction":[{"@type":"ReadAction","target":["https:\/\/microsensor.hu\/termekek\/druck\/szinttavadok\/"]}]},{"@type":"ImageObject","inLanguage":"hu","@id":"https:\/\/microsensor.hu\/termekek\/druck\/szinttavadok\/#primaryimage","url":"https:\/\/microsensor.hu\/wp-content\/uploads\/2022\/05\/Kep7.png","contentUrl":"https:\/\/microsensor.hu\/wp-content\/uploads\/2022\/05\/Kep7.png","width":201,"height":234},{"@type":"BreadcrumbList","@id":"https:\/\/microsensor.hu\/termekek\/druck\/szinttavadok\/#breadcrumb","itemListElement":[{"@type":"ListItem","position":1,"name":"Kezd\u0151lap","item":"https:\/\/microsensor.hu\/"},{"@type":"ListItem","position":2,"name":"Term\u00e9kek","item":"https:\/\/microsensor.hu\/termekek\/"},{"@type":"ListItem","position":3,"name":"Druck","item":"https:\/\/microsensor.hu\/termekek\/druck\/"},{"@type":"ListItem","position":4,"name":"Szintt\u00e1vad\u00f3k"}]},{"@type":"WebSite","@id":"https:\/\/microsensor.hu\/#website","url":"https:\/\/microsensor.hu\/","name":"Microsensor Kft.","description":"","publisher":{"@id":"https:\/\/microsensor.hu\/#organization"},"potentialAction":[{"@type":"SearchAction","target":{"@type":"EntryPoint","urlTemplate":"https:\/\/microsensor.hu\/?s={search_term_string}"},"query-input":{"@type":"PropertyValueSpecification","valueRequired":true,"valueName":"search_term_string"}}],"inLanguage":"hu"},{"@type":"Organization","@id":"https:\/\/microsensor.hu\/#organization","name":"Microsensor Kft.","url":"https:\/\/microsensor.hu\/","logo":{"@type":"ImageObject","inLanguage":"hu","@id":"https:\/\/microsensor.hu\/#\/schema\/logo\/image\/","url":"https:\/\/microsensor.hu\/wp-content\/uploads\/2022\/11\/logo1.png","contentUrl":"https:\/\/microsensor.hu\/wp-content\/uploads\/2022\/11\/logo1.png","width":454,"height":454,"caption":"Microsensor Kft."},"image":{"@id":"https:\/\/microsensor.hu\/#\/schema\/logo\/image\/"}}]}},"_links":{"self":[{"href":"https:\/\/microsensor.hu\/wp-json\/wp\/v2\/pages\/122","targetHints":{"allow":["GET"]}}],"collection":[{"href":"https:\/\/microsensor.hu\/wp-json\/wp\/v2\/pages"}],"about":[{"href":"https:\/\/microsensor.hu\/wp-json\/wp\/v2\/types\/page"}],"author":[{"embeddable":true,"href":"https:\/\/microsensor.hu\/wp-json\/wp\/v2\/users\/1"}],"replies":[{"embeddable":true,"href":"https:\/\/microsensor.hu\/wp-json\/wp\/v2\/comments?post=122"}],"version-history":[{"count":21,"href":"https:\/\/microsensor.hu\/wp-json\/wp\/v2\/pages\/122\/revisions"}],"predecessor-version":[{"id":1291,"href":"https:\/\/microsensor.hu\/wp-json\/wp\/v2\/pages\/122\/revisions\/1291"}],"up":[{"embeddable":true,"href":"https:\/\/microsensor.hu\/wp-json\/wp\/v2\/pages\/21"}],"wp:attachment":[{"href":"https:\/\/microsensor.hu\/wp-json\/wp\/v2\/media?parent=122"}],"curies":[{"name":"wp","href":"https:\/\/api.w.org\/{rel}","templated":true}]}}