{"id":131,"date":"2014-10-17T14:12:19","date_gmt":"2014-10-17T12:12:19","guid":{"rendered":"https:\/\/microsensor.hu\/?page_id=131"},"modified":"2026-02-05T10:42:08","modified_gmt":"2026-02-05T09:42:08","slug":"repulogepkalibratorok","status":"publish","type":"page","link":"https:\/\/microsensor.hu\/termekek\/druck\/repulogepkalibratorok\/","title":{"rendered":"Rep\u00fcl\u0151g\u00e9pkalibr\u00e1torok"},"content":{"rendered":"<p>[et_pb_section fb_built=&#8221;1&#8243; _builder_version=&#8221;4.17.3&#8243; custom_padding=&#8221;0px||||false|false&#8221; global_colors_info=&#8221;{}&#8221; theme_builder_area=&#8221;post_content&#8221;][et_pb_row _builder_version=&#8221;4.17.3&#8243; background_size=&#8221;initial&#8221; background_position=&#8221;top_left&#8221; background_repeat=&#8221;repeat&#8221; width=&#8221;95%&#8221; custom_padding=&#8221;0px||||false|false&#8221; global_colors_info=&#8221;{}&#8221; theme_builder_area=&#8221;post_content&#8221;][et_pb_column type=&#8221;4_4&#8243; _builder_version=&#8221;4.16&#8243; custom_padding=&#8221;|||&#8221; global_colors_info=&#8221;{}&#8221; custom_padding__hover=&#8221;|||&#8221; theme_builder_area=&#8221;post_content&#8221;][et_pb_text _builder_version=&#8221;4.17.3&#8243; background_size=&#8221;initial&#8221; background_position=&#8221;top_left&#8221; background_repeat=&#8221;repeat&#8221; global_colors_info=&#8221;{}&#8221; theme_builder_area=&#8221;post_content&#8221;]<\/p>\n<p><!--:en--><\/p>\n<p>A Druck rep\u00fcl\u0151g\u00e9p-kalibr\u00e1tor\u00e1val a rep\u00fcl\u0151g\u00e9p pil\u00f3taf\u00fclk\u00e9j\u00e9nek minden olyan m\u0171szere ellen\u0151rizhet\u0151 \u00e9s kalibr\u00e1lhat\u00f3, amely nyom\u00e1sm\u00e9r\u00e9sre vezethet\u0151 vissza. Ezek a m\u0171szerek a magass\u00e1gm\u00e9r\u0151 (altim\u00e9ter), sebess\u00e9gindik\u00e1tor, emelked\u00e9si sebess\u00e9g (rate of climb), Mach-m\u00e9ter, rep\u00fcl\u00e9si adatfeldolgoz\u00f3 sz\u00e1m\u00edt\u00f3g\u00e9p. Ezeket a kalibr\u00e1l\u00e1si m\u0171veleteket a Druck rep\u00fcl\u0151g\u00e9p-kalibr\u00e1tor\u00e1n elhelyezked\u0151 P<sub>s<\/sub> (static) \u00e9s P<sub>t<\/sub> (pilot) nyom\u00e1sm\u00e9r\u0151k teszik lehet\u0151v\u00e9.<\/p>\n<p>A rep\u00fcl\u0151g\u00e9p-kalibr\u00e1torok k\u00f6z\u00f6s t\u00edpusjele: ADTS. Ezen bel\u00fcl a Druck t\u00f6bb t\u00edpussal rendelkezik, amelyek hordozhat\u00f3k\/fi\u00f3kba szerelhet\u0151k\/sz\u00e1ll\u00edt\u00f3kocsiba \u00e9p\u00edthet\u0151k. Minden t\u00edpus pontoss\u00e1ga megfelel az RVSM (reduced vertical separation minimum) nemzetk\u00f6zi el\u0151\u00edr\u00e1sainak. Alapesetben a kalibr\u00e1ci\u00f3hoz az ADTS rep\u00fcl\u0151g\u00e9p-kalibr\u00e1tort a pil\u00f3taf\u00fclk\u00e9be fel kell vinni, \u00e9s a m\u00e9rend\u0151 m\u0171szerhez ott csatlakoztatni. J\u00f3val k\u00e9nyelmesebb megold\u00e1st tesz lehet\u0151v\u00e9 a k\u00e9zi termin\u00e1l; ez esetben csak a k\u00e9zi termin\u00e1lt kell a pil\u00f3taf\u00fclk\u00e9be felvinni, maga a kalibr\u00e1tor a rep\u00fcl\u0151g\u00e9p mellett a f\u00f6ld\u00f6n maradhat. A kalibr\u00e1l\u00e1shoz program is k\u00e9rhet\u0151.<\/p>\n<p>[\/et_pb_text][\/et_pb_column][\/et_pb_row][et_pb_row column_structure=&#8221;1_4,3_4&#8243; _builder_version=&#8221;4.17.3&#8243; _module_preset=&#8221;default&#8221; width=&#8221;95%&#8221; custom_margin=&#8221;10px||||false|false&#8221; custom_padding=&#8221;||||false|false&#8221; border_width_all=&#8221;1px&#8221; border_color_all=&#8221;rgba(0,0,0,0.29)&#8221; global_colors_info=&#8221;{}&#8221; theme_builder_area=&#8221;post_content&#8221;][et_pb_column type=&#8221;1_4&#8243; _builder_version=&#8221;4.17.3&#8243; _module_preset=&#8221;default&#8221; global_colors_info=&#8221;{}&#8221; theme_builder_area=&#8221;post_content&#8221;][et_pb_image src=&#8221;https:\/\/microsensor.hu\/wp-content\/uploads\/2022\/04\/adts_4051-150&#215;150.jpg&#8221; title_text=&#8221;adts_405%911%93&#8243; _builder_version=&#8221;4.17.3&#8243; _module_preset=&#8221;default&#8221; global_colors_info=&#8221;{}&#8221; theme_builder_area=&#8221;post_content&#8221;][\/et_pb_image][\/et_pb_column][et_pb_column type=&#8221;3_4&#8243; _builder_version=&#8221;4.17.3&#8243; _module_preset=&#8221;default&#8221; global_colors_info=&#8221;{}&#8221; theme_builder_area=&#8221;post_content&#8221;][et_pb_text _builder_version=&#8221;4.27.5&#8243; _module_preset=&#8221;default&#8221; hover_enabled=&#8221;0&#8243; global_colors_info=&#8221;{}&#8221; theme_builder_area=&#8221;post_content&#8221; sticky_enabled=&#8221;0&#8243;]<\/p>\n<h3><a href=\"https:\/\/dam.bakerhughes.com\/m\/53365b0d9c289b3a\/original\/Druck-ADTS-405-MkII-Datasheet-EN.pdf\">ADTS 405<\/a><\/h3>\n<p>K\u00e9tcsatorn\u00e1s s\/ Pt rep\u00fcl\u0151g\u00e9pkalibr\u00e1tor; a legpontosabb v\u00e1ltozat.<\/p>\n<p>[\/et_pb_text][\/et_pb_column][\/et_pb_row][et_pb_row column_structure=&#8221;1_4,3_4&#8243; _builder_version=&#8221;4.17.3&#8243; _module_preset=&#8221;default&#8221; width=&#8221;95%&#8221; custom_margin=&#8221;10px||||false|false&#8221; custom_padding=&#8221;||||false|false&#8221; border_width_all=&#8221;1px&#8221; border_color_all=&#8221;rgba(0,0,0,0.29)&#8221; global_colors_info=&#8221;{}&#8221; theme_builder_area=&#8221;post_content&#8221;][et_pb_column type=&#8221;1_4&#8243; _builder_version=&#8221;4.17.3&#8243; _module_preset=&#8221;default&#8221; global_colors_info=&#8221;{}&#8221; theme_builder_area=&#8221;post_content&#8221;][et_pb_image src=&#8221;https:\/\/microsensor.hu\/wp-content\/uploads\/2022\/05\/ADTS542F.jpeg&#8221; title_text=&#8221;ADTS542F&#8221; _builder_version=&#8221;4.17.3&#8243; _module_preset=&#8221;default&#8221; global_colors_info=&#8221;{}&#8221; theme_builder_area=&#8221;post_content&#8221;][\/et_pb_image][\/et_pb_column][et_pb_column type=&#8221;3_4&#8243; _builder_version=&#8221;4.17.3&#8243; _module_preset=&#8221;default&#8221; global_colors_info=&#8221;{}&#8221; theme_builder_area=&#8221;post_content&#8221;][et_pb_text _builder_version=&#8221;4.27.5&#8243; _module_preset=&#8221;default&#8221; hover_enabled=&#8221;0&#8243; global_colors_info=&#8221;{}&#8221; theme_builder_area=&#8221;post_content&#8221; sticky_enabled=&#8221;0&#8243;]<\/p>\n<h3><a href=\"https:\/\/dam.bakerhughes.com\/m\/7e8bb7811899233d\/original\/Druck-ADTS542F-Datasheet-EN.pdf\">ADTS 542F<\/a><\/h3>\n<h3><a href=\"https:\/\/dam.bakerhughes.com\/m\/424f2df22d5fd69b\/original\/Druck-ADTS550F-Datasheet-EN.pdf\">ADTS 550F<\/a><\/h3>\n<p>Rep\u00fcl\u0151g\u00e9pre felvihet\u0151 kompakt kalibr\u00e1tor.<\/p>\n<p>[\/et_pb_text][\/et_pb_column][\/et_pb_row][\/et_pb_section]<\/p>\n","protected":false},"excerpt":{"rendered":"<p>A Druck rep\u00fcl\u0151g\u00e9p-kalibr\u00e1tor\u00e1val a rep\u00fcl\u0151g\u00e9p pil\u00f3taf\u00fclk\u00e9j\u00e9nek minden olyan m\u0171szere ellen\u0151rizhet\u0151 \u00e9s kalibr\u00e1lhat\u00f3, amely nyom\u00e1sm\u00e9r\u00e9sre vezethet\u0151 vissza. Ezek a m\u0171szerek a magass\u00e1gm\u00e9r\u0151 (altim\u00e9ter), sebess\u00e9gindik\u00e1tor, emelked\u00e9si sebess\u00e9g (rate of climb), Mach-m\u00e9ter, rep\u00fcl\u00e9si adatfeldolgoz\u00f3 sz\u00e1m\u00edt\u00f3g\u00e9p. Ezeket a kalibr\u00e1l\u00e1si m\u0171veleteket a Druck rep\u00fcl\u0151g\u00e9p-kalibr\u00e1tor\u00e1n elhelyezked\u0151 Ps (static) \u00e9s Pt (pilot) nyom\u00e1sm\u00e9r\u0151k teszik lehet\u0151v\u00e9. A rep\u00fcl\u0151g\u00e9p-kalibr\u00e1torok k\u00f6z\u00f6s t\u00edpusjele: ADTS. Ezen bel\u00fcl [&hellip;]<\/p>\n","protected":false},"author":1,"featured_media":132,"parent":21,"menu_order":7,"comment_status":"closed","ping_status":"closed","template":"","meta":{"_et_pb_use_builder":"on","_et_pb_old_content":"<p><!--:en--><\/p><p><img class=\"aligncenter\" src=\"https:\/\/microsensor.hu\/images\/stories\/Ge\/AirData\/AirDataTestSets.png\" alt=\"AirDataTestSets\" width=\"741\" height=\"254\" \/><\/p><p>A GE Druck rep\u00fcl\u0151g\u00e9p-kalibr\u00e1tor\u00e1val a rep\u00fcl\u0151g\u00e9p pil\u00f3taf\u00fclk\u00e9j\u00e9nek minden olyan m\u0171szere ellen\u0151rizhet\u0151 \u00e9s kalibr\u00e1lhat\u00f3, amely nyom\u00e1sm\u00e9r\u00e9sre vezethet\u0151 vissza. Ezek a m\u0171szerek a magass\u00e1gm\u00e9r\u0151 (altim\u00e9ter), sebess\u00e9gindik\u00e1tor, emelked\u00e9si sebess\u00e9g (rate of climb), Mach-m\u00e9ter, rep\u00fcl\u00e9si adatfeldolgoz\u00f3 sz\u00e1m\u00edt\u00f3g\u00e9p. Ezeket a kalibr\u00e1l\u00e1si m\u0171veleteket a GE Druck rep\u00fcl\u0151g\u00e9p-kalibr\u00e1tor\u00e1n elhelyezked\u0151 P<sub>s<\/sub> (static) \u00e9s P<sub>t<\/sub> (pilot) nyom\u00e1sm\u00e9r\u0151k teszik lehet\u0151v\u00e9.<\/p><p>A rep\u00fcl\u0151g\u00e9p-kalibr\u00e1torok k\u00f6z\u00f6s t\u00edpusjele: ADTS. Ezen bel\u00fcl a GE Druck t\u00f6bb t\u00edpussal rendelkezik, amelyek hordozhat\u00f3k\/fi\u00f3kba szerelhet\u0151k\/sz\u00e1ll\u00edt\u00f3kocsiba \u00e9p\u00edthet\u0151k. Minden t\u00edpus pontoss\u00e1ga megfelel az RVSM (reduced vertical separation minimum) nemzetk\u00f6zi el\u0151\u00edr\u00e1sainak. Alapesetben a kalibr\u00e1ci\u00f3hoz az ADTS rep\u00fcl\u0151g\u00e9p-kalibr\u00e1tort a pil\u00f3taf\u00fclk\u00e9be fel kell vinni, \u00e9s a m\u00e9rend\u0151 m\u0171szerhez ott csatlakoztatni. J\u00f3val k\u00e9nyelmesebb megold\u00e1st tesz lehet\u0151v\u00e9 a k\u00e9zi termin\u00e1l; ez esetben csak a k\u00e9zi termin\u00e1lt kell a pil\u00f3taf\u00fclk\u00e9be felvinni, maga a kalibr\u00e1tor a rep\u00fcl\u0151g\u00e9p mellett a f\u00f6ld\u00f6n maradhat. A kalibr\u00e1l\u00e1shoz program is k\u00e9rhet\u0151.<\/p><p>\u00a0<\/p><table border=\"0\"><tbody><tr valign=\"top\"><td><h2>ADTS 403<\/h2><p><img src=\"https:\/\/microsensor.hu\/images\/stories\/Ge\/AirData\/ADTS403.png\" alt=\"ADTS403\" width=\"119\" height=\"119\" \/><\/p><p>\u00a0<\/p><p>Egyszer\u0171 ki\u00e9p\u00edt\u00e9s\u0171 laborat\u00f3riumi rep\u00fcl\u0151g\u00e9pkalibr\u00e1tor.<\/p><\/td><td><h2><a href=\"https:\/\/www.gemeasurement.com\/test-calibration\/pitot-static-testers\/adts-405\">ADTS 405<\/a><\/h2><p><img src=\"https:\/\/microsensor.hu\/images\/stories\/Ge\/AirData\/ADTS405.png\" alt=\"ADTS405\" width=\"119\" height=\"119\" \/><\/p><p>\u00a0<\/p><p>K\u00e9tcsatorn\u00e1s s\/ Pt rep\u00fcl\u0151g\u00e9pkalibr\u00e1tor; a legpontosabb v\u00e1ltozat.<\/p><\/td><td><h2><a href=\"https:\/\/www.gemeasurement.com\/test-calibration\/pitot-static-testers\/adts500-series-air-data-test-sets\">ADTS 505<\/a><\/h2><p><img src=\"https:\/\/microsensor.hu\/images\/stories\/Ge\/AirData\/ADTS505.png\" alt=\"ADTS505\" width=\"119\" height=\"119\" \/><\/p><p>\u00a0<\/p><p>Rep\u00fcl\u0151g\u00e9pre felvihet\u0151 kompakt kalibr\u00e1tor.<\/p><\/td><td><h2><a href=\"https:\/\/www.gemeasurement.com\/test-calibration\/indicators\/dpi-740-precision-barometer-indicator\">DPI 740\u00a0csal\u00e1d<\/a><\/h2><p><img src=\"https:\/\/microsensor.hu\/images\/stories\/Ge\/AirData\/DPI740.png\" alt=\"DPI740\" width=\"119\" height=\"119\" \/><\/p><p>\u00a0<\/p><p>Hordozhat\u00f3 barom\u00e9ter.<\/p><\/td><\/tr><\/tbody><\/table><p>\u00a0<\/p>","_et_gb_content_width":"","footnotes":""},"class_list":["post-131","page","type-page","status-publish","has-post-thumbnail","hentry"],"yoast_head":"<!-- This site is optimized with the Yoast SEO plugin v26.8 - https:\/\/yoast.com\/product\/yoast-seo-wordpress\/ -->\n<title>Rep\u00fcl\u0151g\u00e9pkalibr\u00e1torok - Microsensor Kft.<\/title>\n<meta name=\"robots\" content=\"index, follow, max-snippet:-1, max-image-preview:large, max-video-preview:-1\" \/>\n<link rel=\"canonical\" href=\"https:\/\/microsensor.hu\/termekek\/druck\/repulogepkalibratorok\/\" \/>\n<meta property=\"og:locale\" content=\"hu_HU\" \/>\n<meta property=\"og:type\" content=\"article\" \/>\n<meta property=\"og:title\" content=\"Rep\u00fcl\u0151g\u00e9pkalibr\u00e1torok - Microsensor Kft.\" \/>\n<meta property=\"og:description\" content=\"A Druck rep\u00fcl\u0151g\u00e9p-kalibr\u00e1tor\u00e1val a rep\u00fcl\u0151g\u00e9p pil\u00f3taf\u00fclk\u00e9j\u00e9nek minden olyan m\u0171szere ellen\u0151rizhet\u0151 \u00e9s kalibr\u00e1lhat\u00f3, amely nyom\u00e1sm\u00e9r\u00e9sre vezethet\u0151 vissza. Ezek a m\u0171szerek a magass\u00e1gm\u00e9r\u0151 (altim\u00e9ter), sebess\u00e9gindik\u00e1tor, emelked\u00e9si sebess\u00e9g (rate of climb), Mach-m\u00e9ter, rep\u00fcl\u00e9si adatfeldolgoz\u00f3 sz\u00e1m\u00edt\u00f3g\u00e9p. Ezeket a kalibr\u00e1l\u00e1si m\u0171veleteket a Druck rep\u00fcl\u0151g\u00e9p-kalibr\u00e1tor\u00e1n elhelyezked\u0151 Ps (static) \u00e9s Pt (pilot) nyom\u00e1sm\u00e9r\u0151k teszik lehet\u0151v\u00e9. A rep\u00fcl\u0151g\u00e9p-kalibr\u00e1torok k\u00f6z\u00f6s t\u00edpusjele: ADTS. Ezen bel\u00fcl [&hellip;]\" \/>\n<meta property=\"og:url\" content=\"https:\/\/microsensor.hu\/termekek\/druck\/repulogepkalibratorok\/\" \/>\n<meta property=\"og:site_name\" content=\"Microsensor Kft.\" \/>\n<meta property=\"article:modified_time\" content=\"2026-02-05T09:42:08+00:00\" \/>\n<meta property=\"og:image\" content=\"https:\/\/microsensor.hu\/wp-content\/uploads\/2014\/10\/Rep\u00fcl\u0151g\u00e9pkalibr\u00e1torok.jpg\" \/>\n\t<meta property=\"og:image:width\" content=\"737\" \/>\n\t<meta property=\"og:image:height\" content=\"250\" \/>\n\t<meta property=\"og:image:type\" content=\"image\/jpeg\" \/>\n<meta name=\"twitter:card\" content=\"summary_large_image\" \/>\n<meta name=\"twitter:label1\" content=\"Becs\u00fclt olvas\u00e1si id\u0151\" \/>\n\t<meta name=\"twitter:data1\" content=\"3 perc\" \/>\n<script type=\"application\/ld+json\" class=\"yoast-schema-graph\">{\"@context\":\"https:\/\/schema.org\",\"@graph\":[{\"@type\":\"WebPage\",\"@id\":\"https:\/\/microsensor.hu\/termekek\/druck\/repulogepkalibratorok\/\",\"url\":\"https:\/\/microsensor.hu\/termekek\/druck\/repulogepkalibratorok\/\",\"name\":\"Rep\u00fcl\u0151g\u00e9pkalibr\u00e1torok - Microsensor Kft.\",\"isPartOf\":{\"@id\":\"https:\/\/microsensor.hu\/#website\"},\"primaryImageOfPage\":{\"@id\":\"https:\/\/microsensor.hu\/termekek\/druck\/repulogepkalibratorok\/#primaryimage\"},\"image\":{\"@id\":\"https:\/\/microsensor.hu\/termekek\/druck\/repulogepkalibratorok\/#primaryimage\"},\"thumbnailUrl\":\"https:\/\/microsensor.hu\/wp-content\/uploads\/2014\/10\/Rep\u00fcl\u0151g\u00e9pkalibr\u00e1torok.jpg\",\"datePublished\":\"2014-10-17T12:12:19+00:00\",\"dateModified\":\"2026-02-05T09:42:08+00:00\",\"breadcrumb\":{\"@id\":\"https:\/\/microsensor.hu\/termekek\/druck\/repulogepkalibratorok\/#breadcrumb\"},\"inLanguage\":\"hu\",\"potentialAction\":[{\"@type\":\"ReadAction\",\"target\":[\"https:\/\/microsensor.hu\/termekek\/druck\/repulogepkalibratorok\/\"]}]},{\"@type\":\"ImageObject\",\"inLanguage\":\"hu\",\"@id\":\"https:\/\/microsensor.hu\/termekek\/druck\/repulogepkalibratorok\/#primaryimage\",\"url\":\"https:\/\/microsensor.hu\/wp-content\/uploads\/2014\/10\/Rep\u00fcl\u0151g\u00e9pkalibr\u00e1torok.jpg\",\"contentUrl\":\"https:\/\/microsensor.hu\/wp-content\/uploads\/2014\/10\/Rep\u00fcl\u0151g\u00e9pkalibr\u00e1torok.jpg\",\"width\":737,\"height\":250},{\"@type\":\"BreadcrumbList\",\"@id\":\"https:\/\/microsensor.hu\/termekek\/druck\/repulogepkalibratorok\/#breadcrumb\",\"itemListElement\":[{\"@type\":\"ListItem\",\"position\":1,\"name\":\"Kezd\u0151lap\",\"item\":\"https:\/\/microsensor.hu\/\"},{\"@type\":\"ListItem\",\"position\":2,\"name\":\"Term\u00e9kek\",\"item\":\"https:\/\/microsensor.hu\/termekek\/\"},{\"@type\":\"ListItem\",\"position\":3,\"name\":\"Druck\",\"item\":\"https:\/\/microsensor.hu\/termekek\/druck\/\"},{\"@type\":\"ListItem\",\"position\":4,\"name\":\"Rep\u00fcl\u0151g\u00e9pkalibr\u00e1torok\"}]},{\"@type\":\"WebSite\",\"@id\":\"https:\/\/microsensor.hu\/#website\",\"url\":\"https:\/\/microsensor.hu\/\",\"name\":\"Microsensor Kft.\",\"description\":\"\",\"publisher\":{\"@id\":\"https:\/\/microsensor.hu\/#organization\"},\"potentialAction\":[{\"@type\":\"SearchAction\",\"target\":{\"@type\":\"EntryPoint\",\"urlTemplate\":\"https:\/\/microsensor.hu\/?s={search_term_string}\"},\"query-input\":{\"@type\":\"PropertyValueSpecification\",\"valueRequired\":true,\"valueName\":\"search_term_string\"}}],\"inLanguage\":\"hu\"},{\"@type\":\"Organization\",\"@id\":\"https:\/\/microsensor.hu\/#organization\",\"name\":\"Microsensor Kft.\",\"url\":\"https:\/\/microsensor.hu\/\",\"logo\":{\"@type\":\"ImageObject\",\"inLanguage\":\"hu\",\"@id\":\"https:\/\/microsensor.hu\/#\/schema\/logo\/image\/\",\"url\":\"https:\/\/microsensor.hu\/wp-content\/uploads\/2022\/11\/logo1.png\",\"contentUrl\":\"https:\/\/microsensor.hu\/wp-content\/uploads\/2022\/11\/logo1.png\",\"width\":454,\"height\":454,\"caption\":\"Microsensor Kft.\"},\"image\":{\"@id\":\"https:\/\/microsensor.hu\/#\/schema\/logo\/image\/\"}}]}<\/script>\n<!-- \/ Yoast SEO plugin. -->","yoast_head_json":{"title":"Rep\u00fcl\u0151g\u00e9pkalibr\u00e1torok - Microsensor Kft.","robots":{"index":"index","follow":"follow","max-snippet":"max-snippet:-1","max-image-preview":"max-image-preview:large","max-video-preview":"max-video-preview:-1"},"canonical":"https:\/\/microsensor.hu\/termekek\/druck\/repulogepkalibratorok\/","og_locale":"hu_HU","og_type":"article","og_title":"Rep\u00fcl\u0151g\u00e9pkalibr\u00e1torok - Microsensor Kft.","og_description":"A Druck rep\u00fcl\u0151g\u00e9p-kalibr\u00e1tor\u00e1val a rep\u00fcl\u0151g\u00e9p pil\u00f3taf\u00fclk\u00e9j\u00e9nek minden olyan m\u0171szere ellen\u0151rizhet\u0151 \u00e9s kalibr\u00e1lhat\u00f3, amely nyom\u00e1sm\u00e9r\u00e9sre vezethet\u0151 vissza. Ezek a m\u0171szerek a magass\u00e1gm\u00e9r\u0151 (altim\u00e9ter), sebess\u00e9gindik\u00e1tor, emelked\u00e9si sebess\u00e9g (rate of climb), Mach-m\u00e9ter, rep\u00fcl\u00e9si adatfeldolgoz\u00f3 sz\u00e1m\u00edt\u00f3g\u00e9p. Ezeket a kalibr\u00e1l\u00e1si m\u0171veleteket a Druck rep\u00fcl\u0151g\u00e9p-kalibr\u00e1tor\u00e1n elhelyezked\u0151 Ps (static) \u00e9s Pt (pilot) nyom\u00e1sm\u00e9r\u0151k teszik lehet\u0151v\u00e9. A rep\u00fcl\u0151g\u00e9p-kalibr\u00e1torok k\u00f6z\u00f6s t\u00edpusjele: ADTS. Ezen bel\u00fcl [&hellip;]","og_url":"https:\/\/microsensor.hu\/termekek\/druck\/repulogepkalibratorok\/","og_site_name":"Microsensor Kft.","article_modified_time":"2026-02-05T09:42:08+00:00","og_image":[{"width":737,"height":250,"url":"https:\/\/microsensor.hu\/wp-content\/uploads\/2014\/10\/Rep\u00fcl\u0151g\u00e9pkalibr\u00e1torok.jpg","type":"image\/jpeg"}],"twitter_card":"summary_large_image","twitter_misc":{"Becs\u00fclt olvas\u00e1si id\u0151":"3 perc"},"schema":{"@context":"https:\/\/schema.org","@graph":[{"@type":"WebPage","@id":"https:\/\/microsensor.hu\/termekek\/druck\/repulogepkalibratorok\/","url":"https:\/\/microsensor.hu\/termekek\/druck\/repulogepkalibratorok\/","name":"Rep\u00fcl\u0151g\u00e9pkalibr\u00e1torok - Microsensor Kft.","isPartOf":{"@id":"https:\/\/microsensor.hu\/#website"},"primaryImageOfPage":{"@id":"https:\/\/microsensor.hu\/termekek\/druck\/repulogepkalibratorok\/#primaryimage"},"image":{"@id":"https:\/\/microsensor.hu\/termekek\/druck\/repulogepkalibratorok\/#primaryimage"},"thumbnailUrl":"https:\/\/microsensor.hu\/wp-content\/uploads\/2014\/10\/Rep\u00fcl\u0151g\u00e9pkalibr\u00e1torok.jpg","datePublished":"2014-10-17T12:12:19+00:00","dateModified":"2026-02-05T09:42:08+00:00","breadcrumb":{"@id":"https:\/\/microsensor.hu\/termekek\/druck\/repulogepkalibratorok\/#breadcrumb"},"inLanguage":"hu","potentialAction":[{"@type":"ReadAction","target":["https:\/\/microsensor.hu\/termekek\/druck\/repulogepkalibratorok\/"]}]},{"@type":"ImageObject","inLanguage":"hu","@id":"https:\/\/microsensor.hu\/termekek\/druck\/repulogepkalibratorok\/#primaryimage","url":"https:\/\/microsensor.hu\/wp-content\/uploads\/2014\/10\/Rep\u00fcl\u0151g\u00e9pkalibr\u00e1torok.jpg","contentUrl":"https:\/\/microsensor.hu\/wp-content\/uploads\/2014\/10\/Rep\u00fcl\u0151g\u00e9pkalibr\u00e1torok.jpg","width":737,"height":250},{"@type":"BreadcrumbList","@id":"https:\/\/microsensor.hu\/termekek\/druck\/repulogepkalibratorok\/#breadcrumb","itemListElement":[{"@type":"ListItem","position":1,"name":"Kezd\u0151lap","item":"https:\/\/microsensor.hu\/"},{"@type":"ListItem","position":2,"name":"Term\u00e9kek","item":"https:\/\/microsensor.hu\/termekek\/"},{"@type":"ListItem","position":3,"name":"Druck","item":"https:\/\/microsensor.hu\/termekek\/druck\/"},{"@type":"ListItem","position":4,"name":"Rep\u00fcl\u0151g\u00e9pkalibr\u00e1torok"}]},{"@type":"WebSite","@id":"https:\/\/microsensor.hu\/#website","url":"https:\/\/microsensor.hu\/","name":"Microsensor Kft.","description":"","publisher":{"@id":"https:\/\/microsensor.hu\/#organization"},"potentialAction":[{"@type":"SearchAction","target":{"@type":"EntryPoint","urlTemplate":"https:\/\/microsensor.hu\/?s={search_term_string}"},"query-input":{"@type":"PropertyValueSpecification","valueRequired":true,"valueName":"search_term_string"}}],"inLanguage":"hu"},{"@type":"Organization","@id":"https:\/\/microsensor.hu\/#organization","name":"Microsensor Kft.","url":"https:\/\/microsensor.hu\/","logo":{"@type":"ImageObject","inLanguage":"hu","@id":"https:\/\/microsensor.hu\/#\/schema\/logo\/image\/","url":"https:\/\/microsensor.hu\/wp-content\/uploads\/2022\/11\/logo1.png","contentUrl":"https:\/\/microsensor.hu\/wp-content\/uploads\/2022\/11\/logo1.png","width":454,"height":454,"caption":"Microsensor Kft."},"image":{"@id":"https:\/\/microsensor.hu\/#\/schema\/logo\/image\/"}}]}},"_links":{"self":[{"href":"https:\/\/microsensor.hu\/wp-json\/wp\/v2\/pages\/131","targetHints":{"allow":["GET"]}}],"collection":[{"href":"https:\/\/microsensor.hu\/wp-json\/wp\/v2\/pages"}],"about":[{"href":"https:\/\/microsensor.hu\/wp-json\/wp\/v2\/types\/page"}],"author":[{"embeddable":true,"href":"https:\/\/microsensor.hu\/wp-json\/wp\/v2\/users\/1"}],"replies":[{"embeddable":true,"href":"https:\/\/microsensor.hu\/wp-json\/wp\/v2\/comments?post=131"}],"version-history":[{"count":20,"href":"https:\/\/microsensor.hu\/wp-json\/wp\/v2\/pages\/131\/revisions"}],"predecessor-version":[{"id":1295,"href":"https:\/\/microsensor.hu\/wp-json\/wp\/v2\/pages\/131\/revisions\/1295"}],"up":[{"embeddable":true,"href":"https:\/\/microsensor.hu\/wp-json\/wp\/v2\/pages\/21"}],"wp:featuredmedia":[{"embeddable":true,"href":"https:\/\/microsensor.hu\/wp-json\/wp\/v2\/media\/132"}],"wp:attachment":[{"href":"https:\/\/microsensor.hu\/wp-json\/wp\/v2\/media?parent=131"}],"curies":[{"name":"wp","href":"https:\/\/api.w.org\/{rel}","templated":true}]}}