{"id":251,"date":"2014-11-07T08:21:42","date_gmt":"2014-11-07T07:21:42","guid":{"rendered":"https:\/\/microsensor.hu\/?page_id=251"},"modified":"2022-04-26T13:51:09","modified_gmt":"2022-04-26T11:51:09","slug":"ruska-nyomaskontrollerek","status":"publish","type":"page","link":"https:\/\/microsensor.hu\/termekek\/fluke\/ruska-nyomaskontrollerek\/","title":{"rendered":"RUSKA nyom\u00e1skontrollerek"},"content":{"rendered":"<p style=\"text-align: justify;\">A RUSKA nyom\u00e1skontrollerek automatikus digit\u00e1lis m\u0171szerek a k\u00edv\u00e1nt nyom\u00e1sok pneumatikus vagy hidraulikus elven t\u00f6rt\u00e9n\u0151 automatikus el\u0151\u00e1ll\u00edt\u00e1s\u00e1ra. A nyom\u00e1skontrollerek t\u00edpusai: <a href=\"https:\/\/us.flukecal.com\/products\/pressure-calibration\/automated-pressure-controller-calibrators\/7250-series-pressure-control?quicktabs_product_details=3#quicktabs-product_details\">7250<\/a>, <a href=\"http:\/\/us.flukecal.com\/products\/pressure-calibration\/pressure-controllercalibrators\/7000-series-pressure-controllerscalib-2\">7252<\/a>, <a href=\"http:\/\/us.flukecal.com\/products\/pressure-calibration\/pressure-controllercalibrators\/7000-series-pressure-controllerscalib-8\">7250LP<\/a>. A maxim\u00e1lis nyom\u00e1startom\u00e1ny: 2750 bar, a pontoss\u00e1g el\u00e9rheti a 0,005% rdg-t.<\/p>\n","protected":false},"excerpt":{"rendered":"<p>A RUSKA nyom\u00e1skontrollerek automatikus digit\u00e1lis m\u0171szerek a k\u00edv\u00e1nt nyom\u00e1sok pneumatikus vagy hidraulikus elven t\u00f6rt\u00e9n\u0151 automatikus el\u0151\u00e1ll\u00edt\u00e1s\u00e1ra. A nyom\u00e1skontrollerek t\u00edpusai: 7250, 7252, 7250LP. A maxim\u00e1lis nyom\u00e1startom\u00e1ny: 2750 bar, a pontoss\u00e1g el\u00e9rheti a 0,005% rdg-t.<\/p>\n","protected":false},"author":1,"featured_media":275,"parent":19,"menu_order":2,"comment_status":"closed","ping_status":"closed","template":"","meta":{"_et_pb_use_builder":"","_et_pb_old_content":"","_et_gb_content_width":"","footnotes":""},"class_list":["post-251","page","type-page","status-publish","has-post-thumbnail","hentry"],"yoast_head":"<!-- This site is optimized with the Yoast SEO plugin v26.8 - https:\/\/yoast.com\/product\/yoast-seo-wordpress\/ -->\n<title>RUSKA nyom\u00e1skontrollerek - Microsensor Kft.<\/title>\n<meta name=\"robots\" content=\"index, follow, max-snippet:-1, max-image-preview:large, max-video-preview:-1\" \/>\n<link rel=\"canonical\" href=\"https:\/\/microsensor.hu\/termekek\/fluke\/ruska-nyomaskontrollerek\/\" \/>\n<meta property=\"og:locale\" content=\"hu_HU\" \/>\n<meta property=\"og:type\" content=\"article\" \/>\n<meta property=\"og:title\" content=\"RUSKA nyom\u00e1skontrollerek - Microsensor Kft.\" \/>\n<meta property=\"og:description\" content=\"A RUSKA nyom\u00e1skontrollerek automatikus digit\u00e1lis m\u0171szerek a k\u00edv\u00e1nt nyom\u00e1sok pneumatikus vagy hidraulikus elven t\u00f6rt\u00e9n\u0151 automatikus el\u0151\u00e1ll\u00edt\u00e1s\u00e1ra. A nyom\u00e1skontrollerek t\u00edpusai: 7250, 7252, 7250LP. A maxim\u00e1lis nyom\u00e1startom\u00e1ny: 2750 bar, a pontoss\u00e1g el\u00e9rheti a 0,005% rdg-t.\" \/>\n<meta property=\"og:url\" content=\"https:\/\/microsensor.hu\/termekek\/fluke\/ruska-nyomaskontrollerek\/\" \/>\n<meta property=\"og:site_name\" content=\"Microsensor Kft.\" \/>\n<meta property=\"article:modified_time\" content=\"2022-04-26T11:51:09+00:00\" \/>\n<meta property=\"og:image\" content=\"https:\/\/microsensor.hu\/wp-content\/uploads\/2014\/11\/Ruska-nyom\u00e1skontroller.png\" \/>\n\t<meta property=\"og:image:width\" content=\"416\" \/>\n\t<meta property=\"og:image:height\" content=\"137\" \/>\n\t<meta property=\"og:image:type\" content=\"image\/png\" \/>\n<meta name=\"twitter:card\" content=\"summary_large_image\" \/>\n<script type=\"application\/ld+json\" class=\"yoast-schema-graph\">{\"@context\":\"https:\/\/schema.org\",\"@graph\":[{\"@type\":\"WebPage\",\"@id\":\"https:\/\/microsensor.hu\/termekek\/fluke\/ruska-nyomaskontrollerek\/\",\"url\":\"https:\/\/microsensor.hu\/termekek\/fluke\/ruska-nyomaskontrollerek\/\",\"name\":\"RUSKA nyom\u00e1skontrollerek - Microsensor Kft.\",\"isPartOf\":{\"@id\":\"https:\/\/microsensor.hu\/#website\"},\"primaryImageOfPage\":{\"@id\":\"https:\/\/microsensor.hu\/termekek\/fluke\/ruska-nyomaskontrollerek\/#primaryimage\"},\"image\":{\"@id\":\"https:\/\/microsensor.hu\/termekek\/fluke\/ruska-nyomaskontrollerek\/#primaryimage\"},\"thumbnailUrl\":\"https:\/\/microsensor.hu\/wp-content\/uploads\/2014\/11\/Ruska-nyom\u00e1skontroller.png\",\"datePublished\":\"2014-11-07T07:21:42+00:00\",\"dateModified\":\"2022-04-26T11:51:09+00:00\",\"breadcrumb\":{\"@id\":\"https:\/\/microsensor.hu\/termekek\/fluke\/ruska-nyomaskontrollerek\/#breadcrumb\"},\"inLanguage\":\"hu\",\"potentialAction\":[{\"@type\":\"ReadAction\",\"target\":[\"https:\/\/microsensor.hu\/termekek\/fluke\/ruska-nyomaskontrollerek\/\"]}]},{\"@type\":\"ImageObject\",\"inLanguage\":\"hu\",\"@id\":\"https:\/\/microsensor.hu\/termekek\/fluke\/ruska-nyomaskontrollerek\/#primaryimage\",\"url\":\"https:\/\/microsensor.hu\/wp-content\/uploads\/2014\/11\/Ruska-nyom\u00e1skontroller.png\",\"contentUrl\":\"https:\/\/microsensor.hu\/wp-content\/uploads\/2014\/11\/Ruska-nyom\u00e1skontroller.png\",\"width\":416,\"height\":137},{\"@type\":\"BreadcrumbList\",\"@id\":\"https:\/\/microsensor.hu\/termekek\/fluke\/ruska-nyomaskontrollerek\/#breadcrumb\",\"itemListElement\":[{\"@type\":\"ListItem\",\"position\":1,\"name\":\"Kezd\u0151lap\",\"item\":\"https:\/\/microsensor.hu\/\"},{\"@type\":\"ListItem\",\"position\":2,\"name\":\"Term\u00e9kek\",\"item\":\"https:\/\/microsensor.hu\/termekek\/\"},{\"@type\":\"ListItem\",\"position\":3,\"name\":\"Fluke\",\"item\":\"https:\/\/microsensor.hu\/termekek\/fluke\/\"},{\"@type\":\"ListItem\",\"position\":4,\"name\":\"RUSKA nyom\u00e1skontrollerek\"}]},{\"@type\":\"WebSite\",\"@id\":\"https:\/\/microsensor.hu\/#website\",\"url\":\"https:\/\/microsensor.hu\/\",\"name\":\"Microsensor Kft.\",\"description\":\"\",\"publisher\":{\"@id\":\"https:\/\/microsensor.hu\/#organization\"},\"potentialAction\":[{\"@type\":\"SearchAction\",\"target\":{\"@type\":\"EntryPoint\",\"urlTemplate\":\"https:\/\/microsensor.hu\/?s={search_term_string}\"},\"query-input\":{\"@type\":\"PropertyValueSpecification\",\"valueRequired\":true,\"valueName\":\"search_term_string\"}}],\"inLanguage\":\"hu\"},{\"@type\":\"Organization\",\"@id\":\"https:\/\/microsensor.hu\/#organization\",\"name\":\"Microsensor Kft.\",\"url\":\"https:\/\/microsensor.hu\/\",\"logo\":{\"@type\":\"ImageObject\",\"inLanguage\":\"hu\",\"@id\":\"https:\/\/microsensor.hu\/#\/schema\/logo\/image\/\",\"url\":\"https:\/\/microsensor.hu\/wp-content\/uploads\/2022\/11\/logo1.png\",\"contentUrl\":\"https:\/\/microsensor.hu\/wp-content\/uploads\/2022\/11\/logo1.png\",\"width\":454,\"height\":454,\"caption\":\"Microsensor Kft.\"},\"image\":{\"@id\":\"https:\/\/microsensor.hu\/#\/schema\/logo\/image\/\"}}]}<\/script>\n<!-- \/ Yoast SEO plugin. -->","yoast_head_json":{"title":"RUSKA nyom\u00e1skontrollerek - Microsensor Kft.","robots":{"index":"index","follow":"follow","max-snippet":"max-snippet:-1","max-image-preview":"max-image-preview:large","max-video-preview":"max-video-preview:-1"},"canonical":"https:\/\/microsensor.hu\/termekek\/fluke\/ruska-nyomaskontrollerek\/","og_locale":"hu_HU","og_type":"article","og_title":"RUSKA nyom\u00e1skontrollerek - Microsensor Kft.","og_description":"A RUSKA nyom\u00e1skontrollerek automatikus digit\u00e1lis m\u0171szerek a k\u00edv\u00e1nt nyom\u00e1sok pneumatikus vagy hidraulikus elven t\u00f6rt\u00e9n\u0151 automatikus el\u0151\u00e1ll\u00edt\u00e1s\u00e1ra. A nyom\u00e1skontrollerek t\u00edpusai: 7250, 7252, 7250LP. A maxim\u00e1lis nyom\u00e1startom\u00e1ny: 2750 bar, a pontoss\u00e1g el\u00e9rheti a 0,005% rdg-t.","og_url":"https:\/\/microsensor.hu\/termekek\/fluke\/ruska-nyomaskontrollerek\/","og_site_name":"Microsensor Kft.","article_modified_time":"2022-04-26T11:51:09+00:00","og_image":[{"width":416,"height":137,"url":"https:\/\/microsensor.hu\/wp-content\/uploads\/2014\/11\/Ruska-nyom\u00e1skontroller.png","type":"image\/png"}],"twitter_card":"summary_large_image","schema":{"@context":"https:\/\/schema.org","@graph":[{"@type":"WebPage","@id":"https:\/\/microsensor.hu\/termekek\/fluke\/ruska-nyomaskontrollerek\/","url":"https:\/\/microsensor.hu\/termekek\/fluke\/ruska-nyomaskontrollerek\/","name":"RUSKA nyom\u00e1skontrollerek - Microsensor Kft.","isPartOf":{"@id":"https:\/\/microsensor.hu\/#website"},"primaryImageOfPage":{"@id":"https:\/\/microsensor.hu\/termekek\/fluke\/ruska-nyomaskontrollerek\/#primaryimage"},"image":{"@id":"https:\/\/microsensor.hu\/termekek\/fluke\/ruska-nyomaskontrollerek\/#primaryimage"},"thumbnailUrl":"https:\/\/microsensor.hu\/wp-content\/uploads\/2014\/11\/Ruska-nyom\u00e1skontroller.png","datePublished":"2014-11-07T07:21:42+00:00","dateModified":"2022-04-26T11:51:09+00:00","breadcrumb":{"@id":"https:\/\/microsensor.hu\/termekek\/fluke\/ruska-nyomaskontrollerek\/#breadcrumb"},"inLanguage":"hu","potentialAction":[{"@type":"ReadAction","target":["https:\/\/microsensor.hu\/termekek\/fluke\/ruska-nyomaskontrollerek\/"]}]},{"@type":"ImageObject","inLanguage":"hu","@id":"https:\/\/microsensor.hu\/termekek\/fluke\/ruska-nyomaskontrollerek\/#primaryimage","url":"https:\/\/microsensor.hu\/wp-content\/uploads\/2014\/11\/Ruska-nyom\u00e1skontroller.png","contentUrl":"https:\/\/microsensor.hu\/wp-content\/uploads\/2014\/11\/Ruska-nyom\u00e1skontroller.png","width":416,"height":137},{"@type":"BreadcrumbList","@id":"https:\/\/microsensor.hu\/termekek\/fluke\/ruska-nyomaskontrollerek\/#breadcrumb","itemListElement":[{"@type":"ListItem","position":1,"name":"Kezd\u0151lap","item":"https:\/\/microsensor.hu\/"},{"@type":"ListItem","position":2,"name":"Term\u00e9kek","item":"https:\/\/microsensor.hu\/termekek\/"},{"@type":"ListItem","position":3,"name":"Fluke","item":"https:\/\/microsensor.hu\/termekek\/fluke\/"},{"@type":"ListItem","position":4,"name":"RUSKA nyom\u00e1skontrollerek"}]},{"@type":"WebSite","@id":"https:\/\/microsensor.hu\/#website","url":"https:\/\/microsensor.hu\/","name":"Microsensor Kft.","description":"","publisher":{"@id":"https:\/\/microsensor.hu\/#organization"},"potentialAction":[{"@type":"SearchAction","target":{"@type":"EntryPoint","urlTemplate":"https:\/\/microsensor.hu\/?s={search_term_string}"},"query-input":{"@type":"PropertyValueSpecification","valueRequired":true,"valueName":"search_term_string"}}],"inLanguage":"hu"},{"@type":"Organization","@id":"https:\/\/microsensor.hu\/#organization","name":"Microsensor Kft.","url":"https:\/\/microsensor.hu\/","logo":{"@type":"ImageObject","inLanguage":"hu","@id":"https:\/\/microsensor.hu\/#\/schema\/logo\/image\/","url":"https:\/\/microsensor.hu\/wp-content\/uploads\/2022\/11\/logo1.png","contentUrl":"https:\/\/microsensor.hu\/wp-content\/uploads\/2022\/11\/logo1.png","width":454,"height":454,"caption":"Microsensor Kft."},"image":{"@id":"https:\/\/microsensor.hu\/#\/schema\/logo\/image\/"}}]}},"_links":{"self":[{"href":"https:\/\/microsensor.hu\/wp-json\/wp\/v2\/pages\/251","targetHints":{"allow":["GET"]}}],"collection":[{"href":"https:\/\/microsensor.hu\/wp-json\/wp\/v2\/pages"}],"about":[{"href":"https:\/\/microsensor.hu\/wp-json\/wp\/v2\/types\/page"}],"author":[{"embeddable":true,"href":"https:\/\/microsensor.hu\/wp-json\/wp\/v2\/users\/1"}],"replies":[{"embeddable":true,"href":"https:\/\/microsensor.hu\/wp-json\/wp\/v2\/comments?post=251"}],"version-history":[{"count":5,"href":"https:\/\/microsensor.hu\/wp-json\/wp\/v2\/pages\/251\/revisions"}],"predecessor-version":[{"id":990,"href":"https:\/\/microsensor.hu\/wp-json\/wp\/v2\/pages\/251\/revisions\/990"}],"up":[{"embeddable":true,"href":"https:\/\/microsensor.hu\/wp-json\/wp\/v2\/pages\/19"}],"wp:featuredmedia":[{"embeddable":true,"href":"https:\/\/microsensor.hu\/wp-json\/wp\/v2\/media\/275"}],"wp:attachment":[{"href":"https:\/\/microsensor.hu\/wp-json\/wp\/v2\/media?parent=251"}],"curies":[{"name":"wp","href":"https:\/\/api.w.org\/{rel}","templated":true}]}}