{"id":254,"date":"2014-11-07T08:22:36","date_gmt":"2014-11-07T07:22:36","guid":{"rendered":"https:\/\/microsensor.hu\/?page_id=254"},"modified":"2022-04-25T18:41:29","modified_gmt":"2022-04-25T16:41:29","slug":"pressurements","status":"publish","type":"page","link":"https:\/\/microsensor.hu\/termekek\/fluke\/pressurements\/","title":{"rendered":"Pressurements"},"content":{"rendered":"<p style=\"text-align: justify;\">A Pressurements s\u00falyterhel\u00e9ses padjai primer laborat\u00f3riumi etalonok. A <a href=\"http:\/\/us.flukecal.com\/products\/pressure-calibration\/deadweight-testers\/pneumatic-deadweight-testers\/p3000-pneumatic-deadwe\">P3000\u00a0<\/a>sorozat pneumatikus elven, a <a href=\"http:\/\/us.flukecal.com\/products\/pressure-calibration\/deadweight-testers\/oil-deadweight-testers\/p3100-hydraulic-deadweight-t\">P3100<\/a>, <a href=\"http:\/\/us.flukecal.com\/products\/pressure-calibration\/deadweight-testers\/water-deadweight-testers\/p3200-hydraulic-deadweight\">P3200<\/a>, <a href=\"http:\/\/us.flukecal.com\/products\/pressure-calibration\/deadweight-testers\/p3800-hydraulic-deadweight-testers\">P3800\u00a0<\/a>sorozat hidraulikus elven \u00e1ll\u00edtja el\u0151 a nyom\u00e1st. A <a href=\"http:\/\/us.flukecal.com\/products\/process-calibration-tools\/pressure-calibrators\/comparison-pressure-pumps\/p5510-pneumatic-co\">P5500 <\/a>nyom\u00e1s \u00f6sszehasonl\u00edt\u00f3 teszter. A maxim\u00e1lis gener\u00e1lhat\u00f3 nyom\u00e1s 4000 bar, a legnagyobb el\u00e9rhet\u0151 pontoss\u00e1g: 0,008% rdg.<\/p>\n","protected":false},"excerpt":{"rendered":"<p>A Pressurements s\u00falyterhel\u00e9ses padjai primer laborat\u00f3riumi etalonok. A P3000\u00a0sorozat pneumatikus elven, a P3100, P3200, P3800\u00a0sorozat hidraulikus elven \u00e1ll\u00edtja el\u0151 a nyom\u00e1st. A P5500 nyom\u00e1s \u00f6sszehasonl\u00edt\u00f3 teszter. A maxim\u00e1lis gener\u00e1lhat\u00f3 nyom\u00e1s 4000 bar, a legnagyobb el\u00e9rhet\u0151 pontoss\u00e1g: 0,008% rdg.<\/p>\n","protected":false},"author":1,"featured_media":277,"parent":19,"menu_order":6,"comment_status":"closed","ping_status":"closed","template":"","meta":{"_et_pb_use_builder":"","_et_pb_old_content":"","_et_gb_content_width":"","footnotes":""},"class_list":["post-254","page","type-page","status-publish","has-post-thumbnail","hentry"],"yoast_head":"<!-- This site is optimized with the Yoast SEO plugin v26.8 - https:\/\/yoast.com\/product\/yoast-seo-wordpress\/ -->\n<title>Pressurements - Microsensor Kft.<\/title>\n<meta name=\"robots\" content=\"index, follow, max-snippet:-1, max-image-preview:large, max-video-preview:-1\" \/>\n<link rel=\"canonical\" href=\"https:\/\/microsensor.hu\/termekek\/fluke\/pressurements\/\" \/>\n<meta property=\"og:locale\" content=\"hu_HU\" \/>\n<meta property=\"og:type\" content=\"article\" \/>\n<meta property=\"og:title\" content=\"Pressurements - Microsensor Kft.\" \/>\n<meta property=\"og:description\" content=\"A Pressurements s\u00falyterhel\u00e9ses padjai primer laborat\u00f3riumi etalonok. A P3000\u00a0sorozat pneumatikus elven, a P3100, P3200, P3800\u00a0sorozat hidraulikus elven \u00e1ll\u00edtja el\u0151 a nyom\u00e1st. A P5500 nyom\u00e1s \u00f6sszehasonl\u00edt\u00f3 teszter. A maxim\u00e1lis gener\u00e1lhat\u00f3 nyom\u00e1s 4000 bar, a legnagyobb el\u00e9rhet\u0151 pontoss\u00e1g: 0,008% rdg.\" \/>\n<meta property=\"og:url\" content=\"https:\/\/microsensor.hu\/termekek\/fluke\/pressurements\/\" \/>\n<meta property=\"og:site_name\" content=\"Microsensor Kft.\" \/>\n<meta property=\"article:modified_time\" content=\"2022-04-25T16:41:29+00:00\" \/>\n<meta property=\"og:image\" content=\"https:\/\/microsensor.hu\/wp-content\/uploads\/2014\/11\/Pressurements-s\u00falyterhel\u00e9ses-pad1.png\" \/>\n\t<meta property=\"og:image:width\" content=\"416\" \/>\n\t<meta property=\"og:image:height\" content=\"137\" \/>\n\t<meta property=\"og:image:type\" content=\"image\/png\" \/>\n<meta name=\"twitter:card\" content=\"summary_large_image\" \/>\n<script type=\"application\/ld+json\" class=\"yoast-schema-graph\">{\"@context\":\"https:\/\/schema.org\",\"@graph\":[{\"@type\":\"WebPage\",\"@id\":\"https:\/\/microsensor.hu\/termekek\/fluke\/pressurements\/\",\"url\":\"https:\/\/microsensor.hu\/termekek\/fluke\/pressurements\/\",\"name\":\"Pressurements - Microsensor Kft.\",\"isPartOf\":{\"@id\":\"https:\/\/microsensor.hu\/#website\"},\"primaryImageOfPage\":{\"@id\":\"https:\/\/microsensor.hu\/termekek\/fluke\/pressurements\/#primaryimage\"},\"image\":{\"@id\":\"https:\/\/microsensor.hu\/termekek\/fluke\/pressurements\/#primaryimage\"},\"thumbnailUrl\":\"https:\/\/microsensor.hu\/wp-content\/uploads\/2014\/11\/Pressurements-s\u00falyterhel\u00e9ses-pad1.png\",\"datePublished\":\"2014-11-07T07:22:36+00:00\",\"dateModified\":\"2022-04-25T16:41:29+00:00\",\"breadcrumb\":{\"@id\":\"https:\/\/microsensor.hu\/termekek\/fluke\/pressurements\/#breadcrumb\"},\"inLanguage\":\"hu\",\"potentialAction\":[{\"@type\":\"ReadAction\",\"target\":[\"https:\/\/microsensor.hu\/termekek\/fluke\/pressurements\/\"]}]},{\"@type\":\"ImageObject\",\"inLanguage\":\"hu\",\"@id\":\"https:\/\/microsensor.hu\/termekek\/fluke\/pressurements\/#primaryimage\",\"url\":\"https:\/\/microsensor.hu\/wp-content\/uploads\/2014\/11\/Pressurements-s\u00falyterhel\u00e9ses-pad1.png\",\"contentUrl\":\"https:\/\/microsensor.hu\/wp-content\/uploads\/2014\/11\/Pressurements-s\u00falyterhel\u00e9ses-pad1.png\",\"width\":416,\"height\":137},{\"@type\":\"BreadcrumbList\",\"@id\":\"https:\/\/microsensor.hu\/termekek\/fluke\/pressurements\/#breadcrumb\",\"itemListElement\":[{\"@type\":\"ListItem\",\"position\":1,\"name\":\"Kezd\u0151lap\",\"item\":\"https:\/\/microsensor.hu\/\"},{\"@type\":\"ListItem\",\"position\":2,\"name\":\"Term\u00e9kek\",\"item\":\"https:\/\/microsensor.hu\/termekek\/\"},{\"@type\":\"ListItem\",\"position\":3,\"name\":\"Fluke\",\"item\":\"https:\/\/microsensor.hu\/termekek\/fluke\/\"},{\"@type\":\"ListItem\",\"position\":4,\"name\":\"Pressurements\"}]},{\"@type\":\"WebSite\",\"@id\":\"https:\/\/microsensor.hu\/#website\",\"url\":\"https:\/\/microsensor.hu\/\",\"name\":\"Microsensor Kft.\",\"description\":\"\",\"publisher\":{\"@id\":\"https:\/\/microsensor.hu\/#organization\"},\"potentialAction\":[{\"@type\":\"SearchAction\",\"target\":{\"@type\":\"EntryPoint\",\"urlTemplate\":\"https:\/\/microsensor.hu\/?s={search_term_string}\"},\"query-input\":{\"@type\":\"PropertyValueSpecification\",\"valueRequired\":true,\"valueName\":\"search_term_string\"}}],\"inLanguage\":\"hu\"},{\"@type\":\"Organization\",\"@id\":\"https:\/\/microsensor.hu\/#organization\",\"name\":\"Microsensor Kft.\",\"url\":\"https:\/\/microsensor.hu\/\",\"logo\":{\"@type\":\"ImageObject\",\"inLanguage\":\"hu\",\"@id\":\"https:\/\/microsensor.hu\/#\/schema\/logo\/image\/\",\"url\":\"https:\/\/microsensor.hu\/wp-content\/uploads\/2022\/11\/logo1.png\",\"contentUrl\":\"https:\/\/microsensor.hu\/wp-content\/uploads\/2022\/11\/logo1.png\",\"width\":454,\"height\":454,\"caption\":\"Microsensor Kft.\"},\"image\":{\"@id\":\"https:\/\/microsensor.hu\/#\/schema\/logo\/image\/\"}}]}<\/script>\n<!-- \/ Yoast SEO plugin. -->","yoast_head_json":{"title":"Pressurements - Microsensor Kft.","robots":{"index":"index","follow":"follow","max-snippet":"max-snippet:-1","max-image-preview":"max-image-preview:large","max-video-preview":"max-video-preview:-1"},"canonical":"https:\/\/microsensor.hu\/termekek\/fluke\/pressurements\/","og_locale":"hu_HU","og_type":"article","og_title":"Pressurements - Microsensor Kft.","og_description":"A Pressurements s\u00falyterhel\u00e9ses padjai primer laborat\u00f3riumi etalonok. A P3000\u00a0sorozat pneumatikus elven, a P3100, P3200, P3800\u00a0sorozat hidraulikus elven \u00e1ll\u00edtja el\u0151 a nyom\u00e1st. A P5500 nyom\u00e1s \u00f6sszehasonl\u00edt\u00f3 teszter. A maxim\u00e1lis gener\u00e1lhat\u00f3 nyom\u00e1s 4000 bar, a legnagyobb el\u00e9rhet\u0151 pontoss\u00e1g: 0,008% rdg.","og_url":"https:\/\/microsensor.hu\/termekek\/fluke\/pressurements\/","og_site_name":"Microsensor Kft.","article_modified_time":"2022-04-25T16:41:29+00:00","og_image":[{"width":416,"height":137,"url":"https:\/\/microsensor.hu\/wp-content\/uploads\/2014\/11\/Pressurements-s\u00falyterhel\u00e9ses-pad1.png","type":"image\/png"}],"twitter_card":"summary_large_image","schema":{"@context":"https:\/\/schema.org","@graph":[{"@type":"WebPage","@id":"https:\/\/microsensor.hu\/termekek\/fluke\/pressurements\/","url":"https:\/\/microsensor.hu\/termekek\/fluke\/pressurements\/","name":"Pressurements - Microsensor Kft.","isPartOf":{"@id":"https:\/\/microsensor.hu\/#website"},"primaryImageOfPage":{"@id":"https:\/\/microsensor.hu\/termekek\/fluke\/pressurements\/#primaryimage"},"image":{"@id":"https:\/\/microsensor.hu\/termekek\/fluke\/pressurements\/#primaryimage"},"thumbnailUrl":"https:\/\/microsensor.hu\/wp-content\/uploads\/2014\/11\/Pressurements-s\u00falyterhel\u00e9ses-pad1.png","datePublished":"2014-11-07T07:22:36+00:00","dateModified":"2022-04-25T16:41:29+00:00","breadcrumb":{"@id":"https:\/\/microsensor.hu\/termekek\/fluke\/pressurements\/#breadcrumb"},"inLanguage":"hu","potentialAction":[{"@type":"ReadAction","target":["https:\/\/microsensor.hu\/termekek\/fluke\/pressurements\/"]}]},{"@type":"ImageObject","inLanguage":"hu","@id":"https:\/\/microsensor.hu\/termekek\/fluke\/pressurements\/#primaryimage","url":"https:\/\/microsensor.hu\/wp-content\/uploads\/2014\/11\/Pressurements-s\u00falyterhel\u00e9ses-pad1.png","contentUrl":"https:\/\/microsensor.hu\/wp-content\/uploads\/2014\/11\/Pressurements-s\u00falyterhel\u00e9ses-pad1.png","width":416,"height":137},{"@type":"BreadcrumbList","@id":"https:\/\/microsensor.hu\/termekek\/fluke\/pressurements\/#breadcrumb","itemListElement":[{"@type":"ListItem","position":1,"name":"Kezd\u0151lap","item":"https:\/\/microsensor.hu\/"},{"@type":"ListItem","position":2,"name":"Term\u00e9kek","item":"https:\/\/microsensor.hu\/termekek\/"},{"@type":"ListItem","position":3,"name":"Fluke","item":"https:\/\/microsensor.hu\/termekek\/fluke\/"},{"@type":"ListItem","position":4,"name":"Pressurements"}]},{"@type":"WebSite","@id":"https:\/\/microsensor.hu\/#website","url":"https:\/\/microsensor.hu\/","name":"Microsensor Kft.","description":"","publisher":{"@id":"https:\/\/microsensor.hu\/#organization"},"potentialAction":[{"@type":"SearchAction","target":{"@type":"EntryPoint","urlTemplate":"https:\/\/microsensor.hu\/?s={search_term_string}"},"query-input":{"@type":"PropertyValueSpecification","valueRequired":true,"valueName":"search_term_string"}}],"inLanguage":"hu"},{"@type":"Organization","@id":"https:\/\/microsensor.hu\/#organization","name":"Microsensor Kft.","url":"https:\/\/microsensor.hu\/","logo":{"@type":"ImageObject","inLanguage":"hu","@id":"https:\/\/microsensor.hu\/#\/schema\/logo\/image\/","url":"https:\/\/microsensor.hu\/wp-content\/uploads\/2022\/11\/logo1.png","contentUrl":"https:\/\/microsensor.hu\/wp-content\/uploads\/2022\/11\/logo1.png","width":454,"height":454,"caption":"Microsensor Kft."},"image":{"@id":"https:\/\/microsensor.hu\/#\/schema\/logo\/image\/"}}]}},"_links":{"self":[{"href":"https:\/\/microsensor.hu\/wp-json\/wp\/v2\/pages\/254","targetHints":{"allow":["GET"]}}],"collection":[{"href":"https:\/\/microsensor.hu\/wp-json\/wp\/v2\/pages"}],"about":[{"href":"https:\/\/microsensor.hu\/wp-json\/wp\/v2\/types\/page"}],"author":[{"embeddable":true,"href":"https:\/\/microsensor.hu\/wp-json\/wp\/v2\/users\/1"}],"replies":[{"embeddable":true,"href":"https:\/\/microsensor.hu\/wp-json\/wp\/v2\/comments?post=254"}],"version-history":[{"count":4,"href":"https:\/\/microsensor.hu\/wp-json\/wp\/v2\/pages\/254\/revisions"}],"predecessor-version":[{"id":376,"href":"https:\/\/microsensor.hu\/wp-json\/wp\/v2\/pages\/254\/revisions\/376"}],"up":[{"embeddable":true,"href":"https:\/\/microsensor.hu\/wp-json\/wp\/v2\/pages\/19"}],"wp:featuredmedia":[{"embeddable":true,"href":"https:\/\/microsensor.hu\/wp-json\/wp\/v2\/media\/277"}],"wp:attachment":[{"href":"https:\/\/microsensor.hu\/wp-json\/wp\/v2\/media?parent=254"}],"curies":[{"name":"wp","href":"https:\/\/api.w.org\/{rel}","templated":true}]}}