{"id":257,"date":"2014-11-07T08:23:23","date_gmt":"2014-11-07T07:23:23","guid":{"rendered":"https:\/\/microsensor.hu\/?page_id=257"},"modified":"2022-04-25T18:41:26","modified_gmt":"2022-04-25T16:41:26","slug":"hart-scientific","status":"publish","type":"page","link":"https:\/\/microsensor.hu\/termekek\/fluke\/hart-scientific\/","title":{"rendered":"HART-SCIENTIFIC"},"content":{"rendered":"<p style=\"text-align: justify;\">A HART-SCIENTIFIC a k\u00f6vetkez\u0151 kalibr\u00e1torokat gy\u00e1rtja: Primer platina ellen\u00e1ll\u00e1sh\u0151m\u00e9r\u0151 (<a href=\"http:\/\/us.flukecal.com\/products\/temperature-calibration\/probessensors\/secondary-reference-prts\/5615-secondary-reference-t-1\">5615<\/a>), fix h\u0151m\u00e9rs\u00e9klet\u0171 cell\u00e1k (<a href=\"http:\/\/us.flukecal.com\/products\/temperature-calibration\/its-90-temperature-standards\/5901-triple-point-water-cells-1\">5901<\/a>-es sorozat), h\u0151m\u00e9rs\u00e9kletm\u00e9r\u0151\/kijelz\u0151 m\u0171szerek (<a href=\"http:\/\/us.flukecal.com\/products\/temperature-calibration\/digital-thermometer-readouts\/15231524-reference-thermometers-0\">1523<\/a>, <a href=\"http:\/\/us.flukecal.com\/products\/temperature-calibration\/digital-thermometer-readouts\/1529-chub-e4-standards-thermometer\">1529\u00a0<\/a>t\u00edpusok),\u00a0h\u0151m\u00e9rs\u00e9kletkalibr\u00e1l\u00f3 f\u00fcrd\u0151k (<a href=\"http:\/\/us.flukecal.com\/products\/process-calibration-tools\/temperature-calibrators\/field-temperature-sources\/610271027103-mi\">6000<\/a>-es \u00e9s <a href=\"http:\/\/us.flukecal.com\/products\/process-calibration-tools\/temperature-calibrators\/field-temperature-sources\/610271027103-mi\">7000<\/a>-es sorozat), sz\u00e1raz-f\u00e9mt\u00f6mbtermoszt\u00e1tok (<a href=\"http:\/\/us.flukecal.com\/products\/temperature-calibration\/industrial-calibrators\/field-dry-block-calibrators\">9000<\/a>-es sorozat), infrav\u00f6r\u00f6s kalibr\u00e1torok (<a href=\"http:\/\/us.flukecal.com\/products\/temperature-calibration\/industrial-calibrators\/infrared-calibrators\/41804181-precision-infr\">4180<\/a>-as t\u00edpus), fel\u00fcleti h\u0151m\u00e9rs\u00e9kletkalibr\u00e1tor (<a href=\"http:\/\/us.flukecal.com\/products\/temperature-calibration\/industrial-calibrators\/field-dry-block-calibrators\/3125-surface-p-0\">3125<\/a>-\u00f6s t\u00edpus).<\/p>\n","protected":false},"excerpt":{"rendered":"<p>A HART-SCIENTIFIC a k\u00f6vetkez\u0151 kalibr\u00e1torokat gy\u00e1rtja: Primer platina ellen\u00e1ll\u00e1sh\u0151m\u00e9r\u0151 (5615), fix h\u0151m\u00e9rs\u00e9klet\u0171 cell\u00e1k (5901-es sorozat), h\u0151m\u00e9rs\u00e9kletm\u00e9r\u0151\/kijelz\u0151 m\u0171szerek (1523, 1529\u00a0t\u00edpusok),\u00a0h\u0151m\u00e9rs\u00e9kletkalibr\u00e1l\u00f3 f\u00fcrd\u0151k (6000-es \u00e9s 7000-es sorozat), sz\u00e1raz-f\u00e9mt\u00f6mbtermoszt\u00e1tok (9000-es sorozat), infrav\u00f6r\u00f6s kalibr\u00e1torok (4180-as t\u00edpus), fel\u00fcleti h\u0151m\u00e9rs\u00e9kletkalibr\u00e1tor (3125-\u00f6s t\u00edpus).<\/p>\n","protected":false},"author":1,"featured_media":278,"parent":19,"menu_order":5,"comment_status":"closed","ping_status":"closed","template":"","meta":{"_et_pb_use_builder":"","_et_pb_old_content":"","_et_gb_content_width":"","footnotes":""},"class_list":["post-257","page","type-page","status-publish","has-post-thumbnail","hentry"],"yoast_head":"<!-- This site is optimized with the Yoast SEO plugin v26.8 - https:\/\/yoast.com\/product\/yoast-seo-wordpress\/ -->\n<title>HART-SCIENTIFIC - Microsensor Kft.<\/title>\n<meta name=\"robots\" content=\"index, follow, max-snippet:-1, max-image-preview:large, max-video-preview:-1\" \/>\n<link rel=\"canonical\" href=\"https:\/\/microsensor.hu\/termekek\/fluke\/hart-scientific\/\" \/>\n<meta property=\"og:locale\" content=\"hu_HU\" \/>\n<meta property=\"og:type\" content=\"article\" \/>\n<meta property=\"og:title\" content=\"HART-SCIENTIFIC - Microsensor Kft.\" \/>\n<meta property=\"og:description\" content=\"A HART-SCIENTIFIC a k\u00f6vetkez\u0151 kalibr\u00e1torokat gy\u00e1rtja: Primer platina ellen\u00e1ll\u00e1sh\u0151m\u00e9r\u0151 (5615), fix h\u0151m\u00e9rs\u00e9klet\u0171 cell\u00e1k (5901-es sorozat), h\u0151m\u00e9rs\u00e9kletm\u00e9r\u0151\/kijelz\u0151 m\u0171szerek (1523, 1529\u00a0t\u00edpusok),\u00a0h\u0151m\u00e9rs\u00e9kletkalibr\u00e1l\u00f3 f\u00fcrd\u0151k (6000-es \u00e9s 7000-es sorozat), sz\u00e1raz-f\u00e9mt\u00f6mbtermoszt\u00e1tok (9000-es sorozat), infrav\u00f6r\u00f6s kalibr\u00e1torok (4180-as t\u00edpus), fel\u00fcleti h\u0151m\u00e9rs\u00e9kletkalibr\u00e1tor (3125-\u00f6s t\u00edpus).\" \/>\n<meta property=\"og:url\" content=\"https:\/\/microsensor.hu\/termekek\/fluke\/hart-scientific\/\" \/>\n<meta property=\"og:site_name\" content=\"Microsensor Kft.\" \/>\n<meta property=\"article:modified_time\" content=\"2022-04-25T16:41:26+00:00\" \/>\n<meta property=\"og:image\" content=\"https:\/\/microsensor.hu\/wp-content\/uploads\/2014\/11\/Hart-Scientific-h\u0151m\u00e9rs\u00e9kletkalibr\u00e1torok1.png\" \/>\n\t<meta property=\"og:image:width\" content=\"416\" \/>\n\t<meta property=\"og:image:height\" content=\"137\" \/>\n\t<meta property=\"og:image:type\" content=\"image\/png\" \/>\n<meta name=\"twitter:card\" content=\"summary_large_image\" \/>\n<script type=\"application\/ld+json\" class=\"yoast-schema-graph\">{\"@context\":\"https:\/\/schema.org\",\"@graph\":[{\"@type\":\"WebPage\",\"@id\":\"https:\/\/microsensor.hu\/termekek\/fluke\/hart-scientific\/\",\"url\":\"https:\/\/microsensor.hu\/termekek\/fluke\/hart-scientific\/\",\"name\":\"HART-SCIENTIFIC - Microsensor Kft.\",\"isPartOf\":{\"@id\":\"https:\/\/microsensor.hu\/#website\"},\"primaryImageOfPage\":{\"@id\":\"https:\/\/microsensor.hu\/termekek\/fluke\/hart-scientific\/#primaryimage\"},\"image\":{\"@id\":\"https:\/\/microsensor.hu\/termekek\/fluke\/hart-scientific\/#primaryimage\"},\"thumbnailUrl\":\"https:\/\/microsensor.hu\/wp-content\/uploads\/2014\/11\/Hart-Scientific-h\u0151m\u00e9rs\u00e9kletkalibr\u00e1torok1.png\",\"datePublished\":\"2014-11-07T07:23:23+00:00\",\"dateModified\":\"2022-04-25T16:41:26+00:00\",\"breadcrumb\":{\"@id\":\"https:\/\/microsensor.hu\/termekek\/fluke\/hart-scientific\/#breadcrumb\"},\"inLanguage\":\"hu\",\"potentialAction\":[{\"@type\":\"ReadAction\",\"target\":[\"https:\/\/microsensor.hu\/termekek\/fluke\/hart-scientific\/\"]}]},{\"@type\":\"ImageObject\",\"inLanguage\":\"hu\",\"@id\":\"https:\/\/microsensor.hu\/termekek\/fluke\/hart-scientific\/#primaryimage\",\"url\":\"https:\/\/microsensor.hu\/wp-content\/uploads\/2014\/11\/Hart-Scientific-h\u0151m\u00e9rs\u00e9kletkalibr\u00e1torok1.png\",\"contentUrl\":\"https:\/\/microsensor.hu\/wp-content\/uploads\/2014\/11\/Hart-Scientific-h\u0151m\u00e9rs\u00e9kletkalibr\u00e1torok1.png\",\"width\":416,\"height\":137},{\"@type\":\"BreadcrumbList\",\"@id\":\"https:\/\/microsensor.hu\/termekek\/fluke\/hart-scientific\/#breadcrumb\",\"itemListElement\":[{\"@type\":\"ListItem\",\"position\":1,\"name\":\"Kezd\u0151lap\",\"item\":\"https:\/\/microsensor.hu\/\"},{\"@type\":\"ListItem\",\"position\":2,\"name\":\"Term\u00e9kek\",\"item\":\"https:\/\/microsensor.hu\/termekek\/\"},{\"@type\":\"ListItem\",\"position\":3,\"name\":\"Fluke\",\"item\":\"https:\/\/microsensor.hu\/termekek\/fluke\/\"},{\"@type\":\"ListItem\",\"position\":4,\"name\":\"HART-SCIENTIFIC\"}]},{\"@type\":\"WebSite\",\"@id\":\"https:\/\/microsensor.hu\/#website\",\"url\":\"https:\/\/microsensor.hu\/\",\"name\":\"Microsensor Kft.\",\"description\":\"\",\"publisher\":{\"@id\":\"https:\/\/microsensor.hu\/#organization\"},\"potentialAction\":[{\"@type\":\"SearchAction\",\"target\":{\"@type\":\"EntryPoint\",\"urlTemplate\":\"https:\/\/microsensor.hu\/?s={search_term_string}\"},\"query-input\":{\"@type\":\"PropertyValueSpecification\",\"valueRequired\":true,\"valueName\":\"search_term_string\"}}],\"inLanguage\":\"hu\"},{\"@type\":\"Organization\",\"@id\":\"https:\/\/microsensor.hu\/#organization\",\"name\":\"Microsensor Kft.\",\"url\":\"https:\/\/microsensor.hu\/\",\"logo\":{\"@type\":\"ImageObject\",\"inLanguage\":\"hu\",\"@id\":\"https:\/\/microsensor.hu\/#\/schema\/logo\/image\/\",\"url\":\"https:\/\/microsensor.hu\/wp-content\/uploads\/2022\/11\/logo1.png\",\"contentUrl\":\"https:\/\/microsensor.hu\/wp-content\/uploads\/2022\/11\/logo1.png\",\"width\":454,\"height\":454,\"caption\":\"Microsensor Kft.\"},\"image\":{\"@id\":\"https:\/\/microsensor.hu\/#\/schema\/logo\/image\/\"}}]}<\/script>\n<!-- \/ Yoast SEO plugin. -->","yoast_head_json":{"title":"HART-SCIENTIFIC - Microsensor Kft.","robots":{"index":"index","follow":"follow","max-snippet":"max-snippet:-1","max-image-preview":"max-image-preview:large","max-video-preview":"max-video-preview:-1"},"canonical":"https:\/\/microsensor.hu\/termekek\/fluke\/hart-scientific\/","og_locale":"hu_HU","og_type":"article","og_title":"HART-SCIENTIFIC - Microsensor Kft.","og_description":"A HART-SCIENTIFIC a k\u00f6vetkez\u0151 kalibr\u00e1torokat gy\u00e1rtja: Primer platina ellen\u00e1ll\u00e1sh\u0151m\u00e9r\u0151 (5615), fix h\u0151m\u00e9rs\u00e9klet\u0171 cell\u00e1k (5901-es sorozat), h\u0151m\u00e9rs\u00e9kletm\u00e9r\u0151\/kijelz\u0151 m\u0171szerek (1523, 1529\u00a0t\u00edpusok),\u00a0h\u0151m\u00e9rs\u00e9kletkalibr\u00e1l\u00f3 f\u00fcrd\u0151k (6000-es \u00e9s 7000-es sorozat), sz\u00e1raz-f\u00e9mt\u00f6mbtermoszt\u00e1tok (9000-es sorozat), infrav\u00f6r\u00f6s kalibr\u00e1torok (4180-as t\u00edpus), fel\u00fcleti h\u0151m\u00e9rs\u00e9kletkalibr\u00e1tor (3125-\u00f6s t\u00edpus).","og_url":"https:\/\/microsensor.hu\/termekek\/fluke\/hart-scientific\/","og_site_name":"Microsensor Kft.","article_modified_time":"2022-04-25T16:41:26+00:00","og_image":[{"width":416,"height":137,"url":"https:\/\/microsensor.hu\/wp-content\/uploads\/2014\/11\/Hart-Scientific-h\u0151m\u00e9rs\u00e9kletkalibr\u00e1torok1.png","type":"image\/png"}],"twitter_card":"summary_large_image","schema":{"@context":"https:\/\/schema.org","@graph":[{"@type":"WebPage","@id":"https:\/\/microsensor.hu\/termekek\/fluke\/hart-scientific\/","url":"https:\/\/microsensor.hu\/termekek\/fluke\/hart-scientific\/","name":"HART-SCIENTIFIC - Microsensor Kft.","isPartOf":{"@id":"https:\/\/microsensor.hu\/#website"},"primaryImageOfPage":{"@id":"https:\/\/microsensor.hu\/termekek\/fluke\/hart-scientific\/#primaryimage"},"image":{"@id":"https:\/\/microsensor.hu\/termekek\/fluke\/hart-scientific\/#primaryimage"},"thumbnailUrl":"https:\/\/microsensor.hu\/wp-content\/uploads\/2014\/11\/Hart-Scientific-h\u0151m\u00e9rs\u00e9kletkalibr\u00e1torok1.png","datePublished":"2014-11-07T07:23:23+00:00","dateModified":"2022-04-25T16:41:26+00:00","breadcrumb":{"@id":"https:\/\/microsensor.hu\/termekek\/fluke\/hart-scientific\/#breadcrumb"},"inLanguage":"hu","potentialAction":[{"@type":"ReadAction","target":["https:\/\/microsensor.hu\/termekek\/fluke\/hart-scientific\/"]}]},{"@type":"ImageObject","inLanguage":"hu","@id":"https:\/\/microsensor.hu\/termekek\/fluke\/hart-scientific\/#primaryimage","url":"https:\/\/microsensor.hu\/wp-content\/uploads\/2014\/11\/Hart-Scientific-h\u0151m\u00e9rs\u00e9kletkalibr\u00e1torok1.png","contentUrl":"https:\/\/microsensor.hu\/wp-content\/uploads\/2014\/11\/Hart-Scientific-h\u0151m\u00e9rs\u00e9kletkalibr\u00e1torok1.png","width":416,"height":137},{"@type":"BreadcrumbList","@id":"https:\/\/microsensor.hu\/termekek\/fluke\/hart-scientific\/#breadcrumb","itemListElement":[{"@type":"ListItem","position":1,"name":"Kezd\u0151lap","item":"https:\/\/microsensor.hu\/"},{"@type":"ListItem","position":2,"name":"Term\u00e9kek","item":"https:\/\/microsensor.hu\/termekek\/"},{"@type":"ListItem","position":3,"name":"Fluke","item":"https:\/\/microsensor.hu\/termekek\/fluke\/"},{"@type":"ListItem","position":4,"name":"HART-SCIENTIFIC"}]},{"@type":"WebSite","@id":"https:\/\/microsensor.hu\/#website","url":"https:\/\/microsensor.hu\/","name":"Microsensor Kft.","description":"","publisher":{"@id":"https:\/\/microsensor.hu\/#organization"},"potentialAction":[{"@type":"SearchAction","target":{"@type":"EntryPoint","urlTemplate":"https:\/\/microsensor.hu\/?s={search_term_string}"},"query-input":{"@type":"PropertyValueSpecification","valueRequired":true,"valueName":"search_term_string"}}],"inLanguage":"hu"},{"@type":"Organization","@id":"https:\/\/microsensor.hu\/#organization","name":"Microsensor Kft.","url":"https:\/\/microsensor.hu\/","logo":{"@type":"ImageObject","inLanguage":"hu","@id":"https:\/\/microsensor.hu\/#\/schema\/logo\/image\/","url":"https:\/\/microsensor.hu\/wp-content\/uploads\/2022\/11\/logo1.png","contentUrl":"https:\/\/microsensor.hu\/wp-content\/uploads\/2022\/11\/logo1.png","width":454,"height":454,"caption":"Microsensor Kft."},"image":{"@id":"https:\/\/microsensor.hu\/#\/schema\/logo\/image\/"}}]}},"_links":{"self":[{"href":"https:\/\/microsensor.hu\/wp-json\/wp\/v2\/pages\/257","targetHints":{"allow":["GET"]}}],"collection":[{"href":"https:\/\/microsensor.hu\/wp-json\/wp\/v2\/pages"}],"about":[{"href":"https:\/\/microsensor.hu\/wp-json\/wp\/v2\/types\/page"}],"author":[{"embeddable":true,"href":"https:\/\/microsensor.hu\/wp-json\/wp\/v2\/users\/1"}],"replies":[{"embeddable":true,"href":"https:\/\/microsensor.hu\/wp-json\/wp\/v2\/comments?post=257"}],"version-history":[{"count":4,"href":"https:\/\/microsensor.hu\/wp-json\/wp\/v2\/pages\/257\/revisions"}],"predecessor-version":[{"id":375,"href":"https:\/\/microsensor.hu\/wp-json\/wp\/v2\/pages\/257\/revisions\/375"}],"up":[{"embeddable":true,"href":"https:\/\/microsensor.hu\/wp-json\/wp\/v2\/pages\/19"}],"wp:featuredmedia":[{"embeddable":true,"href":"https:\/\/microsensor.hu\/wp-json\/wp\/v2\/media\/278"}],"wp:attachment":[{"href":"https:\/\/microsensor.hu\/wp-json\/wp\/v2\/media?parent=257"}],"curies":[{"name":"wp","href":"https:\/\/api.w.org\/{rel}","templated":true}]}}