{"id":40,"date":"2014-10-16T15:45:20","date_gmt":"2014-10-16T13:45:20","guid":{"rendered":"https:\/\/microsensor.hu\/?page_id=40"},"modified":"2022-10-14T08:24:30","modified_gmt":"2022-10-14T06:24:30","slug":"cegunkrol","status":"publish","type":"page","link":"https:\/\/microsensor.hu\/cegunkrol\/","title":{"rendered":"C\u00e9g\u00fcnkr\u0151l"},"content":{"rendered":"<p>A Microsensor Kft. 1995-ben alakult, \u00a0 sv\u00e1jci-magyar vegyes tulajdon\u00fa v\u00e1llalatk\u00e9nt, patin\u00e1s hazai mikroelektronikai \u00a0 iparv\u00e1llalatok tev\u00e9kenys\u00e9g\u00e9nek folytat\u00f3jak\u00e9nt.<\/p>\n<p>C\u00e9lkit\u0171z\u00e9s\u00fcnk, \u00a0 hogy term\u00e9keink a legjobb min\u0151s\u00e9gben \u00e9s rendk\u00edv\u00fcl megb\u00edzhat\u00f3an \u00e1lljanak partnereink \u00a0 rendelkez\u00e9s\u00e9re. Ennek z\u00e1loga, hogy az \u00a0 ISO 9001-es min\u0151s\u00e9gir\u00e1ny\u00edt\u00e1si rendszer keret\u00e9ben kialak\u00edtott szigor\u00fa \u00a0 min\u0151s\u00e9gfiloz\u00f3fi\u00e1nkat k\u00f6vetkezetesen alkalmazzuk.<\/p>\n<p style=\"text-align: justify;\"><img loading=\"lazy\" decoding=\"async\" class=\"size-full wp-image-666 alignleft\" src=\"https:\/\/microsensor.hu\/wp-content\/uploads\/2022\/04\/image001.png\" alt=\"\" width=\"255\" height=\"81\" \/>A sv\u00e1jci Contrinex AG kiz\u00e1r\u00f3lagos magyarorsz\u00e1gi k\u00e9pvisel\u0151jek\u00e9nt cs\u00facsmin\u0151s\u00e9g\u0171 k\u00f6zel\u00edt\u00e9skapcsol\u00f3kat forgalmazunk.<\/p>\n<p style=\"text-align: justify;\"><a href=\"https:\/\/www.contrinex.com\/\">CONTRINEX<\/a> c\u00e9g 1972-es alap\u00edt\u00e1sa \u00f3ta gy\u00e1rt indukt\u00edv \u00e9s optikai k\u00f6zel\u00edt\u00e9skapcsol\u00f3kat. Sok \u00e9vvel ezel\u0151tt a CONTRINEX volt az els\u0151 gy\u00e1rt\u00f3, amely a ma m\u00e1r sz\u00e9les k\u00f6rben elterjedt 4 mm-es \u00e9s M5-\u00f6s (400-as sorozat) miniat\u0171r <a href=\"https:\/\/www.contrinex.com\/collections\/inductive-sensors\">indukt\u00edv kapcsol\u00f3k<\/a> gy\u00e1rt\u00e1s\u00e1t megkezdte. A CONTRINEX m\u00e1r 1982-ben bevezette els\u0151, nagy kapcsol\u00e1si t\u00e1vols\u00e1g\u00fa (500-as sorozat) indukt\u00edv kapcsol\u00f3it. Az el\u00e9rt nagy m\u0171k\u00f6d\u00e9si t\u00e1vols\u00e1gok m\u00e9g ma is egyed\u00fcl\u00e1ll\u00f3ak. Kifejlesztettek egy m\u00e1sik kapcsol\u00f3t\u00edpust, melyek nagy hat\u00f3t\u00e1vols\u00e1ggal \u00e9rz\u00e9kelnek ac\u00e9lt \u00e9s sz\u00ednesf\u00e9meket is. A CONTRINEX <a href=\"https:\/\/www.contrinex.com\/collections\/photoelectric-sensors\">optikai k\u00f6zel\u00edt\u00e9skapcsol\u00f3i<\/a> a nagyteljes\u00edtm\u00e9ny\u0171, kism\u00e9ret\u0171 eszk\u00f6z\u00f6k kateg\u00f3ri\u00e1j\u00e1ban \u00e1ll\u00edtottak fel cs\u00facsot. Forgalmazzuk <a href=\"https:\/\/www.contrinex.com\/collections\/ultrasonic-sensors\">ultrahangos<\/a> \u00e9rz\u00e9kel\u0151iket valamint a <a href=\"https:\/\/www.contrinex.com\/collections\/rfid\">r\u00e1di\u00f3frekvenci\u00e1s azonos\u00edt\u00f3kat<\/a> \u00e9s\u00a0<a href=\"https:\/\/www.contrinex.com\/collections\/safety\">biztons\u00e1gi f\u00e9nyf\u00fcgg\u00f6ny\u00f6ket<\/a> is.<\/p>\n<p><img loading=\"lazy\" decoding=\"async\" class=\"size-full wp-image-1066 alignleft\" src=\"https:\/\/microsensor.hu\/wp-content\/uploads\/2022\/05\/Druck_logo.png\" alt=\"\" width=\"220\" height=\"126\" \/>A <a href=\"https:\/\/www.bakerhughes.com\/druck\">Druck<\/a> kiz\u00e1r\u00f3lagos magyarorsz\u00e1gi k\u00e9pvisel\u0151jek\u00e9nt forgalmazunk Druck nyom\u00e1s\u00e9rz\u00e9kel\u0151ket \u00e9s nyom\u00e1st\u00e1vad\u00f3kat, szintm\u00e9r\u0151ket, nyom\u00e1sindik\u00e1torokat\/szab\u00e1lyz\u00f3kat, hordozhat\u00f3 kalibr\u00e1torokat, k\u00e9zi m\u0171szereket, k\u00e9zi pump\u00e1kat.<\/p>\n<p>A Baker Hughes csoporthoz tartoz\u00f3 kimagasl\u00f3 min\u0151s\u00e9g\u0171 \u00e9s nagypontoss\u00e1g\u00fa, kiv\u00e1l\u00f3 \u00e1r-\u00e9rt\u00e9k ar\u00e1ny\u00fa DRUCK term\u00e9kek sz\u00e9les felhaszn\u00e1l\u00e1si ter\u00fcleten alkalmazhat\u00f3ak. Az \u00e9rz\u00e9kel\u0151 chipeket a vil\u00e1gon az egyik legfejlettebb saj\u00e1t szil\u00edciumfeldolgoz\u00f3 \u00fczem\u00fckben gy\u00e1rtj\u00e1k.<\/p>\n<p>&nbsp;<\/p>\n<p style=\"text-align: justify;\"><img loading=\"lazy\" decoding=\"async\" class=\"size-full wp-image-1067 alignleft\" src=\"https:\/\/microsensor.hu\/wp-content\/uploads\/2022\/05\/TElogo.png\" alt=\"\" width=\"142\" height=\"74\" \/>Az amerikai TE Connectivity k\u00e9pvisel\u0151jek\u00e9nt\u00a0forgalmazunk \u00e9rz\u00e9kel\u0151ket tov\u00e1bbfeldolgoz\u00f3k r\u00e9sz\u00e9re. Az \u00e9rz\u00e9kel\u0151k felhaszn\u00e1l\u00e1si ter\u00fclete sz\u00e9les k\u00f6r\u0171 \u00e9s mag\u00e1ba foglalja a\u00a0<a href=\"http:\/\/www.te.com\/usa-en\/industries\/aerospace.html\">l\u00e9gi ir\u00e1ny\u00edt\u00e1s \u00e9s k\u00f6zleked\u00e9s<\/a>, \u00a0<a href=\"http:\/\/www.te.com\/usa-en\/industries\/defense-military.html\">katonai<\/a>, <a href=\"http:\/\/www.te.com\/usa-en\/industries\/consumer-solutions.html\">fogyaszt\u00e1si cikkek<\/a>, <a href=\"http:\/\/www.te.com\/usa-en\/industries\/automotive.html\">motor- \u00e9s j\u00e1rm\u0171ipar, \u00e1ltal\u00e1nos ipari,\u00a0orvosi<\/a>, illetve <a href=\"http:\/\/www.te.com\/usa-en\/industries\/automation-control.html\">tesztel\u00e9s \u00e9s m\u00e9r\u00e9s ter\u00fcleteket<\/a>.<\/p>\n<p style=\"text-align: justify;\">A sz\u00e9les felhaszn\u00e1l\u00e1si lehet\u0151s\u00e9geknek megfelel\u0151en a term\u00e9kk\u00f6r nagy v\u00e1laszt\u00e9kot \u00f6lel fel:\u00a0<a href=\"http:\/\/www.meas-spec.com\/fluid-property-sensors.aspx\">folyad\u00e9k param\u00e9tereinek m\u00e9r\u00e9s\u00e9re alkalmas \u00e9rz\u00e9kel\u0151k<\/a>, <a href=\"http:\/\/www.meas-spec.com\/force-sensors.aspx\">er\u0151\u00e9rz\u00e9kel\u0151k<\/a>, <a href=\"http:\/\/www.meas-spec.com\/humidity-sensors.aspx\">nedvess\u00e9g\u00e9rz\u00e9kel\u0151k<\/a>, <a href=\"http:\/\/www.meas-spec.com\/photo-optic-sensors.aspx\">foto-optikai \u00e9rz\u00e9kel\u0151k<\/a>, <a href=\"http:\/\/www.meas-spec.com\/piezo-film-sensors.aspx\">piezo-film-\u00e9rz\u00e9kel\u0151k<\/a>, <a href=\"http:\/\/www.meas-spec.com\/position-sensors.aspx\">poz\u00edci\u00f3\u00e9rz\u00e9kel\u0151k,<\/a> <a href=\"http:\/\/www.meas-spec.com\/pressure-sensors.aspx\">nyom\u00e1s\u00e9rz\u00e9kel\u0151k<\/a>,\u00a0<a href=\"http:\/\/www.meas-spec.com\/temperature-sensors.aspx\">h\u0151m\u00e9rs\u00e9klet\u00e9rz\u00e9kel\u0151k<\/a>, <a href=\"http:\/\/www.meas-spec.com\/torque-sensors.aspx\">nyomat\u00e9km\u00e9r\u0151k<\/a>, <a href=\"http:\/\/www.meas-spec.com\/traffic-sensors.aspx\">k\u00f6zleked\u00e9si \u00e9rz\u00e9kel\u0151k<\/a> \u00e9s <a href=\"http:\/\/www.meas-spec.com\/vibration-sensors.aspx\">rezg\u00e9s\u00e9rz\u00e9kel\u0151k<\/a>.<\/p>\n<p>&nbsp;<\/p>\n<p style=\"text-align: justify;\"><img loading=\"lazy\" decoding=\"async\" class=\"size-full wp-image-294 alignleft\" src=\"https:\/\/microsensor.hu\/wp-content\/uploads\/2014\/10\/logo.png\" alt=\"logo\" width=\"160\" height=\"66\" \/><a href=\"http:\/\/us.flukecal.com\/products\/pressure-calibration\">Ruska, DHI, Pressurements<\/a>\u00a0gy\u00e1rtm\u00e1ny\u00fa <a href=\"http:\/\/us.flukecal.com\/products\/pressure-calibration\/piston-gauges\">s\u00falyterhel\u00e9ses nyom\u00e1setalonokat<\/a>, <a href=\"http:\/\/us.flukecal.com\/products\/pressure-calibration\/piston-gauges\">primer etalonokat<\/a>, <a href=\"http:\/\/us.flukecal.com\/products\/pressure-calibration\/pressure-controllercalibrators\">automatikus laborat\u00f3riumi nyom\u00e1skontrollereket<\/a>, <a href=\"http:\/\/us.flukecal.com\/products\/pressure-calibration\/manual-pressure-calibrators-and-monitors\">laborat\u00f3riumi nyom\u00e1skalib\u00e1torokat \u00e9s indik\u00e1torokat<\/a>, <a href=\"http:\/\/us.flukecal.com\/products\/pressure-calibration\/air-data-calibration\">rep\u00fcl\u0151g\u00e9pm\u0171szerek ellen\u0151rz\u0151 kalibr\u00e1torait<\/a>\u00a0forgalmazzuk.<\/p>\n<p style=\"text-align: justify;\">Ezek az eszk\u00f6z\u00f6k vil\u00e1gsz\u00ednvonalat k\u00e9pviselnek, m\u00e9r\u00e9si pontoss\u00e1guk kimagasl\u00f3, emiatt a Nemzeti M\u00e9r\u00e9s\u00fcgyi Hivatalok elterjedten alkalmazott hiteles\u00edt\u0151, kalibr\u00e1l\u00f3 eszk\u00f6zei.<\/p>\n","protected":false},"excerpt":{"rendered":"<p>A Microsensor Kft. 1995-ben alakult, \u00a0 sv\u00e1jci-magyar vegyes tulajdon\u00fa v\u00e1llalatk\u00e9nt, patin\u00e1s hazai mikroelektronikai \u00a0 iparv\u00e1llalatok tev\u00e9kenys\u00e9g\u00e9nek folytat\u00f3jak\u00e9nt. C\u00e9lkit\u0171z\u00e9s\u00fcnk, \u00a0 hogy term\u00e9keink a legjobb min\u0151s\u00e9gben \u00e9s rendk\u00edv\u00fcl megb\u00edzhat\u00f3an \u00e1lljanak partnereink \u00a0 rendelkez\u00e9s\u00e9re. Ennek z\u00e1loga, hogy az \u00a0 ISO 9001-es min\u0151s\u00e9gir\u00e1ny\u00edt\u00e1si rendszer keret\u00e9ben kialak\u00edtott szigor\u00fa \u00a0 min\u0151s\u00e9gfiloz\u00f3fi\u00e1nkat k\u00f6vetkezetesen alkalmazzuk. A sv\u00e1jci Contrinex AG kiz\u00e1r\u00f3lagos magyarorsz\u00e1gi k\u00e9pvisel\u0151jek\u00e9nt cs\u00facsmin\u0151s\u00e9g\u0171 [&hellip;]<\/p>\n","protected":false},"author":1,"featured_media":0,"parent":0,"menu_order":10,"comment_status":"closed","ping_status":"closed","template":"","meta":{"_et_pb_use_builder":"","_et_pb_old_content":"","_et_gb_content_width":"","footnotes":""},"class_list":["post-40","page","type-page","status-publish","hentry"],"yoast_head":"<!-- This site is optimized with the Yoast SEO plugin v26.8 - https:\/\/yoast.com\/product\/yoast-seo-wordpress\/ -->\n<title>C\u00e9g\u00fcnkr\u0151l - Microsensor Kft.<\/title>\n<meta name=\"robots\" content=\"index, follow, max-snippet:-1, max-image-preview:large, max-video-preview:-1\" \/>\n<link rel=\"canonical\" href=\"https:\/\/microsensor.hu\/cegunkrol\/\" \/>\n<meta property=\"og:locale\" content=\"hu_HU\" \/>\n<meta property=\"og:type\" content=\"article\" \/>\n<meta property=\"og:title\" content=\"C\u00e9g\u00fcnkr\u0151l - Microsensor Kft.\" \/>\n<meta property=\"og:description\" content=\"A Microsensor Kft. 1995-ben alakult, \u00a0 sv\u00e1jci-magyar vegyes tulajdon\u00fa v\u00e1llalatk\u00e9nt, patin\u00e1s hazai mikroelektronikai \u00a0 iparv\u00e1llalatok tev\u00e9kenys\u00e9g\u00e9nek folytat\u00f3jak\u00e9nt. C\u00e9lkit\u0171z\u00e9s\u00fcnk, \u00a0 hogy term\u00e9keink a legjobb min\u0151s\u00e9gben \u00e9s rendk\u00edv\u00fcl megb\u00edzhat\u00f3an \u00e1lljanak partnereink \u00a0 rendelkez\u00e9s\u00e9re. Ennek z\u00e1loga, hogy az \u00a0 ISO 9001-es min\u0151s\u00e9gir\u00e1ny\u00edt\u00e1si rendszer keret\u00e9ben kialak\u00edtott szigor\u00fa \u00a0 min\u0151s\u00e9gfiloz\u00f3fi\u00e1nkat k\u00f6vetkezetesen alkalmazzuk. A sv\u00e1jci Contrinex AG kiz\u00e1r\u00f3lagos magyarorsz\u00e1gi k\u00e9pvisel\u0151jek\u00e9nt cs\u00facsmin\u0151s\u00e9g\u0171 [&hellip;]\" \/>\n<meta property=\"og:url\" content=\"https:\/\/microsensor.hu\/cegunkrol\/\" \/>\n<meta property=\"og:site_name\" content=\"Microsensor Kft.\" \/>\n<meta property=\"article:modified_time\" content=\"2022-10-14T06:24:30+00:00\" \/>\n<meta property=\"og:image\" content=\"https:\/\/microsensor.hu\/wp-content\/uploads\/2022\/04\/image001.png\" \/>\n<meta name=\"twitter:card\" content=\"summary_large_image\" \/>\n<meta name=\"twitter:label1\" content=\"Becs\u00fclt olvas\u00e1si id\u0151\" \/>\n\t<meta name=\"twitter:data1\" content=\"3 perc\" \/>\n<script type=\"application\/ld+json\" class=\"yoast-schema-graph\">{\"@context\":\"https:\/\/schema.org\",\"@graph\":[{\"@type\":\"WebPage\",\"@id\":\"https:\/\/microsensor.hu\/cegunkrol\/\",\"url\":\"https:\/\/microsensor.hu\/cegunkrol\/\",\"name\":\"C\u00e9g\u00fcnkr\u0151l - Microsensor Kft.\",\"isPartOf\":{\"@id\":\"https:\/\/microsensor.hu\/#website\"},\"primaryImageOfPage\":{\"@id\":\"https:\/\/microsensor.hu\/cegunkrol\/#primaryimage\"},\"image\":{\"@id\":\"https:\/\/microsensor.hu\/cegunkrol\/#primaryimage\"},\"thumbnailUrl\":\"https:\/\/microsensor.hu\/wp-content\/uploads\/2022\/04\/image001.png\",\"datePublished\":\"2014-10-16T13:45:20+00:00\",\"dateModified\":\"2022-10-14T06:24:30+00:00\",\"breadcrumb\":{\"@id\":\"https:\/\/microsensor.hu\/cegunkrol\/#breadcrumb\"},\"inLanguage\":\"hu\",\"potentialAction\":[{\"@type\":\"ReadAction\",\"target\":[\"https:\/\/microsensor.hu\/cegunkrol\/\"]}]},{\"@type\":\"ImageObject\",\"inLanguage\":\"hu\",\"@id\":\"https:\/\/microsensor.hu\/cegunkrol\/#primaryimage\",\"url\":\"https:\/\/microsensor.hu\/wp-content\/uploads\/2022\/04\/image001.png\",\"contentUrl\":\"https:\/\/microsensor.hu\/wp-content\/uploads\/2022\/04\/image001.png\",\"width\":255,\"height\":81},{\"@type\":\"BreadcrumbList\",\"@id\":\"https:\/\/microsensor.hu\/cegunkrol\/#breadcrumb\",\"itemListElement\":[{\"@type\":\"ListItem\",\"position\":1,\"name\":\"Kezd\u0151lap\",\"item\":\"https:\/\/microsensor.hu\/\"},{\"@type\":\"ListItem\",\"position\":2,\"name\":\"C\u00e9g\u00fcnkr\u0151l\"}]},{\"@type\":\"WebSite\",\"@id\":\"https:\/\/microsensor.hu\/#website\",\"url\":\"https:\/\/microsensor.hu\/\",\"name\":\"Microsensor Kft.\",\"description\":\"\",\"publisher\":{\"@id\":\"https:\/\/microsensor.hu\/#organization\"},\"potentialAction\":[{\"@type\":\"SearchAction\",\"target\":{\"@type\":\"EntryPoint\",\"urlTemplate\":\"https:\/\/microsensor.hu\/?s={search_term_string}\"},\"query-input\":{\"@type\":\"PropertyValueSpecification\",\"valueRequired\":true,\"valueName\":\"search_term_string\"}}],\"inLanguage\":\"hu\"},{\"@type\":\"Organization\",\"@id\":\"https:\/\/microsensor.hu\/#organization\",\"name\":\"Microsensor Kft.\",\"url\":\"https:\/\/microsensor.hu\/\",\"logo\":{\"@type\":\"ImageObject\",\"inLanguage\":\"hu\",\"@id\":\"https:\/\/microsensor.hu\/#\/schema\/logo\/image\/\",\"url\":\"https:\/\/microsensor.hu\/wp-content\/uploads\/2022\/11\/logo1.png\",\"contentUrl\":\"https:\/\/microsensor.hu\/wp-content\/uploads\/2022\/11\/logo1.png\",\"width\":454,\"height\":454,\"caption\":\"Microsensor Kft.\"},\"image\":{\"@id\":\"https:\/\/microsensor.hu\/#\/schema\/logo\/image\/\"}}]}<\/script>\n<!-- \/ Yoast SEO plugin. -->","yoast_head_json":{"title":"C\u00e9g\u00fcnkr\u0151l - Microsensor Kft.","robots":{"index":"index","follow":"follow","max-snippet":"max-snippet:-1","max-image-preview":"max-image-preview:large","max-video-preview":"max-video-preview:-1"},"canonical":"https:\/\/microsensor.hu\/cegunkrol\/","og_locale":"hu_HU","og_type":"article","og_title":"C\u00e9g\u00fcnkr\u0151l - Microsensor Kft.","og_description":"A Microsensor Kft. 1995-ben alakult, \u00a0 sv\u00e1jci-magyar vegyes tulajdon\u00fa v\u00e1llalatk\u00e9nt, patin\u00e1s hazai mikroelektronikai \u00a0 iparv\u00e1llalatok tev\u00e9kenys\u00e9g\u00e9nek folytat\u00f3jak\u00e9nt. C\u00e9lkit\u0171z\u00e9s\u00fcnk, \u00a0 hogy term\u00e9keink a legjobb min\u0151s\u00e9gben \u00e9s rendk\u00edv\u00fcl megb\u00edzhat\u00f3an \u00e1lljanak partnereink \u00a0 rendelkez\u00e9s\u00e9re. Ennek z\u00e1loga, hogy az \u00a0 ISO 9001-es min\u0151s\u00e9gir\u00e1ny\u00edt\u00e1si rendszer keret\u00e9ben kialak\u00edtott szigor\u00fa \u00a0 min\u0151s\u00e9gfiloz\u00f3fi\u00e1nkat k\u00f6vetkezetesen alkalmazzuk. A sv\u00e1jci Contrinex AG kiz\u00e1r\u00f3lagos magyarorsz\u00e1gi k\u00e9pvisel\u0151jek\u00e9nt cs\u00facsmin\u0151s\u00e9g\u0171 [&hellip;]","og_url":"https:\/\/microsensor.hu\/cegunkrol\/","og_site_name":"Microsensor Kft.","article_modified_time":"2022-10-14T06:24:30+00:00","og_image":[{"url":"https:\/\/microsensor.hu\/wp-content\/uploads\/2022\/04\/image001.png","type":"","width":"","height":""}],"twitter_card":"summary_large_image","twitter_misc":{"Becs\u00fclt olvas\u00e1si id\u0151":"3 perc"},"schema":{"@context":"https:\/\/schema.org","@graph":[{"@type":"WebPage","@id":"https:\/\/microsensor.hu\/cegunkrol\/","url":"https:\/\/microsensor.hu\/cegunkrol\/","name":"C\u00e9g\u00fcnkr\u0151l - Microsensor Kft.","isPartOf":{"@id":"https:\/\/microsensor.hu\/#website"},"primaryImageOfPage":{"@id":"https:\/\/microsensor.hu\/cegunkrol\/#primaryimage"},"image":{"@id":"https:\/\/microsensor.hu\/cegunkrol\/#primaryimage"},"thumbnailUrl":"https:\/\/microsensor.hu\/wp-content\/uploads\/2022\/04\/image001.png","datePublished":"2014-10-16T13:45:20+00:00","dateModified":"2022-10-14T06:24:30+00:00","breadcrumb":{"@id":"https:\/\/microsensor.hu\/cegunkrol\/#breadcrumb"},"inLanguage":"hu","potentialAction":[{"@type":"ReadAction","target":["https:\/\/microsensor.hu\/cegunkrol\/"]}]},{"@type":"ImageObject","inLanguage":"hu","@id":"https:\/\/microsensor.hu\/cegunkrol\/#primaryimage","url":"https:\/\/microsensor.hu\/wp-content\/uploads\/2022\/04\/image001.png","contentUrl":"https:\/\/microsensor.hu\/wp-content\/uploads\/2022\/04\/image001.png","width":255,"height":81},{"@type":"BreadcrumbList","@id":"https:\/\/microsensor.hu\/cegunkrol\/#breadcrumb","itemListElement":[{"@type":"ListItem","position":1,"name":"Kezd\u0151lap","item":"https:\/\/microsensor.hu\/"},{"@type":"ListItem","position":2,"name":"C\u00e9g\u00fcnkr\u0151l"}]},{"@type":"WebSite","@id":"https:\/\/microsensor.hu\/#website","url":"https:\/\/microsensor.hu\/","name":"Microsensor Kft.","description":"","publisher":{"@id":"https:\/\/microsensor.hu\/#organization"},"potentialAction":[{"@type":"SearchAction","target":{"@type":"EntryPoint","urlTemplate":"https:\/\/microsensor.hu\/?s={search_term_string}"},"query-input":{"@type":"PropertyValueSpecification","valueRequired":true,"valueName":"search_term_string"}}],"inLanguage":"hu"},{"@type":"Organization","@id":"https:\/\/microsensor.hu\/#organization","name":"Microsensor Kft.","url":"https:\/\/microsensor.hu\/","logo":{"@type":"ImageObject","inLanguage":"hu","@id":"https:\/\/microsensor.hu\/#\/schema\/logo\/image\/","url":"https:\/\/microsensor.hu\/wp-content\/uploads\/2022\/11\/logo1.png","contentUrl":"https:\/\/microsensor.hu\/wp-content\/uploads\/2022\/11\/logo1.png","width":454,"height":454,"caption":"Microsensor Kft."},"image":{"@id":"https:\/\/microsensor.hu\/#\/schema\/logo\/image\/"}}]}},"_links":{"self":[{"href":"https:\/\/microsensor.hu\/wp-json\/wp\/v2\/pages\/40","targetHints":{"allow":["GET"]}}],"collection":[{"href":"https:\/\/microsensor.hu\/wp-json\/wp\/v2\/pages"}],"about":[{"href":"https:\/\/microsensor.hu\/wp-json\/wp\/v2\/types\/page"}],"author":[{"embeddable":true,"href":"https:\/\/microsensor.hu\/wp-json\/wp\/v2\/users\/1"}],"replies":[{"embeddable":true,"href":"https:\/\/microsensor.hu\/wp-json\/wp\/v2\/comments?post=40"}],"version-history":[{"count":17,"href":"https:\/\/microsensor.hu\/wp-json\/wp\/v2\/pages\/40\/revisions"}],"predecessor-version":[{"id":1221,"href":"https:\/\/microsensor.hu\/wp-json\/wp\/v2\/pages\/40\/revisions\/1221"}],"wp:attachment":[{"href":"https:\/\/microsensor.hu\/wp-json\/wp\/v2\/media?parent=40"}],"curies":[{"name":"wp","href":"https:\/\/api.w.org\/{rel}","templated":true}]}}