{"id":63,"date":"2014-10-16T15:51:37","date_gmt":"2014-10-16T13:51:37","guid":{"rendered":"https:\/\/microsensor.hu\/?page_id=63"},"modified":"2022-11-17T11:27:20","modified_gmt":"2022-11-17T10:27:20","slug":"induktiv-erzekelok","status":"publish","type":"page","link":"https:\/\/microsensor.hu\/termekek\/contrinex\/induktiv-erzekelok\/","title":{"rendered":"Indukt\u00edv \u00e9rz\u00e9kel\u0151k"},"content":{"rendered":"<p>A <a href=\"https:\/\/www.contrinex.com\/collections\/inductive-sensors\">Contrinex indukt\u00edv k\u00f6zel\u00edt\u00e9skapcsol\u00f3i<\/a> h\u00e1rom m\u0171k\u00f6d\u00e9si elv alapj\u00e1n dolgoznak. A klasszikus elven m\u0171k\u00f6d\u0151 indukt\u00edv k\u00f6zel\u00edt\u00e9skapcsol\u00f3k \u00e9rz\u00e9kel\u0151fel\u00fclet\u00e9r\u0151l nagyfrekvenci\u00e1s m\u00e1gneses t\u00e9r l\u00e9p ki, amelyet az indukt\u00edv k\u00f6zel\u00edt\u00e9skapcsol\u00f3ban elhelyezett oszcill\u00e1tor tekercse gener\u00e1l. A m\u00e1gneses t\u00e9rbe bel\u00e9p\u0151 b\u00e1rmilyen f\u00e9mt\u00e1rgy a kibocs\u00e1tott energia egy r\u00e9sz\u00e9t elnyeli, amit az indukt\u00edv k\u00f6zel\u00edt\u00e9skapcsol\u00f3 elektronik\u00e1ja detekt\u00e1l \u00e9s kapcsol\u00f3jelet ad ki. A legt\u00f6bb energi\u00e1t a ferrom\u00e1gneses f\u00e9mek nyelik el, ezekre teh\u00e1t ez a m\u0171k\u00f6d\u00e9si elv j\u00f3l bev\u00e1lik, a nem ferrom\u00e1gneses f\u00e9mek (alum\u00ednium \u00e9s sz\u00ednes f\u00e9mek) j\u00f3val kevesebb energi\u00e1t nyelnek el, teh\u00e1t r\u00e1juk n\u00e9zve az \u00e9rz\u00e9kel\u00e9si t\u00e1vols\u00e1g kisebb-nagyobb m\u00e9rt\u00e9kben lecs\u00f6kken. Ilyen elven m\u0171k\u00f6dnek a Contrinex egyszer\u0171bb indukt\u00edv k\u00f6zel\u00edt\u00e9skapcsol\u00f3i (600-as sorozat).<\/p>\n<p>A Contrinex \u00e1ltal alkalmazott Condist oszcill\u00e1tor a kulcsa a m\u00e1sodik m\u0171k\u00f6d\u00e9si elvnek, mellyel a stabilit\u00e1s olym\u00e9rt\u00e9kben javul, hogy a kapcsol\u00e1si t\u00e1vols\u00e1g nagym\u00e9rt\u00e9kben megn\u0151het. A ferrom\u00e1gneses \u00e9s nem ferrom\u00e1gneses f\u00e9mekre vonatkoz\u00f3 \u00e9rz\u00e9kel\u00e9si k\u00fcl\u00f6nbs\u00e9g tov\u00e1bbra is megmarad. Ilyen elven m\u0171k\u00f6dik az 500-as sorozat, amelynek egyed\u00fcl\u00e1ll\u00f3 az \u00e9rz\u00e9kel\u00e9si t\u00e1vols\u00e1ga.<\/p>\n<p>A Condet technol\u00f3gia forradalmian \u00faj m\u0171k\u00f6d\u00e9sm\u00f3d, ez adja a harmadik m\u0171k\u00f6d\u00e9si elvet. A tekercsen \u00e1tfoly\u00f3 r\u00f6vid \u00e1ram-impulzusok keltette m\u00e1gneses t\u00e9r a detekt\u00e1land\u00f3 f\u00e9mben fesz\u00fclts\u00e9get, majd \u00e1ramot induk\u00e1l, ami az ad\u00f3 tekercs\u00e9ben fesz\u00fclts\u00e9get kelt, \u00e9s ez f\u00fcggetlen a t\u00e1rgy ferrom\u00e1gneses\/nem ferrom\u00e1gneses jelleg\u00e9t\u0151l. \u00cdgy a nem ferrom\u00e1gneses f\u00e9mek eset\u00e9ben sem cs\u00f6kken le az \u00e9rz\u00e9kel\u00e9si t\u00e1vols\u00e1g. \u00cdgy m\u0171k\u00f6dik a Contrinex 700-as sorozata. Az \u00fajabb fejleszt\u00e9s\u0171 t\u00edpusok m\u00e1r tartalmazz\u00e1k az I\/O-linket, ami lehet\u0151v\u00e9 teszi a m\u00e9r\u00e9si t\u00e1vols\u00e1g kalibr\u00e1l\u00e1s\u00e1t, riaszt\u00e1si jelet ad ki, stb\u2026<\/p>\n<p>A Contrinex term\u00e9kpalett\u00e1j\u00e1n szerepelnek<a href=\"https:\/\/www.contrinex.com\/collections\/inductive-sensors?pf_t_product_range=Analog+output\"> anal\u00f3g indukt\u00edv \u00e9rz\u00e9kel\u0151k<\/a> is. Ezek &#8211; ellent\u00e9tben a k\u00f6zel\u00edt\u00e9skapcsol\u00f3kkal, amelyek be- vagy kikapcsolnak att\u00f3l f\u00fcg\u0151en, hogy a c\u00e9lt\u00e1rgy t\u00e1vols\u00e1ga egy k\u00fcsz\u00f6b\u00e9rt\u00e9k alatt vagy felett van &#8211; a c\u00e9lt\u00e1rgy t\u00e1vols\u00e1g\u00e1val ar\u00e1nyos fesz\u00fclts\u00e9get adnak ki.<\/p>\n","protected":false},"excerpt":{"rendered":"<p>A Contrinex indukt\u00edv k\u00f6zel\u00edt\u00e9skapcsol\u00f3i h\u00e1rom m\u0171k\u00f6d\u00e9si elv alapj\u00e1n dolgoznak. A klasszikus elven m\u0171k\u00f6d\u0151 indukt\u00edv k\u00f6zel\u00edt\u00e9skapcsol\u00f3k \u00e9rz\u00e9kel\u0151fel\u00fclet\u00e9r\u0151l nagyfrekvenci\u00e1s m\u00e1gneses t\u00e9r l\u00e9p ki, amelyet az indukt\u00edv k\u00f6zel\u00edt\u00e9skapcsol\u00f3ban elhelyezett oszcill\u00e1tor tekercse gener\u00e1l. A m\u00e1gneses t\u00e9rbe bel\u00e9p\u0151 b\u00e1rmilyen f\u00e9mt\u00e1rgy a kibocs\u00e1tott energia egy r\u00e9sz\u00e9t elnyeli, amit az indukt\u00edv k\u00f6zel\u00edt\u00e9skapcsol\u00f3 elektronik\u00e1ja detekt\u00e1l \u00e9s kapcsol\u00f3jelet ad ki. A legt\u00f6bb energi\u00e1t a [&hellip;]<\/p>\n","protected":false},"author":1,"featured_media":64,"parent":17,"menu_order":1,"comment_status":"closed","ping_status":"closed","template":"","meta":{"_et_pb_use_builder":"off","_et_pb_old_content":"","_et_gb_content_width":"","footnotes":""},"class_list":["post-63","page","type-page","status-publish","has-post-thumbnail","hentry"],"yoast_head":"<!-- This site is optimized with the Yoast SEO plugin v26.8 - https:\/\/yoast.com\/product\/yoast-seo-wordpress\/ -->\n<title>Indukt\u00edv \u00e9rz\u00e9kel\u0151k - Microsensor Kft.<\/title>\n<meta name=\"robots\" content=\"index, follow, max-snippet:-1, max-image-preview:large, max-video-preview:-1\" \/>\n<link rel=\"canonical\" href=\"https:\/\/microsensor.hu\/termekek\/contrinex\/induktiv-erzekelok\/\" \/>\n<meta property=\"og:locale\" content=\"hu_HU\" \/>\n<meta property=\"og:type\" content=\"article\" \/>\n<meta property=\"og:title\" content=\"Indukt\u00edv \u00e9rz\u00e9kel\u0151k - Microsensor Kft.\" \/>\n<meta property=\"og:description\" content=\"A Contrinex indukt\u00edv k\u00f6zel\u00edt\u00e9skapcsol\u00f3i h\u00e1rom m\u0171k\u00f6d\u00e9si elv alapj\u00e1n dolgoznak. A klasszikus elven m\u0171k\u00f6d\u0151 indukt\u00edv k\u00f6zel\u00edt\u00e9skapcsol\u00f3k \u00e9rz\u00e9kel\u0151fel\u00fclet\u00e9r\u0151l nagyfrekvenci\u00e1s m\u00e1gneses t\u00e9r l\u00e9p ki, amelyet az indukt\u00edv k\u00f6zel\u00edt\u00e9skapcsol\u00f3ban elhelyezett oszcill\u00e1tor tekercse gener\u00e1l. A m\u00e1gneses t\u00e9rbe bel\u00e9p\u0151 b\u00e1rmilyen f\u00e9mt\u00e1rgy a kibocs\u00e1tott energia egy r\u00e9sz\u00e9t elnyeli, amit az indukt\u00edv k\u00f6zel\u00edt\u00e9skapcsol\u00f3 elektronik\u00e1ja detekt\u00e1l \u00e9s kapcsol\u00f3jelet ad ki. A legt\u00f6bb energi\u00e1t a [&hellip;]\" \/>\n<meta property=\"og:url\" content=\"https:\/\/microsensor.hu\/termekek\/contrinex\/induktiv-erzekelok\/\" \/>\n<meta property=\"og:site_name\" content=\"Microsensor Kft.\" \/>\n<meta property=\"article:modified_time\" content=\"2022-11-17T10:27:20+00:00\" \/>\n<meta property=\"og:image\" content=\"https:\/\/microsensor.hu\/wp-content\/uploads\/2014\/10\/Indukt\u00edv-k\u00f6zel\u00edt\u00e9skapcsol\u00f3k.jpg\" \/>\n\t<meta property=\"og:image:width\" content=\"444\" \/>\n\t<meta property=\"og:image:height\" content=\"90\" \/>\n\t<meta property=\"og:image:type\" content=\"image\/jpeg\" \/>\n<meta name=\"twitter:card\" content=\"summary_large_image\" \/>\n<meta name=\"twitter:label1\" content=\"Becs\u00fclt olvas\u00e1si id\u0151\" \/>\n\t<meta name=\"twitter:data1\" content=\"2 perc\" \/>\n<script type=\"application\/ld+json\" class=\"yoast-schema-graph\">{\"@context\":\"https:\/\/schema.org\",\"@graph\":[{\"@type\":\"WebPage\",\"@id\":\"https:\/\/microsensor.hu\/termekek\/contrinex\/induktiv-erzekelok\/\",\"url\":\"https:\/\/microsensor.hu\/termekek\/contrinex\/induktiv-erzekelok\/\",\"name\":\"Indukt\u00edv \u00e9rz\u00e9kel\u0151k - Microsensor Kft.\",\"isPartOf\":{\"@id\":\"https:\/\/microsensor.hu\/#website\"},\"primaryImageOfPage\":{\"@id\":\"https:\/\/microsensor.hu\/termekek\/contrinex\/induktiv-erzekelok\/#primaryimage\"},\"image\":{\"@id\":\"https:\/\/microsensor.hu\/termekek\/contrinex\/induktiv-erzekelok\/#primaryimage\"},\"thumbnailUrl\":\"https:\/\/microsensor.hu\/wp-content\/uploads\/2014\/10\/Indukt\u00edv-k\u00f6zel\u00edt\u00e9skapcsol\u00f3k.jpg\",\"datePublished\":\"2014-10-16T13:51:37+00:00\",\"dateModified\":\"2022-11-17T10:27:20+00:00\",\"breadcrumb\":{\"@id\":\"https:\/\/microsensor.hu\/termekek\/contrinex\/induktiv-erzekelok\/#breadcrumb\"},\"inLanguage\":\"hu\",\"potentialAction\":[{\"@type\":\"ReadAction\",\"target\":[\"https:\/\/microsensor.hu\/termekek\/contrinex\/induktiv-erzekelok\/\"]}]},{\"@type\":\"ImageObject\",\"inLanguage\":\"hu\",\"@id\":\"https:\/\/microsensor.hu\/termekek\/contrinex\/induktiv-erzekelok\/#primaryimage\",\"url\":\"https:\/\/microsensor.hu\/wp-content\/uploads\/2014\/10\/Indukt\u00edv-k\u00f6zel\u00edt\u00e9skapcsol\u00f3k.jpg\",\"contentUrl\":\"https:\/\/microsensor.hu\/wp-content\/uploads\/2014\/10\/Indukt\u00edv-k\u00f6zel\u00edt\u00e9skapcsol\u00f3k.jpg\",\"width\":444,\"height\":90},{\"@type\":\"BreadcrumbList\",\"@id\":\"https:\/\/microsensor.hu\/termekek\/contrinex\/induktiv-erzekelok\/#breadcrumb\",\"itemListElement\":[{\"@type\":\"ListItem\",\"position\":1,\"name\":\"Kezd\u0151lap\",\"item\":\"https:\/\/microsensor.hu\/\"},{\"@type\":\"ListItem\",\"position\":2,\"name\":\"Term\u00e9kek\",\"item\":\"https:\/\/microsensor.hu\/termekek\/\"},{\"@type\":\"ListItem\",\"position\":3,\"name\":\"Contrinex\",\"item\":\"https:\/\/microsensor.hu\/termekek\/contrinex\/\"},{\"@type\":\"ListItem\",\"position\":4,\"name\":\"Indukt\u00edv \u00e9rz\u00e9kel\u0151k\"}]},{\"@type\":\"WebSite\",\"@id\":\"https:\/\/microsensor.hu\/#website\",\"url\":\"https:\/\/microsensor.hu\/\",\"name\":\"Microsensor Kft.\",\"description\":\"\",\"publisher\":{\"@id\":\"https:\/\/microsensor.hu\/#organization\"},\"potentialAction\":[{\"@type\":\"SearchAction\",\"target\":{\"@type\":\"EntryPoint\",\"urlTemplate\":\"https:\/\/microsensor.hu\/?s={search_term_string}\"},\"query-input\":{\"@type\":\"PropertyValueSpecification\",\"valueRequired\":true,\"valueName\":\"search_term_string\"}}],\"inLanguage\":\"hu\"},{\"@type\":\"Organization\",\"@id\":\"https:\/\/microsensor.hu\/#organization\",\"name\":\"Microsensor Kft.\",\"url\":\"https:\/\/microsensor.hu\/\",\"logo\":{\"@type\":\"ImageObject\",\"inLanguage\":\"hu\",\"@id\":\"https:\/\/microsensor.hu\/#\/schema\/logo\/image\/\",\"url\":\"https:\/\/microsensor.hu\/wp-content\/uploads\/2022\/11\/logo1.png\",\"contentUrl\":\"https:\/\/microsensor.hu\/wp-content\/uploads\/2022\/11\/logo1.png\",\"width\":454,\"height\":454,\"caption\":\"Microsensor Kft.\"},\"image\":{\"@id\":\"https:\/\/microsensor.hu\/#\/schema\/logo\/image\/\"}}]}<\/script>\n<!-- \/ Yoast SEO plugin. -->","yoast_head_json":{"title":"Indukt\u00edv \u00e9rz\u00e9kel\u0151k - Microsensor Kft.","robots":{"index":"index","follow":"follow","max-snippet":"max-snippet:-1","max-image-preview":"max-image-preview:large","max-video-preview":"max-video-preview:-1"},"canonical":"https:\/\/microsensor.hu\/termekek\/contrinex\/induktiv-erzekelok\/","og_locale":"hu_HU","og_type":"article","og_title":"Indukt\u00edv \u00e9rz\u00e9kel\u0151k - Microsensor Kft.","og_description":"A Contrinex indukt\u00edv k\u00f6zel\u00edt\u00e9skapcsol\u00f3i h\u00e1rom m\u0171k\u00f6d\u00e9si elv alapj\u00e1n dolgoznak. A klasszikus elven m\u0171k\u00f6d\u0151 indukt\u00edv k\u00f6zel\u00edt\u00e9skapcsol\u00f3k \u00e9rz\u00e9kel\u0151fel\u00fclet\u00e9r\u0151l nagyfrekvenci\u00e1s m\u00e1gneses t\u00e9r l\u00e9p ki, amelyet az indukt\u00edv k\u00f6zel\u00edt\u00e9skapcsol\u00f3ban elhelyezett oszcill\u00e1tor tekercse gener\u00e1l. A m\u00e1gneses t\u00e9rbe bel\u00e9p\u0151 b\u00e1rmilyen f\u00e9mt\u00e1rgy a kibocs\u00e1tott energia egy r\u00e9sz\u00e9t elnyeli, amit az indukt\u00edv k\u00f6zel\u00edt\u00e9skapcsol\u00f3 elektronik\u00e1ja detekt\u00e1l \u00e9s kapcsol\u00f3jelet ad ki. A legt\u00f6bb energi\u00e1t a [&hellip;]","og_url":"https:\/\/microsensor.hu\/termekek\/contrinex\/induktiv-erzekelok\/","og_site_name":"Microsensor Kft.","article_modified_time":"2022-11-17T10:27:20+00:00","og_image":[{"width":444,"height":90,"url":"https:\/\/microsensor.hu\/wp-content\/uploads\/2014\/10\/Indukt\u00edv-k\u00f6zel\u00edt\u00e9skapcsol\u00f3k.jpg","type":"image\/jpeg"}],"twitter_card":"summary_large_image","twitter_misc":{"Becs\u00fclt olvas\u00e1si id\u0151":"2 perc"},"schema":{"@context":"https:\/\/schema.org","@graph":[{"@type":"WebPage","@id":"https:\/\/microsensor.hu\/termekek\/contrinex\/induktiv-erzekelok\/","url":"https:\/\/microsensor.hu\/termekek\/contrinex\/induktiv-erzekelok\/","name":"Indukt\u00edv \u00e9rz\u00e9kel\u0151k - Microsensor Kft.","isPartOf":{"@id":"https:\/\/microsensor.hu\/#website"},"primaryImageOfPage":{"@id":"https:\/\/microsensor.hu\/termekek\/contrinex\/induktiv-erzekelok\/#primaryimage"},"image":{"@id":"https:\/\/microsensor.hu\/termekek\/contrinex\/induktiv-erzekelok\/#primaryimage"},"thumbnailUrl":"https:\/\/microsensor.hu\/wp-content\/uploads\/2014\/10\/Indukt\u00edv-k\u00f6zel\u00edt\u00e9skapcsol\u00f3k.jpg","datePublished":"2014-10-16T13:51:37+00:00","dateModified":"2022-11-17T10:27:20+00:00","breadcrumb":{"@id":"https:\/\/microsensor.hu\/termekek\/contrinex\/induktiv-erzekelok\/#breadcrumb"},"inLanguage":"hu","potentialAction":[{"@type":"ReadAction","target":["https:\/\/microsensor.hu\/termekek\/contrinex\/induktiv-erzekelok\/"]}]},{"@type":"ImageObject","inLanguage":"hu","@id":"https:\/\/microsensor.hu\/termekek\/contrinex\/induktiv-erzekelok\/#primaryimage","url":"https:\/\/microsensor.hu\/wp-content\/uploads\/2014\/10\/Indukt\u00edv-k\u00f6zel\u00edt\u00e9skapcsol\u00f3k.jpg","contentUrl":"https:\/\/microsensor.hu\/wp-content\/uploads\/2014\/10\/Indukt\u00edv-k\u00f6zel\u00edt\u00e9skapcsol\u00f3k.jpg","width":444,"height":90},{"@type":"BreadcrumbList","@id":"https:\/\/microsensor.hu\/termekek\/contrinex\/induktiv-erzekelok\/#breadcrumb","itemListElement":[{"@type":"ListItem","position":1,"name":"Kezd\u0151lap","item":"https:\/\/microsensor.hu\/"},{"@type":"ListItem","position":2,"name":"Term\u00e9kek","item":"https:\/\/microsensor.hu\/termekek\/"},{"@type":"ListItem","position":3,"name":"Contrinex","item":"https:\/\/microsensor.hu\/termekek\/contrinex\/"},{"@type":"ListItem","position":4,"name":"Indukt\u00edv \u00e9rz\u00e9kel\u0151k"}]},{"@type":"WebSite","@id":"https:\/\/microsensor.hu\/#website","url":"https:\/\/microsensor.hu\/","name":"Microsensor Kft.","description":"","publisher":{"@id":"https:\/\/microsensor.hu\/#organization"},"potentialAction":[{"@type":"SearchAction","target":{"@type":"EntryPoint","urlTemplate":"https:\/\/microsensor.hu\/?s={search_term_string}"},"query-input":{"@type":"PropertyValueSpecification","valueRequired":true,"valueName":"search_term_string"}}],"inLanguage":"hu"},{"@type":"Organization","@id":"https:\/\/microsensor.hu\/#organization","name":"Microsensor Kft.","url":"https:\/\/microsensor.hu\/","logo":{"@type":"ImageObject","inLanguage":"hu","@id":"https:\/\/microsensor.hu\/#\/schema\/logo\/image\/","url":"https:\/\/microsensor.hu\/wp-content\/uploads\/2022\/11\/logo1.png","contentUrl":"https:\/\/microsensor.hu\/wp-content\/uploads\/2022\/11\/logo1.png","width":454,"height":454,"caption":"Microsensor Kft."},"image":{"@id":"https:\/\/microsensor.hu\/#\/schema\/logo\/image\/"}}]}},"_links":{"self":[{"href":"https:\/\/microsensor.hu\/wp-json\/wp\/v2\/pages\/63","targetHints":{"allow":["GET"]}}],"collection":[{"href":"https:\/\/microsensor.hu\/wp-json\/wp\/v2\/pages"}],"about":[{"href":"https:\/\/microsensor.hu\/wp-json\/wp\/v2\/types\/page"}],"author":[{"embeddable":true,"href":"https:\/\/microsensor.hu\/wp-json\/wp\/v2\/users\/1"}],"replies":[{"embeddable":true,"href":"https:\/\/microsensor.hu\/wp-json\/wp\/v2\/comments?post=63"}],"version-history":[{"count":19,"href":"https:\/\/microsensor.hu\/wp-json\/wp\/v2\/pages\/63\/revisions"}],"predecessor-version":[{"id":1240,"href":"https:\/\/microsensor.hu\/wp-json\/wp\/v2\/pages\/63\/revisions\/1240"}],"up":[{"embeddable":true,"href":"https:\/\/microsensor.hu\/wp-json\/wp\/v2\/pages\/17"}],"wp:featuredmedia":[{"embeddable":true,"href":"https:\/\/microsensor.hu\/wp-json\/wp\/v2\/media\/64"}],"wp:attachment":[{"href":"https:\/\/microsensor.hu\/wp-json\/wp\/v2\/media?parent=63"}],"curies":[{"name":"wp","href":"https:\/\/api.w.org\/{rel}","templated":true}]}}