{"id":88,"date":"2014-10-17T13:41:24","date_gmt":"2014-10-17T11:41:24","guid":{"rendered":"https:\/\/microsensor.hu\/?page_id=88"},"modified":"2022-11-10T09:51:08","modified_gmt":"2022-11-10T08:51:08","slug":"biztonsag","status":"publish","type":"page","link":"https:\/\/microsensor.hu\/termekek\/contrinex\/biztonsag\/","title":{"rendered":"Biztons\u00e1gi f\u00e9nyf\u00fcgg\u00f6ny\u00f6k"},"content":{"rendered":"<p>A Contrinex <a href=\"https:\/\/www.contrinex.com\/collections\/safety\">biztons\u00e1gi f\u00e9nyf\u00fcgg\u00f6nyei<\/a> egy ad\u00f3 oszlopb\u00f3l \u00e9s egy vev\u0151 oszlopb\u00f3l \u00e1llnak. A kapcsolatot a k\u00e9t oszlop k\u00f6z\u00f6tt p\u00e1rhuzamos sugarakb\u00f3l \u00e1ll\u00f3 f\u00e9nynyal\u00e1b jelenti. A f\u00e9nyf\u00fcgg\u00f6ny jelet ad, ha ak\u00e1r egyetlen sug\u00e1r is megszakad. A jel a f\u00fcgg\u00f6ny\u00f6n t\u00fali vesz\u00e9lyes ter\u00fcleten l\u00e9v\u0151 elektronikus eszk\u00f6z\u00f6k azonnali le\u00e1ll\u00edt\u00e1s\u00e1ra haszn\u00e1lhat\u00f3.<\/p>\n<p>A Contrinex biztons\u00e1gi f\u00e9nyf\u00fcgg\u00f6nyei h\u00e1rom v\u00e1ltozatban k\u00e9sz\u00fclnek:<\/p>\n<p>Az ujjv\u00e9delmi eszk\u00f6z\u00f6k felbont\u00e1sa 14 mm, a f\u00fcgg\u00f6ny magass\u00e1ga max. 1690 mm \u00e9s a m\u0171k\u00f6d\u00e9si t\u00e1vols\u00e1g max. 3,5 m\u00e9ter.<\/p>\n<p>A k\u00e9zv\u00e9delem eszk\u00f6z\u00f6k felbont\u00e1sa 30 mm, a f\u00fcgg\u00f6ny magass\u00e1ga max. 1827 mm, a m\u0171k\u00f6d\u00e9si t\u00e1vols\u00e1g max. 12 m\u00e9ter.<\/p>\n<p>A testv\u00e9delmi eszk\u00f6z\u00f6k felbont\u00e1sa v\u00e1laszthat\u00f3an 300, 400 vagy 500 mm, a f\u00fcgg\u00f6ny magass\u00e1ga max. 1532 mm, a m\u0171k\u00f6d\u00e9si t\u00e1vols\u00e1g max. 50 m.<\/p>\n<p>Ha egy ter\u00fcletet teljesen k\u00f6rbev\u00e9ve kell megv\u00e9deni, akkor a vev\u0151oszlop helyett egym\u00e1st k\u00f6vet\u0151en t\u00fck\u00f6roszlopokat kell alkalmazni, melyek a f\u00e9nysugarakat 90\u00b0-os sz\u00f6gben \u201etov\u00e1bbadj\u00e1k\u201d, \u00e9s v\u00e9g\u00fcl az ad\u00f3 mell\u00e9 helyezett vev\u0151oszlopba jutnak.<\/p>\n<p>Az \u00f6sszes eszk\u00f6z 4-es kateg\u00f3ri\u00e1j\u00fa, a reakci\u00f3sebess\u00e9g el\u00e9rheti a 7 ms-ot. Jelfeldolgoz\u00e1sra \u00e9s m\u0171k\u00f6dtet\u00e9sre Contrinex rel\u00e9k \u00e1llnak rendelkez\u00e9sre.<\/p>\n","protected":false},"excerpt":{"rendered":"<p>A Contrinex biztons\u00e1gi f\u00e9nyf\u00fcgg\u00f6nyei egy ad\u00f3 oszlopb\u00f3l \u00e9s egy vev\u0151 oszlopb\u00f3l \u00e1llnak. A kapcsolatot a k\u00e9t oszlop k\u00f6z\u00f6tt p\u00e1rhuzamos sugarakb\u00f3l \u00e1ll\u00f3 f\u00e9nynyal\u00e1b jelenti. A f\u00e9nyf\u00fcgg\u00f6ny jelet ad, ha ak\u00e1r egyetlen sug\u00e1r is megszakad. A jel a f\u00fcgg\u00f6ny\u00f6n t\u00fali vesz\u00e9lyes ter\u00fcleten l\u00e9v\u0151 elektronikus eszk\u00f6z\u00f6k azonnali le\u00e1ll\u00edt\u00e1s\u00e1ra haszn\u00e1lhat\u00f3. A Contrinex biztons\u00e1gi f\u00e9nyf\u00fcgg\u00f6nyei h\u00e1rom v\u00e1ltozatban k\u00e9sz\u00fclnek: Az ujjv\u00e9delmi [&hellip;]<\/p>\n","protected":false},"author":1,"featured_media":89,"parent":17,"menu_order":5,"comment_status":"closed","ping_status":"closed","template":"","meta":{"_et_pb_use_builder":"","_et_pb_old_content":"","_et_gb_content_width":"","footnotes":""},"class_list":["post-88","page","type-page","status-publish","has-post-thumbnail","hentry"],"yoast_head":"<!-- This site is optimized with the Yoast SEO plugin v26.8 - https:\/\/yoast.com\/product\/yoast-seo-wordpress\/ -->\n<title>Biztons\u00e1gi f\u00e9nyf\u00fcgg\u00f6ny\u00f6k - Microsensor Kft.<\/title>\n<meta name=\"robots\" content=\"index, follow, max-snippet:-1, max-image-preview:large, max-video-preview:-1\" \/>\n<link rel=\"canonical\" href=\"https:\/\/microsensor.hu\/termekek\/contrinex\/biztonsag\/\" \/>\n<meta property=\"og:locale\" content=\"hu_HU\" \/>\n<meta property=\"og:type\" content=\"article\" \/>\n<meta property=\"og:title\" content=\"Biztons\u00e1gi f\u00e9nyf\u00fcgg\u00f6ny\u00f6k - Microsensor Kft.\" \/>\n<meta property=\"og:description\" content=\"A Contrinex biztons\u00e1gi f\u00e9nyf\u00fcgg\u00f6nyei egy ad\u00f3 oszlopb\u00f3l \u00e9s egy vev\u0151 oszlopb\u00f3l \u00e1llnak. A kapcsolatot a k\u00e9t oszlop k\u00f6z\u00f6tt p\u00e1rhuzamos sugarakb\u00f3l \u00e1ll\u00f3 f\u00e9nynyal\u00e1b jelenti. A f\u00e9nyf\u00fcgg\u00f6ny jelet ad, ha ak\u00e1r egyetlen sug\u00e1r is megszakad. A jel a f\u00fcgg\u00f6ny\u00f6n t\u00fali vesz\u00e9lyes ter\u00fcleten l\u00e9v\u0151 elektronikus eszk\u00f6z\u00f6k azonnali le\u00e1ll\u00edt\u00e1s\u00e1ra haszn\u00e1lhat\u00f3. A Contrinex biztons\u00e1gi f\u00e9nyf\u00fcgg\u00f6nyei h\u00e1rom v\u00e1ltozatban k\u00e9sz\u00fclnek: Az ujjv\u00e9delmi [&hellip;]\" \/>\n<meta property=\"og:url\" content=\"https:\/\/microsensor.hu\/termekek\/contrinex\/biztonsag\/\" \/>\n<meta property=\"og:site_name\" content=\"Microsensor Kft.\" \/>\n<meta property=\"article:modified_time\" content=\"2022-11-10T08:51:08+00:00\" \/>\n<meta property=\"og:image\" content=\"https:\/\/microsensor.hu\/wp-content\/uploads\/2014\/10\/Biztons\u00e1gi-f\u00e9nyf\u00fcgg\u00f6ny.jpg\" \/>\n\t<meta property=\"og:image:width\" content=\"444\" \/>\n\t<meta property=\"og:image:height\" content=\"90\" \/>\n\t<meta property=\"og:image:type\" content=\"image\/jpeg\" \/>\n<meta name=\"twitter:card\" content=\"summary_large_image\" \/>\n<meta name=\"twitter:label1\" content=\"Becs\u00fclt olvas\u00e1si id\u0151\" \/>\n\t<meta name=\"twitter:data1\" content=\"1 perc\" \/>\n<script type=\"application\/ld+json\" class=\"yoast-schema-graph\">{\"@context\":\"https:\/\/schema.org\",\"@graph\":[{\"@type\":\"WebPage\",\"@id\":\"https:\/\/microsensor.hu\/termekek\/contrinex\/biztonsag\/\",\"url\":\"https:\/\/microsensor.hu\/termekek\/contrinex\/biztonsag\/\",\"name\":\"Biztons\u00e1gi f\u00e9nyf\u00fcgg\u00f6ny\u00f6k - Microsensor Kft.\",\"isPartOf\":{\"@id\":\"https:\/\/microsensor.hu\/#website\"},\"primaryImageOfPage\":{\"@id\":\"https:\/\/microsensor.hu\/termekek\/contrinex\/biztonsag\/#primaryimage\"},\"image\":{\"@id\":\"https:\/\/microsensor.hu\/termekek\/contrinex\/biztonsag\/#primaryimage\"},\"thumbnailUrl\":\"https:\/\/microsensor.hu\/wp-content\/uploads\/2014\/10\/Biztons\u00e1gi-f\u00e9nyf\u00fcgg\u00f6ny.jpg\",\"datePublished\":\"2014-10-17T11:41:24+00:00\",\"dateModified\":\"2022-11-10T08:51:08+00:00\",\"breadcrumb\":{\"@id\":\"https:\/\/microsensor.hu\/termekek\/contrinex\/biztonsag\/#breadcrumb\"},\"inLanguage\":\"hu\",\"potentialAction\":[{\"@type\":\"ReadAction\",\"target\":[\"https:\/\/microsensor.hu\/termekek\/contrinex\/biztonsag\/\"]}]},{\"@type\":\"ImageObject\",\"inLanguage\":\"hu\",\"@id\":\"https:\/\/microsensor.hu\/termekek\/contrinex\/biztonsag\/#primaryimage\",\"url\":\"https:\/\/microsensor.hu\/wp-content\/uploads\/2014\/10\/Biztons\u00e1gi-f\u00e9nyf\u00fcgg\u00f6ny.jpg\",\"contentUrl\":\"https:\/\/microsensor.hu\/wp-content\/uploads\/2014\/10\/Biztons\u00e1gi-f\u00e9nyf\u00fcgg\u00f6ny.jpg\",\"width\":444,\"height\":90},{\"@type\":\"BreadcrumbList\",\"@id\":\"https:\/\/microsensor.hu\/termekek\/contrinex\/biztonsag\/#breadcrumb\",\"itemListElement\":[{\"@type\":\"ListItem\",\"position\":1,\"name\":\"Kezd\u0151lap\",\"item\":\"https:\/\/microsensor.hu\/\"},{\"@type\":\"ListItem\",\"position\":2,\"name\":\"Term\u00e9kek\",\"item\":\"https:\/\/microsensor.hu\/termekek\/\"},{\"@type\":\"ListItem\",\"position\":3,\"name\":\"Contrinex\",\"item\":\"https:\/\/microsensor.hu\/termekek\/contrinex\/\"},{\"@type\":\"ListItem\",\"position\":4,\"name\":\"Biztons\u00e1gi f\u00e9nyf\u00fcgg\u00f6ny\u00f6k\"}]},{\"@type\":\"WebSite\",\"@id\":\"https:\/\/microsensor.hu\/#website\",\"url\":\"https:\/\/microsensor.hu\/\",\"name\":\"Microsensor Kft.\",\"description\":\"\",\"publisher\":{\"@id\":\"https:\/\/microsensor.hu\/#organization\"},\"potentialAction\":[{\"@type\":\"SearchAction\",\"target\":{\"@type\":\"EntryPoint\",\"urlTemplate\":\"https:\/\/microsensor.hu\/?s={search_term_string}\"},\"query-input\":{\"@type\":\"PropertyValueSpecification\",\"valueRequired\":true,\"valueName\":\"search_term_string\"}}],\"inLanguage\":\"hu\"},{\"@type\":\"Organization\",\"@id\":\"https:\/\/microsensor.hu\/#organization\",\"name\":\"Microsensor Kft.\",\"url\":\"https:\/\/microsensor.hu\/\",\"logo\":{\"@type\":\"ImageObject\",\"inLanguage\":\"hu\",\"@id\":\"https:\/\/microsensor.hu\/#\/schema\/logo\/image\/\",\"url\":\"https:\/\/microsensor.hu\/wp-content\/uploads\/2022\/11\/logo1.png\",\"contentUrl\":\"https:\/\/microsensor.hu\/wp-content\/uploads\/2022\/11\/logo1.png\",\"width\":454,\"height\":454,\"caption\":\"Microsensor Kft.\"},\"image\":{\"@id\":\"https:\/\/microsensor.hu\/#\/schema\/logo\/image\/\"}}]}<\/script>\n<!-- \/ Yoast SEO plugin. -->","yoast_head_json":{"title":"Biztons\u00e1gi f\u00e9nyf\u00fcgg\u00f6ny\u00f6k - Microsensor Kft.","robots":{"index":"index","follow":"follow","max-snippet":"max-snippet:-1","max-image-preview":"max-image-preview:large","max-video-preview":"max-video-preview:-1"},"canonical":"https:\/\/microsensor.hu\/termekek\/contrinex\/biztonsag\/","og_locale":"hu_HU","og_type":"article","og_title":"Biztons\u00e1gi f\u00e9nyf\u00fcgg\u00f6ny\u00f6k - Microsensor Kft.","og_description":"A Contrinex biztons\u00e1gi f\u00e9nyf\u00fcgg\u00f6nyei egy ad\u00f3 oszlopb\u00f3l \u00e9s egy vev\u0151 oszlopb\u00f3l \u00e1llnak. A kapcsolatot a k\u00e9t oszlop k\u00f6z\u00f6tt p\u00e1rhuzamos sugarakb\u00f3l \u00e1ll\u00f3 f\u00e9nynyal\u00e1b jelenti. A f\u00e9nyf\u00fcgg\u00f6ny jelet ad, ha ak\u00e1r egyetlen sug\u00e1r is megszakad. A jel a f\u00fcgg\u00f6ny\u00f6n t\u00fali vesz\u00e9lyes ter\u00fcleten l\u00e9v\u0151 elektronikus eszk\u00f6z\u00f6k azonnali le\u00e1ll\u00edt\u00e1s\u00e1ra haszn\u00e1lhat\u00f3. A Contrinex biztons\u00e1gi f\u00e9nyf\u00fcgg\u00f6nyei h\u00e1rom v\u00e1ltozatban k\u00e9sz\u00fclnek: Az ujjv\u00e9delmi [&hellip;]","og_url":"https:\/\/microsensor.hu\/termekek\/contrinex\/biztonsag\/","og_site_name":"Microsensor Kft.","article_modified_time":"2022-11-10T08:51:08+00:00","og_image":[{"width":444,"height":90,"url":"https:\/\/microsensor.hu\/wp-content\/uploads\/2014\/10\/Biztons\u00e1gi-f\u00e9nyf\u00fcgg\u00f6ny.jpg","type":"image\/jpeg"}],"twitter_card":"summary_large_image","twitter_misc":{"Becs\u00fclt olvas\u00e1si id\u0151":"1 perc"},"schema":{"@context":"https:\/\/schema.org","@graph":[{"@type":"WebPage","@id":"https:\/\/microsensor.hu\/termekek\/contrinex\/biztonsag\/","url":"https:\/\/microsensor.hu\/termekek\/contrinex\/biztonsag\/","name":"Biztons\u00e1gi f\u00e9nyf\u00fcgg\u00f6ny\u00f6k - Microsensor Kft.","isPartOf":{"@id":"https:\/\/microsensor.hu\/#website"},"primaryImageOfPage":{"@id":"https:\/\/microsensor.hu\/termekek\/contrinex\/biztonsag\/#primaryimage"},"image":{"@id":"https:\/\/microsensor.hu\/termekek\/contrinex\/biztonsag\/#primaryimage"},"thumbnailUrl":"https:\/\/microsensor.hu\/wp-content\/uploads\/2014\/10\/Biztons\u00e1gi-f\u00e9nyf\u00fcgg\u00f6ny.jpg","datePublished":"2014-10-17T11:41:24+00:00","dateModified":"2022-11-10T08:51:08+00:00","breadcrumb":{"@id":"https:\/\/microsensor.hu\/termekek\/contrinex\/biztonsag\/#breadcrumb"},"inLanguage":"hu","potentialAction":[{"@type":"ReadAction","target":["https:\/\/microsensor.hu\/termekek\/contrinex\/biztonsag\/"]}]},{"@type":"ImageObject","inLanguage":"hu","@id":"https:\/\/microsensor.hu\/termekek\/contrinex\/biztonsag\/#primaryimage","url":"https:\/\/microsensor.hu\/wp-content\/uploads\/2014\/10\/Biztons\u00e1gi-f\u00e9nyf\u00fcgg\u00f6ny.jpg","contentUrl":"https:\/\/microsensor.hu\/wp-content\/uploads\/2014\/10\/Biztons\u00e1gi-f\u00e9nyf\u00fcgg\u00f6ny.jpg","width":444,"height":90},{"@type":"BreadcrumbList","@id":"https:\/\/microsensor.hu\/termekek\/contrinex\/biztonsag\/#breadcrumb","itemListElement":[{"@type":"ListItem","position":1,"name":"Kezd\u0151lap","item":"https:\/\/microsensor.hu\/"},{"@type":"ListItem","position":2,"name":"Term\u00e9kek","item":"https:\/\/microsensor.hu\/termekek\/"},{"@type":"ListItem","position":3,"name":"Contrinex","item":"https:\/\/microsensor.hu\/termekek\/contrinex\/"},{"@type":"ListItem","position":4,"name":"Biztons\u00e1gi f\u00e9nyf\u00fcgg\u00f6ny\u00f6k"}]},{"@type":"WebSite","@id":"https:\/\/microsensor.hu\/#website","url":"https:\/\/microsensor.hu\/","name":"Microsensor Kft.","description":"","publisher":{"@id":"https:\/\/microsensor.hu\/#organization"},"potentialAction":[{"@type":"SearchAction","target":{"@type":"EntryPoint","urlTemplate":"https:\/\/microsensor.hu\/?s={search_term_string}"},"query-input":{"@type":"PropertyValueSpecification","valueRequired":true,"valueName":"search_term_string"}}],"inLanguage":"hu"},{"@type":"Organization","@id":"https:\/\/microsensor.hu\/#organization","name":"Microsensor Kft.","url":"https:\/\/microsensor.hu\/","logo":{"@type":"ImageObject","inLanguage":"hu","@id":"https:\/\/microsensor.hu\/#\/schema\/logo\/image\/","url":"https:\/\/microsensor.hu\/wp-content\/uploads\/2022\/11\/logo1.png","contentUrl":"https:\/\/microsensor.hu\/wp-content\/uploads\/2022\/11\/logo1.png","width":454,"height":454,"caption":"Microsensor Kft."},"image":{"@id":"https:\/\/microsensor.hu\/#\/schema\/logo\/image\/"}}]}},"_links":{"self":[{"href":"https:\/\/microsensor.hu\/wp-json\/wp\/v2\/pages\/88","targetHints":{"allow":["GET"]}}],"collection":[{"href":"https:\/\/microsensor.hu\/wp-json\/wp\/v2\/pages"}],"about":[{"href":"https:\/\/microsensor.hu\/wp-json\/wp\/v2\/types\/page"}],"author":[{"embeddable":true,"href":"https:\/\/microsensor.hu\/wp-json\/wp\/v2\/users\/1"}],"replies":[{"embeddable":true,"href":"https:\/\/microsensor.hu\/wp-json\/wp\/v2\/comments?post=88"}],"version-history":[{"count":9,"href":"https:\/\/microsensor.hu\/wp-json\/wp\/v2\/pages\/88\/revisions"}],"predecessor-version":[{"id":1230,"href":"https:\/\/microsensor.hu\/wp-json\/wp\/v2\/pages\/88\/revisions\/1230"}],"up":[{"embeddable":true,"href":"https:\/\/microsensor.hu\/wp-json\/wp\/v2\/pages\/17"}],"wp:featuredmedia":[{"embeddable":true,"href":"https:\/\/microsensor.hu\/wp-json\/wp\/v2\/media\/89"}],"wp:attachment":[{"href":"https:\/\/microsensor.hu\/wp-json\/wp\/v2\/media?parent=88"}],"curies":[{"name":"wp","href":"https:\/\/api.w.org\/{rel}","templated":true}]}}